{"id":708,"date":"2025-02-28T10:16:46","date_gmt":"2025-02-28T10:16:46","guid":{"rendered":"https:\/\/www.diecastingschina.com\/?page_id=708"},"modified":"2025-02-28T10:18:09","modified_gmt":"2025-02-28T10:18:09","slug":"industrias-de-fundicion-a-presion-atendidas-en-china","status":"publish","type":"page","link":"https:\/\/www.diecastingschina.com\/es_mx\/industrias-de-fundicion-a-presion-atendidas-en-china\/","title":{"rendered":"Mercados e industrias atendidos"},"content":{"rendered":"<p>Die Castings China ofrece un servicio integral para las aplicaciones industriales m\u00e1s exigentes y dif\u00edciles. Servimos a clientes OEM en los Estados Unidos en M\u00e9xico. Nuestros tipos de aplicaciones personalizadas son ilimitadas, sobre todo porque servimos a la Industria Automotriz - que utiliza la mayor cantidad de piezas de fundici\u00f3n a presi\u00f3n de aluminio de cualquier tipo de mercanc\u00eda.<\/p>\n\n\n\n<p>Nuestros principales mercados de aluminio y zinc incluyen las siguientes industrias:<\/p>\n\n\n\n<ul class=\"wp-block-list\">\n<li><a href=\"\/es_mx\/fundicion-a-presion-para-automocion\/\">Automoci\u00f3n<\/a><\/li>\n\n\n\n<li><a href=\"\/es_mx\/fundicion-agricola-a-presion\/\">Agricultura<\/a><\/li>\n\n\n\n<li><a href=\"\/es_mx\/fundicion-a-presion-de-vehiculos-industriales\/\">Veh\u00edculo comercial<\/a><\/li>\n\n\n\n<li><a href=\"\/es_mx\/fundicion-a-presion-de-maquinaria-pesada\/\">Maquinaria pesada<\/a><\/li>\n<\/ul>\n\n\n\n<p>Nuestro esfuerzo constante por mejorar <a href=\"\/es_mx\/servicios-de-fundicion-a-presion-china\/fundicion-de-aluminio-a-presion\/\">fundici\u00f3n<\/a> rendimiento y desarrollo son s\u00f3lo algunos ejemplos de c\u00f3mo nuestros <a href=\"\/es_mx\/equipo-de-ingenieria-de-fundicion-a-presion\/\">ingenier\u00eda<\/a> y experiencia en producci\u00f3n crean un importante valor a\u00f1adido para todos los clientes a los que servimos. Para nuestros clientes de automoci\u00f3n, aportamos una gran experiencia en la fabricaci\u00f3n de piezas de fundici\u00f3n a presi\u00f3n de precisi\u00f3n utilizadas en <a href=\"\/es_mx\/arandelas-de-empuje-de-aluminio-fundido-a-presion\/\">aplicaciones de la cadena cinem\u00e1tica<\/a>. En estas industrias OEM, el suministro de grandes vol\u00famenes es fundamental para mantener las exigencias de estos proyectos.<\/p>\n\n\n\n<p>Entre los clientes OEM a los que hemos servido en todo el mundo se incluyen:<\/p>\n\n\n\n<figure class=\"wp-block-image aligncenter size-full\"><img fetchpriority=\"high\" decoding=\"async\" width=\"875\" height=\"381\" src=\"https:\/\/www.diecastingschina.com\/wp-content\/uploads\/2025\/02\/ningbo-xusheng-machinery-customers.jpg\" alt=\"\" class=\"wp-image-711\" title=\"Clientes de Ningbo Xusheng Machinery\" srcset=\"https:\/\/www.diecastingschina.com\/wp-content\/uploads\/2025\/02\/ningbo-xusheng-machinery-customers.jpg 875w, https:\/\/www.diecastingschina.com\/wp-content\/uploads\/2025\/02\/ningbo-xusheng-machinery-customers-300x131.jpg 300w, https:\/\/www.diecastingschina.com\/wp-content\/uploads\/2025\/02\/ningbo-xusheng-machinery-customers-768x334.jpg 768w\" sizes=\"(max-width: 875px) 100vw, 875px\" \/><\/figure>\n\n\n\n<h3 class=\"wp-block-heading\">Sea cual sea el mercado que represente, <a href=\"\/es_mx\/contact-die-castings-china\/\">p\u00f3ngase en contacto con nosotros hoy mismo para descubrir c\u00f3mo puede beneficiarse<\/a>.<\/h3>\n\n\n\n<figure class=\"wp-block-image aligncenter size-full\"><a href=\"\/es_mx\/contact-die-castings-china\/\"><img decoding=\"async\" width=\"940\" height=\"80\" src=\"https:\/\/www.diecastingschina.com\/wp-content\/uploads\/2025\/02\/satisfaction.jpg\" alt=\"\" class=\"wp-image-652\" title=\"Solicite un presupuesto y empiece hoy mismo\" srcset=\"https:\/\/www.diecastingschina.com\/wp-content\/uploads\/2025\/02\/satisfaction.jpg 940w, https:\/\/www.diecastingschina.com\/wp-content\/uploads\/2025\/02\/satisfaction-300x26.jpg 300w, https:\/\/www.diecastingschina.com\/wp-content\/uploads\/2025\/02\/satisfaction-768x65.jpg 768w\" sizes=\"(max-width: 940px) 100vw, 940px\" \/><\/a><\/figure>","protected":false},"excerpt":{"rendered":"<p>Die Castings China provides an all-in-one service for the most demanding and difficult industry applications. We serve OEM customers in the United States in Mexico. Our custom application types are limitless, especially since we service the Automotive Industry \u2013 which uses the most aluminum die cast parts of any commodity type. Our main aluminum and [&hellip;]<\/p>\n","protected":false},"author":3,"featured_media":0,"parent":0,"menu_order":0,"comment_status":"closed","ping_status":"closed","template":"","meta":{"footnotes":""},"class_list":["post-708","page","type-page","status-publish","hentry"],"_links":{"self":[{"href":"https:\/\/www.diecastingschina.com\/es_mx\/wp-json\/wp\/v2\/pages\/708","targetHints":{"allow":["GET"]}}],"collection":[{"href":"https:\/\/www.diecastingschina.com\/es_mx\/wp-json\/wp\/v2\/pages"}],"about":[{"href":"https:\/\/www.diecastingschina.com\/es_mx\/wp-json\/wp\/v2\/types\/page"}],"author":[{"embeddable":true,"href":"https:\/\/www.diecastingschina.com\/es_mx\/wp-json\/wp\/v2\/users\/3"}],"replies":[{"embeddable":true,"href":"https:\/\/www.diecastingschina.com\/es_mx\/wp-json\/wp\/v2\/comments?post=708"}],"version-history":[{"count":0,"href":"https:\/\/www.diecastingschina.com\/es_mx\/wp-json\/wp\/v2\/pages\/708\/revisions"}],"wp:attachment":[{"href":"https:\/\/www.diecastingschina.com\/es_mx\/wp-json\/wp\/v2\/media?parent=708"}],"curies":[{"name":"wp","href":"https:\/\/api.w.org\/{rel}","templated":true}]}}