{"id":692,"date":"2025-02-28T10:06:21","date_gmt":"2025-02-28T10:06:21","guid":{"rendered":"https:\/\/www.diecastingschina.com\/?page_id=692"},"modified":"2025-02-28T10:06:52","modified_gmt":"2025-02-28T10:06:52","slug":"tratamiento-termico-del-aluminio","status":"publish","type":"page","link":"https:\/\/www.diecastingschina.com\/es_mx\/mecanizado-de-fundicion-a-presion-en-china\/tratamiento-termico-del-aluminio\/","title":{"rendered":"Tratamiento t\u00e9rmico"},"content":{"rendered":"<p>El tratamiento t\u00e9rmico se utiliza como <a href=\"\/es_mx\/mecanizado-de-fundicion-a-presion-en-china\/\">proceso secundario de fundici\u00f3n a presi\u00f3n<\/a>despu\u00e9s de la fase inicial de fundici\u00f3n. Este proceso se utiliza para mejorar las propiedades mec\u00e1nicas y f\u00edsicas de un <a href=\"\/es_mx\/servicios-de-fundicion-a-presion-china\/fundicion-de-aluminio-a-presion\/\">fundici\u00f3n de aluminio a presi\u00f3n<\/a>. Este proceso consiste en el calentamiento y enfriamiento de una pieza fundida a presi\u00f3n, que no cambia ni afecta a su forma. De este modo se mejora en gran medida la resistencia, la dureza y la conductividad el\u00e9ctrica de la pieza de fundici\u00f3n a presi\u00f3n. Adem\u00e1s, el tratamiento t\u00e9rmico tambi\u00e9n mejora el mecanizado de acabado de una pieza de fundici\u00f3n de aluminio.<\/p>\n\n\n\n<p>El proceso de tratamiento t\u00e9rmico del aluminio consta de varias fases:<\/p>\n\n\n\n<p><em>Precalentamiento \/ Homogeneizaci\u00f3n<\/em> - Es la primera operaci\u00f3n t\u00e9rmica que se aplica a los lingotes de aluminio antes de trabajarlos en caliente. El objetivo principal del precalentamiento es mejorar considerablemente la trabajabilidad. La homogeneizaci\u00f3n permite reducir o eliminar la segregaci\u00f3n qu\u00edmica y las estructuras dendr\u00edticas dentro de una pieza de fundici\u00f3n inyectada.<\/p>\n\n\n\n<p><em>Recocido<\/em> - Esta operaci\u00f3n de tratamiento t\u00e9rmico eliminar\u00e1 tensiones o ablandar\u00e1 el material para mejorar la respuesta al mecanizado, cambiar\u00e1 las propiedades f\u00edsicas o mec\u00e1nicas y puede producir una estructura definida.<\/p>\n\n\n\n<p><em>Endurecimiento \/ Temple<\/em> - El endurecimiento mediante temple en agua, temple en aceite, temple con aire forzado o temple con aire estancado mejorar\u00e1 las propiedades mec\u00e1nicas, la tenacidad y la dureza de la estructura de la aleaci\u00f3n de aluminio.<\/p>\n\n\n\n<p>En conclusi\u00f3n, nuestra combinaci\u00f3n de equipos y personal de tratamiento t\u00e9rmico de primera clase proporciona servicios eficaces de tratamiento t\u00e9rmico. Die Castings China tiene la capacidad de proporcionar muchos tipos diferentes de opciones de tratamiento para nuestros clientes.<\/p>\n\n\n\n<figure class=\"wp-block-image aligncenter size-full\"><a href=\"\/es_mx\/contact-die-castings-china\/\"><img fetchpriority=\"high\" decoding=\"async\" width=\"940\" height=\"80\" src=\"https:\/\/www.diecastingschina.com\/wp-content\/uploads\/2025\/02\/satisfaction.jpg\" alt=\"\" class=\"wp-image-652\" title=\"Solicite un presupuesto y empiece hoy mismo\" srcset=\"https:\/\/www.diecastingschina.com\/wp-content\/uploads\/2025\/02\/satisfaction.jpg 940w, https:\/\/www.diecastingschina.com\/wp-content\/uploads\/2025\/02\/satisfaction-300x26.jpg 300w, https:\/\/www.diecastingschina.com\/wp-content\/uploads\/2025\/02\/satisfaction-768x65.jpg 768w\" sizes=\"(max-width: 940px) 100vw, 940px\" \/><\/a><\/figure>","protected":false},"excerpt":{"rendered":"<p>Heat treating is used as a secondary die casting process, after the initial casting phase. This process is used to improve the mechanical and physical properties of an aluminum die casting. This process consists of the heating and cooling of a die casting, which does not change or affect the shape of a casting. This [&hellip;]<\/p>\n","protected":false},"author":3,"featured_media":0,"parent":679,"menu_order":0,"comment_status":"closed","ping_status":"closed","template":"","meta":{"footnotes":""},"class_list":["post-692","page","type-page","status-publish","hentry"],"_links":{"self":[{"href":"https:\/\/www.diecastingschina.com\/es_mx\/wp-json\/wp\/v2\/pages\/692","targetHints":{"allow":["GET"]}}],"collection":[{"href":"https:\/\/www.diecastingschina.com\/es_mx\/wp-json\/wp\/v2\/pages"}],"about":[{"href":"https:\/\/www.diecastingschina.com\/es_mx\/wp-json\/wp\/v2\/types\/page"}],"author":[{"embeddable":true,"href":"https:\/\/www.diecastingschina.com\/es_mx\/wp-json\/wp\/v2\/users\/3"}],"replies":[{"embeddable":true,"href":"https:\/\/www.diecastingschina.com\/es_mx\/wp-json\/wp\/v2\/comments?post=692"}],"version-history":[{"count":0,"href":"https:\/\/www.diecastingschina.com\/es_mx\/wp-json\/wp\/v2\/pages\/692\/revisions"}],"up":[{"embeddable":true,"href":"https:\/\/www.diecastingschina.com\/es_mx\/wp-json\/wp\/v2\/pages\/679"}],"wp:attachment":[{"href":"https:\/\/www.diecastingschina.com\/es_mx\/wp-json\/wp\/v2\/media?parent=692"}],"curies":[{"name":"wp","href":"https:\/\/api.w.org\/{rel}","templated":true}]}}