{"id":673,"date":"2025-02-28T09:55:35","date_gmt":"2025-02-28T09:55:35","guid":{"rendered":"https:\/\/www.diecastingschina.com\/?page_id=673"},"modified":"2025-10-10T05:08:59","modified_gmt":"2025-10-10T05:08:59","slug":"fundicion-de-moldes-fabricacion-de-moldes-china","status":"publish","type":"page","link":"https:\/\/www.diecastingschina.com\/es_mx\/fundicion-de-moldes-fabricacion-de-moldes-china\/","title":{"rendered":"Servicios internos de fabricaci\u00f3n de moldes de fundici\u00f3n a presi\u00f3n"},"content":{"rendered":"<p><a href=\"https:\/\/www.diecastingschina.com\/es_mx\">Fundici\u00f3n a presi\u00f3n China<\/a> utiliza un proceso de dise\u00f1o de utillaje de fundici\u00f3n a presi\u00f3n de primera l\u00ednea para crear nuestros moldes a partir de varios tipos de materiales. Dependiendo de las especificaciones del proyecto de fundici\u00f3n a presi\u00f3n, utilizamos principalmente acero DIEVAR sueco para la construcci\u00f3n de herramientas. DIEVAR es conocido como un acero para herramientas de alto rendimiento, aleado con cromo-molibdeno-vanadio, para trabajo en caliente. Adem\u00e1s, DIEVAR se fabrica con los m\u00e9todos de producci\u00f3n y refinado m\u00e1s avanzados. La qu\u00edmica especializada y la fuerza de fabricaci\u00f3n de DIEVAR ofrecen una resistencia casi inigualable a la corrosi\u00f3n por calor, al agrietamiento bruto, al desgaste en caliente y a la deformaci\u00f3n.<\/p>\n\n\n\n<h2 class=\"wp-block-heading\">C\u00f3mo se utilizan los moldes, las herramientas y los insertos para fundir piezas<\/h2>\n\n\n\n<p>El metal fundido se introduce a alta presi\u00f3n en un DIEVAR especialmente dise\u00f1ado para este fin. <a href=\"https:\/\/aludiecasting.com\/company\/\" target=\"_blank\" rel=\"noopener\">molde de fundici\u00f3n a presi\u00f3n<\/a> para crear la forma de la pieza. Este proceso vers\u00e1til permite fabricar una gran cantidad de piezas de tama\u00f1o peque\u00f1o a grande. Estas pesadas matrices de acero DIEVAR pueden recibir miles de disparos de inyecci\u00f3n de metal para fabricar id\u00e9nticas <a href=\"\/es_mx\/servicios-de-fundicion-a-presion-china\/fundicion-de-aluminio-a-presion\/\">Fundici\u00f3n de aluminio<\/a> y <a href=\"\/es_mx\/servicios-de-fundicion-a-presion-china\/zinc-die-casting-china\/\">Fundici\u00f3n de cinc<\/a>.<\/p>\n\n\n\n<figure class=\"wp-block-embed is-type-video is-provider-youtube wp-block-embed-youtube wp-embed-aspect-16-9 wp-has-aspect-ratio\"><div class=\"wp-block-embed__wrapper\">\n<iframe title=\"Dise\u00f1o de herramientas de fundici\u00f3n a presi\u00f3n y proceso de fabricaci\u00f3n de moldes de acero\" width=\"800\" height=\"450\" src=\"https:\/\/www.youtube.com\/embed\/M2oZKMlXlCU?feature=oembed\" frameborder=\"0\" allow=\"accelerometer; autoplay; clipboard-write; encrypted-media; gyroscope; picture-in-picture; web-share\" referrerpolicy=\"strict-origin-when-cross-origin\" allowfullscreen><\/iframe>\n<\/div><\/figure>\n\n\n\n<p>En <a href=\"https:\/\/www.diecastingschina.com\/es_mx\">DieCastingsChina<\/a> taller de fabricaci\u00f3n de herramientas y moldes, cuenta con modernas capacidades de fundici\u00f3n a presi\u00f3n para desarrollar r\u00e1pidamente nuevos productos para un mercado en evoluci\u00f3n. Equipados con m\u00e1s de 30 juegos de m\u00e1quinas profesionales de procesamiento de moldes, podemos desarrollar todos los moldes de fundici\u00f3n a presi\u00f3n utilizados para m\u00e1quinas de fundici\u00f3n a presi\u00f3n de 160T - 2.500T.<\/p>\n\n\n\n<figure class=\"wp-block-image size-full\"><img fetchpriority=\"high\" decoding=\"async\" width=\"980\" height=\"135\" src=\"https:\/\/www.diecastingschina.com\/wp-content\/uploads\/2025\/02\/tooling-mold-making-machines.jpg\" alt=\"\" class=\"wp-image-676\" title=\"M\u00e1quinas de fabricaci\u00f3n de herramientas y moldes\" srcset=\"https:\/\/www.diecastingschina.com\/wp-content\/uploads\/2025\/02\/tooling-mold-making-machines.jpg 980w, https:\/\/www.diecastingschina.com\/wp-content\/uploads\/2025\/02\/tooling-mold-making-machines-300x41.jpg 300w, https:\/\/www.diecastingschina.com\/wp-content\/uploads\/2025\/02\/tooling-mold-making-machines-768x106.jpg 768w\" sizes=\"(max-width: 980px) 100vw, 980px\" \/><\/figure>\n\n\n\n<h2 class=\"wp-block-heading\">Dise\u00f1o, producci\u00f3n y mantenimiento<\/h2>\n\n\n\n<p>En Die Castings China, contamos con una divisi\u00f3n independiente de la empresa que se dedica por completo al dise\u00f1o de herramientas y moldes. Nuestro <a href=\"\/es_mx\/equipo-de-ingenieria-de-fundicion-a-presion\/\">equipo de ingenieros<\/a> utilizan modelos informatizados para simular el llenado, el enfriamiento y la contracci\u00f3n prevista de componentes muy complejos. Esta t\u00e9cnica permite evaluar y perfeccionar el dise\u00f1o del utillaje antes de iniciar su construcci\u00f3n, y garantiza que el utillaje producir\u00e1 la mejor pieza posible con una eficiencia de producci\u00f3n \u00f3ptima. Nuestro equipo interno de fabricaci\u00f3n de moldes tambi\u00e9n puede ayudarle a formular un <a href=\"\/es_mx\/control-de-calidad-fundicion-a-presion\/\">programa completo de pruebas para garantizar la integridad final de sus piezas<\/a>.<\/p>\n\n\n\n<p>Nuestros experimentados ingenieros proporcionan mantenimiento perpetuo de herramientas y moldes durante toda la vida \u00fatil de los proyectos de nuestros clientes. Esto permite un dr\u00e1stico ahorro de costes que repercute en nuestros clientes de todo Estados Unidos y M\u00e9xico. El herramental requiere una gran inversi\u00f3n financiera - nosotros mantenemos estas herramientas y moldes en condiciones pr\u00edstinas.<\/p>\n\n\n\n<figure class=\"wp-block-embed is-type-video is-provider-youtube wp-block-embed-youtube wp-embed-aspect-4-3 wp-has-aspect-ratio\"><div class=\"wp-block-embed__wrapper\">\n<iframe title=\"Simulaci\u00f3n de fundici\u00f3n a presi\u00f3n - flujo de material met\u00e1lico fundido en un molde de fundici\u00f3n a presi\u00f3n\" width=\"800\" height=\"600\" src=\"https:\/\/www.youtube.com\/embed\/v1gSbk4bcns?feature=oembed\" frameborder=\"0\" allow=\"accelerometer; autoplay; clipboard-write; encrypted-media; gyroscope; picture-in-picture; web-share\" referrerpolicy=\"strict-origin-when-cross-origin\" allowfullscreen><\/iframe>\n<\/div><\/figure>\n\n\n\n<p><strong>Lista de m\u00e1quinas de descarga el\u00e9ctrica<\/strong><\/p>\n\n\n\n<ul class=\"wp-block-list\">\n<li>(1) Hanspark HE100<\/li>\n\n\n\n<li>(2) Hanspark HE70<\/li>\n\n\n\n<li>(1) Maxsee CNC54<\/li>\n\n\n\n<li>(1) Beilun Electric DB7155<\/li>\n\n\n\n<li>(1) Changzhou DB7130<\/li>\n<\/ul>\n\n\n\n<p><strong>Lista de m\u00e1quinas de montaje de moldes<br><\/strong><\/p>\n\n\n\n<ul class=\"wp-block-list\">\n<li>(1) Ningbo Shunxing SX100JM<\/li>\n<\/ul>\n\n\n\n<p><strong>Lista de m\u00e1quinas de corte lineal<br><\/strong><\/p>\n\n\n\n<ul class=\"wp-block-list\">\n<li>(1) Accutex AE-5<\/li>\n\n\n\n<li>(3) Adspark AR2000<\/li>\n\n\n\n<li>(1) Adspark AR3100<\/li>\n\n\n\n<li>(2) Cnskjc DK7740A<\/li>\n<\/ul>\n\n\n\n<figure class=\"wp-block-image aligncenter size-full\"><a href=\"\/es_mx\/contact-die-castings-china\/\"><img decoding=\"async\" width=\"940\" height=\"80\" src=\"https:\/\/www.diecastingschina.com\/wp-content\/uploads\/2025\/02\/satisfaction.jpg\" alt=\"\" class=\"wp-image-652\" title=\"Solicite un presupuesto y empiece hoy mismo\" srcset=\"https:\/\/www.diecastingschina.com\/wp-content\/uploads\/2025\/02\/satisfaction.jpg 940w, https:\/\/www.diecastingschina.com\/wp-content\/uploads\/2025\/02\/satisfaction-300x26.jpg 300w, https:\/\/www.diecastingschina.com\/wp-content\/uploads\/2025\/02\/satisfaction-768x65.jpg 768w\" sizes=\"(max-width: 940px) 100vw, 940px\" \/><\/a><\/figure>","protected":false},"excerpt":{"rendered":"<p>Die Castings China uses a top-of-the-line die cast tooling design process for creating our molds from several material types. Depending upon the die cast project specifications, we mainly use Swedish DIEVAR Steel for tool construction. DIEVAR is known as a high performance, chromium-molybdenum-vanadium alloyed, hot work tool steel. Also, DIEVAR is produced with the very [&hellip;]<\/p>\n","protected":false},"author":3,"featured_media":0,"parent":0,"menu_order":0,"comment_status":"closed","ping_status":"closed","template":"","meta":{"footnotes":""},"class_list":["post-673","page","type-page","status-publish","hentry"],"_links":{"self":[{"href":"https:\/\/www.diecastingschina.com\/es_mx\/wp-json\/wp\/v2\/pages\/673","targetHints":{"allow":["GET"]}}],"collection":[{"href":"https:\/\/www.diecastingschina.com\/es_mx\/wp-json\/wp\/v2\/pages"}],"about":[{"href":"https:\/\/www.diecastingschina.com\/es_mx\/wp-json\/wp\/v2\/types\/page"}],"author":[{"embeddable":true,"href":"https:\/\/www.diecastingschina.com\/es_mx\/wp-json\/wp\/v2\/users\/3"}],"replies":[{"embeddable":true,"href":"https:\/\/www.diecastingschina.com\/es_mx\/wp-json\/wp\/v2\/comments?post=673"}],"version-history":[{"count":0,"href":"https:\/\/www.diecastingschina.com\/es_mx\/wp-json\/wp\/v2\/pages\/673\/revisions"}],"wp:attachment":[{"href":"https:\/\/www.diecastingschina.com\/es_mx\/wp-json\/wp\/v2\/media?parent=673"}],"curies":[{"name":"wp","href":"https:\/\/api.w.org\/{rel}","templated":true}]}}