{"id":732,"date":"2025-02-28T10:32:16","date_gmt":"2025-02-28T10:32:16","guid":{"rendered":"https:\/\/www.diecastingschina.com\/?page_id=732"},"modified":"2026-02-20T16:00:05","modified_gmt":"2026-02-20T16:00:05","slug":"certificaciones-sectoriales","status":"publish","type":"page","link":"https:\/\/www.diecastingschina.com\/es\/certificaciones-sectoriales\/","title":{"rendered":"Certificaciones y afiliaciones"},"content":{"rendered":"<p>Somos <strong>Empresa de fundici\u00f3n a presi\u00f3n con certificaci\u00f3n IATF 16949<\/strong> en China, que ofrece productos de alta calidad de fundici\u00f3n a presi\u00f3n de aluminio, zinc y magnesio. estamos dispuestos a documento NDA firmado antes de que nos env\u00ede los datos.<\/p>\n\n\n\n<p>Los sistemas de gesti\u00f3n de la calidad IATF 16949:2016, ISO 14001 e ISO 9001 se aplican estrictamente a los fabricantes de componentes de fundici\u00f3n a presi\u00f3n para automoci\u00f3n.<\/p>\n\n\n\n<p>Las capacidades de control de calidad de Die Castings China incluyen <a href=\"\/es\/equipo-de-ingenieria-de-fundicion-a-presion\/\">sistemas de inspecci\u00f3n de \u00faltima generaci\u00f3n<\/a>. Esto permite a nuestros t\u00e9cnicos de fundici\u00f3n a presi\u00f3n la capacidad de mirar profundamente en las piezas fundidas a presi\u00f3n y analizar la profundidad del flujo de metal a trav\u00e9s de la matriz y otros par\u00e1metros de prueba cr\u00edticos en la producci\u00f3n de <a href=\"\/es\/servicios-de-fundicion-a-presion-china\/zinc-die-casting-china\/\">zinc de alta calidad<\/a> y <a href=\"\/es\/servicios-de-fundicion-a-presion-china\/fundicion-de-aluminio-a-presion\/\">fundici\u00f3n de aluminio<\/a>.<\/p>\n\n\n\n<p>Nuestra fundici\u00f3n a presi\u00f3n completa,&nbsp; <a href=\"\/es\/mecanizado-de-fundicion-a-presion-en-china\/\">mecanizado<\/a>ingenier\u00eda y <a href=\"\/es\/ningbo-xusheng-machinery-die-casting-china\/garantia-al-cliente\/\">El personal ejecutivo est\u00e1 comprometido con la producci\u00f3n de piezas de fundici\u00f3n a presi\u00f3n de aluminio y zinc de la m\u00e1s alta calidad disponible en la actualidad.<\/a>.<\/p>\n\n\n\n<p><strong>La producci\u00f3n de grandes vol\u00famenes requiere <a href=\"\/es\/control-de-calidad-fundicion-a-presion\/\">control de calidad<\/a> a lo largo de todas las fases de un proyecto.<\/strong><\/p>\n\n\n\n<p>Mantener esta filosof\u00eda de proyecto, <a href=\"https:\/\/www.diecastingschina.com\/es\" data-type=\"link\" data-id=\"https:\/\/www.diecastingschina.com\/\">Fundici\u00f3n a presi\u00f3n China<\/a>&nbsp; mantiene e invierte peri\u00f3dicamente en los \u00faltimos recursos de evaluaci\u00f3n. Al poner estos equipos en manos de nuestros profesionales de garant\u00eda de calidad, hemos podido recibir certificaciones de homologaci\u00f3n y afiliaciones del m\u00e1s alto nivel.<\/p>\n\n\n\n<p>Si busca <strong>Fabricante de fundici\u00f3n de aluminio a alta presi\u00f3n con certificaci\u00f3n IATF16949<\/strong>Si lo desea, puede ponerse en contacto con nosotros y le haremos un presupuesto en 24 horas.<\/p>\n\n\n\n<figure class=\"wp-block-image size-large\"><img fetchpriority=\"high\" decoding=\"async\" width=\"717\" height=\"1024\" src=\"https:\/\/www.diecastingschina.com\/wp-content\/uploads\/2025\/06\/IATF16949-82132-717x1024.jpg\" alt=\"IATF16949-82132\" class=\"wp-image-1707\" srcset=\"https:\/\/www.diecastingschina.com\/wp-content\/uploads\/2025\/06\/IATF16949-82132-717x1024.jpg 717w, https:\/\/www.diecastingschina.com\/wp-content\/uploads\/2025\/06\/IATF16949-82132-210x300.jpg 210w, https:\/\/www.diecastingschina.com\/wp-content\/uploads\/2025\/06\/IATF16949-82132-768x1097.jpg 768w, https:\/\/www.diecastingschina.com\/wp-content\/uploads\/2025\/06\/IATF16949-82132-1075x1536.jpg 1075w, https:\/\/www.diecastingschina.com\/wp-content\/uploads\/2025\/06\/IATF16949-82132-8x12.jpg 8w, https:\/\/www.diecastingschina.com\/wp-content\/uploads\/2025\/06\/IATF16949-82132.jpg 1200w\" sizes=\"(max-width: 717px) 100vw, 717px\" \/><figcaption class=\"wp-element-caption\">IATF16949:2016-82132<\/figcaption><\/figure>\n\n\n\n<p><\/p>","protected":false},"excerpt":{"rendered":"<p>We are IATF 16949 certified die casting company in China, offering high quality die casting products from aluminum, zinc, and magnesium. we are willing to signed NDA document before you send us the data. The IATF 16949:2016, ISO 14001 and ISO 9001 quality management systems are strictly enforced to a die casting manufacturer who manufacutres [&hellip;]<\/p>\n","protected":false},"author":3,"featured_media":0,"parent":0,"menu_order":0,"comment_status":"closed","ping_status":"closed","template":"","meta":{"footnotes":""},"class_list":["post-732","page","type-page","status-publish","hentry"],"_links":{"self":[{"href":"https:\/\/www.diecastingschina.com\/es\/wp-json\/wp\/v2\/pages\/732","targetHints":{"allow":["GET"]}}],"collection":[{"href":"https:\/\/www.diecastingschina.com\/es\/wp-json\/wp\/v2\/pages"}],"about":[{"href":"https:\/\/www.diecastingschina.com\/es\/wp-json\/wp\/v2\/types\/page"}],"author":[{"embeddable":true,"href":"https:\/\/www.diecastingschina.com\/es\/wp-json\/wp\/v2\/users\/3"}],"replies":[{"embeddable":true,"href":"https:\/\/www.diecastingschina.com\/es\/wp-json\/wp\/v2\/comments?post=732"}],"version-history":[{"count":0,"href":"https:\/\/www.diecastingschina.com\/es\/wp-json\/wp\/v2\/pages\/732\/revisions"}],"wp:attachment":[{"href":"https:\/\/www.diecastingschina.com\/es\/wp-json\/wp\/v2\/media?parent=732"}],"curies":[{"name":"wp","href":"https:\/\/api.w.org\/{rel}","templated":true}]}}