{"id":718,"date":"2025-02-28T10:22:29","date_gmt":"2025-02-28T10:22:29","guid":{"rendered":"https:\/\/www.diecastingschina.com\/?page_id=718"},"modified":"2025-02-28T10:23:37","modified_gmt":"2025-02-28T10:23:37","slug":"declaracion-de-objetivos-ningbo-xusheng-machinery","status":"publish","type":"page","link":"https:\/\/www.diecastingschina.com\/es\/cnm-tech-die-casting-china\/declaracion-de-objetivos-ningbo-xusheng-machinery\/","title":{"rendered":"Misi\u00f3n"},"content":{"rendered":"<p>\"Para hacer frente a los r\u00e1pidos cambios en la situaci\u00f3n del mercado y a la feroz competencia horizontal, la gente de Die Castings China lleva adelante el esp\u00edritu de trabajo duro y de lucha indomable, orientado a las personas, la gesti\u00f3n de la integridad, el fortalecimiento de la gesti\u00f3n interna, y la mejora constante de la I + D y la capacidad de fabricaci\u00f3n.<a href=\"\/es\/control-de-calidad-fundicion-a-presion\/\"> mejorar constantemente el nivel de gesti\u00f3n de la calidad<\/a>La empresa se esfuerza por mejorar constantemente la capacidad de desarrollo empresarial, mejorar el uso eficaz de los recursos, insistir en la v\u00eda del desarrollo sostenible para crear una econom\u00eda de reciclaje. En la actualidad, <a href=\"\/es\/ningbo-xusheng-machinery-die-casting-china\/\">Fundici\u00f3n a presi\u00f3n EE.UU.<\/a> ha sido una de las empresas de mayor crecimiento en el campo de la <a href=\"\/es\/servicios-de-fundicion-a-presion-china\/\">industria de fundici\u00f3n a presi\u00f3n en China<\/a>.<\/p>\n\n\n\n<p>\u00a1Mirando hacia atr\u00e1s en el proceso de desarrollo de los \u00faltimos a\u00f1os, siempre tenemos en cuenta el enorme apoyo y ayuda de todos los niveles de los gobiernos, la gente de todos los c\u00edrculos y nuestros clientes y socios en compartir el viento y la tormenta, sin el apoyo y la ayuda de todos ellos, Die Castings EE.UU. no tendr\u00eda los resultados de hoy, aqu\u00ed, me gustar\u00eda expresar mi m\u00e1s sincero agradecimiento y saludos sinceros en nombre de todos los empleados de nosotros por el apoyo y la ayuda de todos nuestros viejos y nuevos amigos!<\/p>\n\n\n\n<p>Mirando hacia el futuro, todos los empleados de Die Castings China con el esp\u00edritu empresarial de \"responsabilidad, innovaci\u00f3n, confianza en s\u00ed mismo\", estamos dispuestos a desarrollar sinceramente cooperar con todos los c\u00edrculos nacionales e internacionales, para hacer nuestra propia contribuci\u00f3n al desarrollo de la empresa, el aumento de las industrias nacionales y la construcci\u00f3n armoniosa de la Sociedad, y para crear un ma\u00f1ana mejor!\"<br><em>Vicepresidente<\/em><\/p>\n\n\n\n<figure class=\"wp-block-image aligncenter size-full\"><a href=\"\/es\/contact-die-castings-china\/\"><img fetchpriority=\"high\" decoding=\"async\" width=\"940\" height=\"80\" src=\"https:\/\/www.diecastingschina.com\/wp-content\/uploads\/2025\/02\/satisfaction.jpg\" alt=\"\" class=\"wp-image-652\" title=\"Solicite un presupuesto y empiece hoy mismo\" srcset=\"https:\/\/www.diecastingschina.com\/wp-content\/uploads\/2025\/02\/satisfaction.jpg 940w, https:\/\/www.diecastingschina.com\/wp-content\/uploads\/2025\/02\/satisfaction-300x26.jpg 300w, https:\/\/www.diecastingschina.com\/wp-content\/uploads\/2025\/02\/satisfaction-768x65.jpg 768w\" sizes=\"(max-width: 940px) 100vw, 940px\" \/><\/a><\/figure>","protected":false},"excerpt":{"rendered":"<p>\u201cTo face the rapid changeable marketing situation and the horizontal fierce competition, we Die Castings China people carry forward the hard working and indomitable fighting spirit, people-oriented, integrity management, strengthen internal management, and improve R &amp; D and manufacturing capabilities constantly and improve the level of quality management constantly, and improve the ability for business [&hellip;]<\/p>\n","protected":false},"author":3,"featured_media":0,"parent":714,"menu_order":0,"comment_status":"closed","ping_status":"closed","template":"","meta":{"footnotes":""},"class_list":["post-718","page","type-page","status-publish","hentry"],"_links":{"self":[{"href":"https:\/\/www.diecastingschina.com\/es\/wp-json\/wp\/v2\/pages\/718","targetHints":{"allow":["GET"]}}],"collection":[{"href":"https:\/\/www.diecastingschina.com\/es\/wp-json\/wp\/v2\/pages"}],"about":[{"href":"https:\/\/www.diecastingschina.com\/es\/wp-json\/wp\/v2\/types\/page"}],"author":[{"embeddable":true,"href":"https:\/\/www.diecastingschina.com\/es\/wp-json\/wp\/v2\/users\/3"}],"replies":[{"embeddable":true,"href":"https:\/\/www.diecastingschina.com\/es\/wp-json\/wp\/v2\/comments?post=718"}],"version-history":[{"count":0,"href":"https:\/\/www.diecastingschina.com\/es\/wp-json\/wp\/v2\/pages\/718\/revisions"}],"up":[{"embeddable":true,"href":"https:\/\/www.diecastingschina.com\/es\/wp-json\/wp\/v2\/pages\/714"}],"wp:attachment":[{"href":"https:\/\/www.diecastingschina.com\/es\/wp-json\/wp\/v2\/media?parent=718"}],"curies":[{"name":"wp","href":"https:\/\/api.w.org\/{rel}","templated":true}]}}