{"id":714,"date":"2025-02-28T10:20:03","date_gmt":"2025-02-28T10:20:03","guid":{"rendered":"https:\/\/www.diecastingschina.com\/?page_id=714"},"modified":"2026-04-15T09:04:32","modified_gmt":"2026-04-15T09:04:32","slug":"cnm-tech-die-casting-china","status":"publish","type":"page","link":"https:\/\/www.diecastingschina.com\/es\/cnm-tech-die-casting-china\/","title":{"rendered":"Acerca de nuestra empresa-Die Casting China"},"content":{"rendered":"<p>CNM TECH Co., Ltd (Jiazhan) es un l\u00edder <strong>Empresa china de fundici\u00f3n a presi\u00f3n<\/strong>especializada en <strong>fundici\u00f3n de aluminio a presi\u00f3n<\/strong> y <strong>fundici\u00f3n inyectada de zinc<\/strong> para clientes de todo el mundo. Con m\u00e1s de una d\u00e9cada de experiencia en fabricaci\u00f3n, proporcionamos piezas de fundici\u00f3n a presi\u00f3n fiables y rentables para industrias de todo el mundo. Nuestras instalaciones de fabricaci\u00f3n de piezas de fundici\u00f3n a presi\u00f3n se encuentran en Dongguan, provincia de Guangdong, tambi\u00e9n conocida como la \"<a href=\"https:\/\/www.thediecasting.com\/\" target=\"_blank\" rel=\"noopener\">ciudad de fundici\u00f3n a presi\u00f3n\" de China<\/a>. Esta ubicaci\u00f3n estrat\u00e9gica ofrece excelentes recursos industriales, avanzadas ventajas en la cadena de suministro y un c\u00f3modo acceso de transporte. Al estar cerca de uno de los mayores puertos de contenedores de China y a un corto trayecto en tren de Hong Kong, garantizamos a nuestros clientes internacionales una entrega r\u00e1pida y una log\u00edstica eficiente.<\/p>\n\n\n\n<p>CNM TECH comenz\u00f3 como una peque\u00f1a f\u00e1brica de moldes de fundici\u00f3n a presi\u00f3n y ha crecido hasta convertirse en un servicio completo. <strong>fabricante de fundici\u00f3n a presi\u00f3n<\/strong> a trav\u00e9s de a\u00f1os de mejora e innovaci\u00f3n continuas. En la actualidad, nuestras modernas instalaciones integran dise\u00f1o de moldes, producci\u00f3n de fundici\u00f3n a alta presi\u00f3n, mecanizado de precisi\u00f3n CNC, acabado de superficies y servicios de montaje. Al ofrecer soluciones internas completas, ayudamos a los clientes a reducir costes, acortar los plazos de entrega y conseguir una calidad de producto constante.<\/p>\n\n\n\n<p>Para garantizar la fiabilidad, nuestras operaciones siguen estrictas normas internacionales. Contamos con la certificaci\u00f3n ISO9001 de gesti\u00f3n de calidad, <a href=\"https:\/\/www.diecastingschina.com\/es\/certificaciones-sectoriales\/\">IATF16949 para aplicaciones de automoci\u00f3n<\/a>ISO14001 de gesti\u00f3n medioambiental y OHSAS18001 de salud y seguridad en el trabajo. Estas certificaciones demuestran nuestro compromiso con la producci\u00f3n de piezas de fundici\u00f3n a presi\u00f3n que cumplen las normas mundiales m\u00e1s exigentes.<\/p>\n\n\n\n<p>Nuestras principales capacidades de fabricaci\u00f3n incluyen <strong><a href=\"https:\/\/www.diecastingschina.com\/es\/servicios-de-fundicion-a-presion-china\/fundicion-de-aluminio-a-presion\/\">fundici\u00f3n a presi\u00f3n de aleaci\u00f3n de aluminio<\/a><\/strong>, <strong><a href=\"https:\/\/www.diecastingschina.com\/es\/servicios-de-fundicion-a-presion-china\/zinc-die-casting-china\/\">fundici\u00f3n inyectada de aleaci\u00f3n de cinc<\/a><\/strong>, <a href=\"https:\/\/www.diecastingschina.com\/es\/mecanizado-de-fundicion-a-presion-en-china\/\">mecanizado de precisi\u00f3n y servicios secundarios<\/a>. Cubrimos una amplia gama de piezas de fundici\u00f3n a presi\u00f3n personalizadas, como carcasas, soportes, disipadores t\u00e9rmicos, conectores y componentes de precisi\u00f3n. Prestamos servicio a diversas industrias, como la automoci\u00f3n, la agricultura, la electr\u00f3nica, los equipos industriales, los dispositivos m\u00e9dicos, la defensa y la maquinaria todoterreno. Con equipos de producci\u00f3n avanzados, ingenieros cualificados y un equipo profesional de gesti\u00f3n de proyectos, podemos gestionar tanto prototipos de bajo volumen como producciones de gran volumen con la misma eficacia.<\/p>\n\n\n\n<p>En CNM TECH <strong><a href=\"https:\/\/www.diecastingschina.com\/es\">Fundici\u00f3n a presi\u00f3n en China<\/a><\/strong> la satisfacci\u00f3n del cliente es siempre nuestra m\u00e1xima prioridad. Desde la fase inicial de dise\u00f1o y fabricaci\u00f3n de moldes hasta la entrega final del producto, nuestro equipo ofrece una completa gesti\u00f3n de proyectos y apoyo a la cadena de suministro. No s\u00f3lo garantizamos una fabricaci\u00f3n de alta calidad, sino que tambi\u00e9n ofrecemos precios competitivos y env\u00edos puntuales. Nuestra experiencia en el trabajo con los mercados norteamericano y europeo nos convierte en un socio de confianza para las empresas que buscan abastecerse de <strong>piezas de fundici\u00f3n a presi\u00f3n de China<\/strong>.<\/p>\n\n\n\n<p>Si busca un <strong>empresa de fundici\u00f3n a presi\u00f3n en China<\/strong>CNM TECH Co. es su mejor opci\u00f3n. Combinamos experiencia t\u00e9cnica, estricto control de calidad y servicio centrado en el cliente para ofrecer productos de clase mundial. <strong>soluciones personalizadas de fundici\u00f3n a presi\u00f3n<\/strong>. P\u00f3ngase en contacto con nosotros hoy mismo para hablar de su proyecto y descubrir c\u00f3mo nuestras capacidades de fundici\u00f3n a presi\u00f3n pueden ayudarle a dar vida a sus ideas de producto.<\/p>","protected":false},"excerpt":{"rendered":"<p>CNM TECH Co., Ltd (Jiazhan) is a leading China die casting company, specializing in high-quality aluminum die casting and zinc die casting solutions for global customers. With over a decade of manufacturing experience, we provide reliable and cost-effective die casting parts for industries worldwide. Our die casting manufacturing facility is located in Dongguan, Guangdong Province, [&hellip;]<\/p>\n","protected":false},"author":3,"featured_media":0,"parent":0,"menu_order":0,"comment_status":"closed","ping_status":"closed","template":"","meta":{"footnotes":""},"class_list":["post-714","page","type-page","status-publish","hentry"],"_links":{"self":[{"href":"https:\/\/www.diecastingschina.com\/es\/wp-json\/wp\/v2\/pages\/714","targetHints":{"allow":["GET"]}}],"collection":[{"href":"https:\/\/www.diecastingschina.com\/es\/wp-json\/wp\/v2\/pages"}],"about":[{"href":"https:\/\/www.diecastingschina.com\/es\/wp-json\/wp\/v2\/types\/page"}],"author":[{"embeddable":true,"href":"https:\/\/www.diecastingschina.com\/es\/wp-json\/wp\/v2\/users\/3"}],"replies":[{"embeddable":true,"href":"https:\/\/www.diecastingschina.com\/es\/wp-json\/wp\/v2\/comments?post=714"}],"version-history":[{"count":3,"href":"https:\/\/www.diecastingschina.com\/es\/wp-json\/wp\/v2\/pages\/714\/revisions"}],"predecessor-version":[{"id":2544,"href":"https:\/\/www.diecastingschina.com\/es\/wp-json\/wp\/v2\/pages\/714\/revisions\/2544"}],"wp:attachment":[{"href":"https:\/\/www.diecastingschina.com\/es\/wp-json\/wp\/v2\/media?parent=714"}],"curies":[{"name":"wp","href":"https:\/\/api.w.org\/{rel}","templated":true}]}}