{"id":703,"date":"2025-02-28T10:13:13","date_gmt":"2025-02-28T10:13:13","guid":{"rendered":"https:\/\/www.diecastingschina.com\/?page_id=703"},"modified":"2025-02-28T10:15:13","modified_gmt":"2025-02-28T10:15:13","slug":"impregnacion-al-vacio","status":"publish","type":"page","link":"https:\/\/www.diecastingschina.com\/es\/mecanizado-de-fundicion-a-presion-en-china\/impregnacion-al-vacio\/","title":{"rendered":"Impregnaci\u00f3n de fundici\u00f3n a presi\u00f3n"},"content":{"rendered":"<figure class=\"wp-block-image alignright size-full\"><img fetchpriority=\"high\" decoding=\"async\" width=\"450\" height=\"262\" src=\"https:\/\/www.diecastingschina.com\/wp-content\/uploads\/2025\/02\/die-casting-vacuum-impregnation.jpg\" alt=\"\" class=\"wp-image-705\" srcset=\"https:\/\/www.diecastingschina.com\/wp-content\/uploads\/2025\/02\/die-casting-vacuum-impregnation.jpg 450w, https:\/\/www.diecastingschina.com\/wp-content\/uploads\/2025\/02\/die-casting-vacuum-impregnation-300x175.jpg 300w\" sizes=\"(max-width: 450px) 100vw, 450px\" \/><\/figure>\n\n\n\n<p>Durante el proceso de fundici\u00f3n a presi\u00f3n de componentes de ingenier\u00eda, es muy dif\u00edcil evitar los peque\u00f1os defectos del material. Los defectos pueden incluir porosidad de la superficie del componente, burbujas y otros tipos de incursiones. Estos retos de fabricaci\u00f3n pueden dar lugar a problemas de rendimiento en condiciones de funcionamiento. Adem\u00e1s, los productos qu\u00edmicos de acabado superficial pueden quedar atrapados en el interior de estas porosidades y fluir durante el postprocesado posterior.<\/p>\n\n\n\n<p>Independientemente de que las imperfecciones afecten o no a la pieza en s\u00ed, siempre existe el riesgo de que escapen gases o fluidos a trav\u00e9s de v\u00edas de fuga microsc\u00f3picas en la pared de la pieza fundida a presi\u00f3n. El proceso de impregnaci\u00f3n al vac\u00edo puede proporcionar sellado, reducir la humedad, reducir la corrosi\u00f3n interna y mejorar la integridad de la pared de la pieza de fundici\u00f3n a presi\u00f3n que contiene secciones porosas.<\/p>\n\n\n\n<p><strong>Servicios internos de impregnaci\u00f3n:<\/strong><\/p>\n\n\n\n<p><a href=\"\/es\/ningbo-xusheng-machinery-die-casting-china\/\">Fundici\u00f3n a presi\u00f3n China<\/a> puede dar servicio a los requisitos de su proyecto de impregnaci\u00f3n de fundici\u00f3n a presi\u00f3n, para eliminar la porosidad en sus piezas fundidas. Actualmente, disponemos de tres tipos de procesos de impregnaci\u00f3n al vac\u00edo:<\/p>\n\n\n\n<ul class=\"wp-block-list\">\n<li><strong>Impregnaci\u00f3n seca al vac\u00edo y presi\u00f3n<br><\/strong>Idealmente, este m\u00e9todo utiliza dos tanques de proceso separados para proyectos con vol\u00famenes de producci\u00f3n muy elevados. La etapa inicial de vac\u00edo se realiza sin fluidos, lo que evita cualquier posibilidad de interferencia con los gases que se desprenden de las zonas porosas. Adem\u00e1s, se puede eliminar la humedad atrapada en los poros. Con diferencia, este m\u00e9todo de impregnaci\u00f3n es el m\u00e1s completo, perfecto para necesidades de porosidad cr\u00edticas.<\/li>\n\n\n\n<li><strong>Impregnaci\u00f3n al vac\u00edo<br><\/strong>Mejor para tiradas de producci\u00f3n medias (decenas de miles), ya que la impregnaci\u00f3n por presi\u00f3n al vac\u00edo s\u00f3lo utiliza un tanque de proceso. En primer lugar, las piezas de fundici\u00f3n a presi\u00f3n se sumergen en el sellante durante un tiempo prolongado. A continuaci\u00f3n, se aplica vac\u00edo a las piezas sumergidas y se finaliza con la presurizaci\u00f3n del aire.<\/li>\n\n\n\n<li><strong>Impregnaci\u00f3n al vac\u00edo<br><\/strong>Para proyectos con bajos vol\u00famenes de producci\u00f3n, la impregnaci\u00f3n al vac\u00edo es el proceso de impregnaci\u00f3n al vac\u00edo m\u00e1s r\u00e1pido y m\u00e1s rentable, ya que no se utiliza presurizaci\u00f3n. La resina sellante se introduce en la porosidad a presi\u00f3n atmosf\u00e9rica.<\/li>\n<\/ul>\n\n\n\n<p>Independientemente del m\u00e9todo de impregnaci\u00f3n que elija para su proyecto con nuestra empresa de fundici\u00f3n a presi\u00f3n en Asia, nos encargaremos de eliminar los defectos de fundici\u00f3n de la forma m\u00e1s eficaz posible.<\/p>\n\n\n\n<figure class=\"wp-block-image aligncenter size-full\"><a href=\"\/es\/contact-die-castings-china\/\"><img decoding=\"async\" width=\"940\" height=\"80\" src=\"https:\/\/www.diecastingschina.com\/wp-content\/uploads\/2025\/02\/satisfaction.jpg\" alt=\"\" class=\"wp-image-652\" title=\"Solicite un presupuesto y empiece hoy mismo\" srcset=\"https:\/\/www.diecastingschina.com\/wp-content\/uploads\/2025\/02\/satisfaction.jpg 940w, https:\/\/www.diecastingschina.com\/wp-content\/uploads\/2025\/02\/satisfaction-300x26.jpg 300w, https:\/\/www.diecastingschina.com\/wp-content\/uploads\/2025\/02\/satisfaction-768x65.jpg 768w\" sizes=\"(max-width: 940px) 100vw, 940px\" \/><\/a><\/figure>","protected":false},"excerpt":{"rendered":"<p>During the die casting process of engineered components, small material defects are very challenging to avoid. Defects can include porosity of the component surface, bubbles and other incursion types. These manufacturing challenges can allow performance problems in operating conditions. In addition, surface finishing chemicals can become trapped inside these porosities, then flow during following post-processing. [&hellip;]<\/p>\n","protected":false},"author":3,"featured_media":0,"parent":679,"menu_order":0,"comment_status":"closed","ping_status":"closed","template":"","meta":{"footnotes":""},"class_list":["post-703","page","type-page","status-publish","hentry"],"_links":{"self":[{"href":"https:\/\/www.diecastingschina.com\/es\/wp-json\/wp\/v2\/pages\/703","targetHints":{"allow":["GET"]}}],"collection":[{"href":"https:\/\/www.diecastingschina.com\/es\/wp-json\/wp\/v2\/pages"}],"about":[{"href":"https:\/\/www.diecastingschina.com\/es\/wp-json\/wp\/v2\/types\/page"}],"author":[{"embeddable":true,"href":"https:\/\/www.diecastingschina.com\/es\/wp-json\/wp\/v2\/users\/3"}],"replies":[{"embeddable":true,"href":"https:\/\/www.diecastingschina.com\/es\/wp-json\/wp\/v2\/comments?post=703"}],"version-history":[{"count":0,"href":"https:\/\/www.diecastingschina.com\/es\/wp-json\/wp\/v2\/pages\/703\/revisions"}],"up":[{"embeddable":true,"href":"https:\/\/www.diecastingschina.com\/es\/wp-json\/wp\/v2\/pages\/679"}],"wp:attachment":[{"href":"https:\/\/www.diecastingschina.com\/es\/wp-json\/wp\/v2\/media?parent=703"}],"curies":[{"name":"wp","href":"https:\/\/api.w.org\/{rel}","templated":true}]}}