{"id":695,"date":"2025-02-28T10:09:04","date_gmt":"2025-02-28T10:09:04","guid":{"rendered":"https:\/\/www.diecastingschina.com\/?page_id=695"},"modified":"2025-10-10T05:04:14","modified_gmt":"2025-10-10T05:04:14","slug":"servicios-de-granallado","status":"publish","type":"page","link":"https:\/\/www.diecastingschina.com\/es\/mecanizado-de-fundicion-a-presion-en-china\/servicios-de-granallado\/","title":{"rendered":"Arenado y granallado"},"content":{"rendered":"<figure class=\"wp-block-image alignright size-full\"><img fetchpriority=\"high\" decoding=\"async\" width=\"350\" height=\"271\" src=\"https:\/\/www.diecastingschina.com\/wp-content\/uploads\/2025\/02\/shot-blasting-services-die-casting-1.jpg\" alt=\"\" class=\"wp-image-698\" title=\"Servicios de granallado para proyectos de fundici\u00f3n a presi\u00f3n\" srcset=\"https:\/\/www.diecastingschina.com\/wp-content\/uploads\/2025\/02\/shot-blasting-services-die-casting-1.jpg 350w, https:\/\/www.diecastingschina.com\/wp-content\/uploads\/2025\/02\/shot-blasting-services-die-casting-1-300x232.jpg 300w\" sizes=\"(max-width: 350px) 100vw, 350px\" \/><\/figure>\n\n\n\n<p>El granallado por colada es una <a href=\"\/es\/mecanizado-de-fundicion-a-presion-en-china\/\">servicio de acabado postproducci\u00f3n<\/a> que se procesa mediante el impacto r\u00e1pido de la superficie de una pieza de fundici\u00f3n con una cantidad definida de material abrasivo. El resultado es un proceso m\u00e1s r\u00e1pido y eficaz que el limado para eliminar las rebabas que quedan en un componente de fundici\u00f3n a presi\u00f3n despu\u00e9s de que se haya eliminado el zinc o las rebabas. <a href=\"\/es\/servicios-de-fundicion-a-presion-china\/fundicion-de-aluminio-a-presion\/\">proceso de fundici\u00f3n de aluminio a presi\u00f3n<\/a>. Utilizando tipos y cantidades muy espec\u00edficos de material granallado, <a href=\"https:\/\/www.diecastingschina.com\/es\">Fundici\u00f3n a presi\u00f3n China<\/a> puede <strong>r\u00e1faga de disparos<\/strong> piezas de todos los tama\u00f1os y formas. Por ejemplo, la granalla de acero m\u00e1s peque\u00f1a se utiliza para producir una superficie muy pulida y lisa. Las granallas de mayor tama\u00f1o pueden eliminar de forma agresiva las rebabas gruesas.<\/p>\n\n\n\n<h2 class=\"wp-block-heading\">El granallado es ideal para las siguientes aplicaciones:<\/h2>\n\n\n\n<ul class=\"wp-block-list\">\n<li>Aumento de la vida a fatiga del metal<\/li>\n\n\n\n<li>Desincrustaci\u00f3n (eliminaci\u00f3n de la cascarilla de tratamiento t\u00e9rmico)<\/li>\n\n\n\n<li>Extracci\u00f3n del flash<\/li>\n\n\n\n<li>Superficie del producto texturizada para aumentar la adherencia<\/li>\n\n\n\n<li>Texturizado para mejorar el funcionamiento mec\u00e1nico<\/li>\n\n\n\n<li>Producci\u00f3n de un acabado cosm\u00e9tico de alta calidad<\/li>\n<\/ul>\n\n\n\n<p><strong>Los tipos de material abrasivo que utilizamos durante el proceso de granallado incluyen:<\/strong><\/p>\n\n\n\n<p><em>Acr\u00edlico<\/em> - El abrasivo m\u00e1s suave (familia del pl\u00e1stico) que se utiliza para superficies muy sensibles. De tipo 5, es el abrasivo pl\u00e1stico m\u00e1s duradero, a la vez que proporciona una velocidad de pelado eficaz.<\/p>\n\n\n\n<p><em>\u00d3xido de aluminio<\/em> - Material de corte abrasivo afilado y de larga duraci\u00f3n que puede reutilizarse durante varios ciclos. El \u00f3xido de aluminio est\u00e1 disponible en varios tama\u00f1os y es mucho m\u00e1s duro que la mayor\u00eda de los materiales de granallado abrasivo en seco y puede cortar algunos de los tipos de metal y superficies m\u00e1s duros.<\/p>\n\n\n\n<p><em>Mazorca de ma\u00edz<\/em> - Material de chorreado biodegradable que no deforma ni raya la superficie a chorrear. Este tipo de material abrasivo es perfecto para metales finos y pl\u00e1sticos.<\/p>\n\n\n\n<p><em>Grano de vidrio triturado y perlas de vidrio<\/em> - Abrasivo consumible sin s\u00edlice, que ofrece un perfilado agresivo de superficies y eliminaci\u00f3n de revestimientos. Totalmente fabricado a partir de vidrio reciclado, este material es conocido por producir un acabado m\u00e1s brillante y muy limpio en comparaci\u00f3n con los abrasivos de escoria\/mineral o los abrasivos angulares. Las microesferas de vidrio pueden reciclarse hasta treinta ciclos de granallado.<\/p>\n\n\n\n<p><em>Melamina<\/em> - Los abrasivos m\u00e1s duros de la familia del pl\u00e1stico, que ofrecen un equilibrio perfecto entre velocidad, rendimiento y rentabilidad. La melamina es especialmente id\u00f3nea para proyectos que requieren altas velocidades de decapado, sin da\u00f1ar la subsuperficie.<\/p>\n\n\n\n<p><em>Piedra p\u00f3mez<\/em> - Es el material de granallado m\u00e1s blando. Sin embargo, la piedra p\u00f3mez ofrece una excelente funcionalidad de decapado. Es excelente para el granallado de aluminio a fin de eliminar pintura y revestimientos sin afectar al sustrato.<\/p>\n\n\n\n<p><em>Carburo de silicio<\/em> - La granalla m\u00e1s dura disponible en Die Castings USA. Proporciona una velocidad de corte muy r\u00e1pida, se puede reutilizar mucho m\u00e1s que la arena y el \u00f3xido de aluminio. La dureza del carburo de silicio permite tiempos de granallado mucho m\u00e1s cortos y un menor coste total por hora en comparaci\u00f3n con otros tipos.<\/p>\n\n\n\n<p><em>Granalla de acero<\/em> - Un acero al carbono angular; dise\u00f1ado para la eliminaci\u00f3n eficaz y r\u00e1pida de los contaminantes superficiales de los metales. Mucho m\u00e1s blando que el \u00f3xido de aluminio. Tambi\u00e9n es mucho menos propenso a fracturarse, al tiempo que proporciona una superficie grabada para mejorar la adherencia del revestimiento.<\/p>\n\n\n\n<p>Granalla de acero - Es el mejor m\u00e9todo de granallado para conseguir un acabado superficial limpio, liso y pulido. Una granalla muy suave y pesada puede reciclarse m\u00e1s de 3.000 veces para piezas de fundici\u00f3n a presi\u00f3n. Otras ventajas son la producci\u00f3n m\u00ednima de polvo durante el proceso de granallado y el aumento de la resistencia a la compresi\u00f3n de la superficie del producto.<\/p>\n\n\n\n<p>Urea - Con diferencia, el tipo de pl\u00e1stico m\u00e1s utilizado. Se puede personalizar en distintos tama\u00f1os para ofrecer una velocidad de decapado eficiente, al tiempo que se evita que el material se deforme o se da\u00f1e la superficie del sustrato.<\/p>\n\n\n\n<p>Granalla de c\u00e1scara de nuez - tipo de abrasivo org\u00e1nico vers\u00e1til. Se utiliza como material de granallado muy rentable para operaciones fr\u00e1giles que necesitan un decapado agresivo sin afectar al sustrato.<\/p>\n\n\n\n<figure class=\"wp-block-image aligncenter size-full\"><a href=\"\/es\/contact-die-castings-china\/\"><img decoding=\"async\" width=\"940\" height=\"80\" src=\"https:\/\/www.diecastingschina.com\/wp-content\/uploads\/2025\/02\/satisfaction.jpg\" alt=\"\" class=\"wp-image-652\" title=\"Solicite un presupuesto y empiece hoy mismo\" srcset=\"https:\/\/www.diecastingschina.com\/wp-content\/uploads\/2025\/02\/satisfaction.jpg 940w, https:\/\/www.diecastingschina.com\/wp-content\/uploads\/2025\/02\/satisfaction-300x26.jpg 300w, https:\/\/www.diecastingschina.com\/wp-content\/uploads\/2025\/02\/satisfaction-768x65.jpg 768w\" sizes=\"(max-width: 940px) 100vw, 940px\" \/><\/a><\/figure>","protected":false},"excerpt":{"rendered":"<p>Casting shot blasting is a post-production finishing service that is processed through the rapid impacting of a casting part\u2019s surface with a defined amount of abrasive material. This results in a faster and more efficient process when compared to filing for flash removal that remained on a die cast component after the zinc or aluminum [&hellip;]<\/p>\n","protected":false},"author":3,"featured_media":0,"parent":679,"menu_order":0,"comment_status":"closed","ping_status":"closed","template":"","meta":{"footnotes":""},"class_list":["post-695","page","type-page","status-publish","hentry"],"_links":{"self":[{"href":"https:\/\/www.diecastingschina.com\/es\/wp-json\/wp\/v2\/pages\/695","targetHints":{"allow":["GET"]}}],"collection":[{"href":"https:\/\/www.diecastingschina.com\/es\/wp-json\/wp\/v2\/pages"}],"about":[{"href":"https:\/\/www.diecastingschina.com\/es\/wp-json\/wp\/v2\/types\/page"}],"author":[{"embeddable":true,"href":"https:\/\/www.diecastingschina.com\/es\/wp-json\/wp\/v2\/users\/3"}],"replies":[{"embeddable":true,"href":"https:\/\/www.diecastingschina.com\/es\/wp-json\/wp\/v2\/comments?post=695"}],"version-history":[{"count":0,"href":"https:\/\/www.diecastingschina.com\/es\/wp-json\/wp\/v2\/pages\/695\/revisions"}],"up":[{"embeddable":true,"href":"https:\/\/www.diecastingschina.com\/es\/wp-json\/wp\/v2\/pages\/679"}],"wp:attachment":[{"href":"https:\/\/www.diecastingschina.com\/es\/wp-json\/wp\/v2\/media?parent=695"}],"curies":[{"name":"wp","href":"https:\/\/api.w.org\/{rel}","templated":true}]}}