{"id":686,"date":"2025-02-28T10:04:11","date_gmt":"2025-02-28T10:04:11","guid":{"rendered":"https:\/\/www.diecastingschina.com\/?page_id=686"},"modified":"2025-02-28T10:05:23","modified_gmt":"2025-02-28T10:05:23","slug":"servicios-de-desbarbado","status":"publish","type":"page","link":"https:\/\/www.diecastingschina.com\/es\/mecanizado-de-fundicion-a-presion-en-china\/servicios-de-desbarbado\/","title":{"rendered":"Servicios de desbarbado"},"content":{"rendered":"<p>Nuestra precisi\u00f3n <strong>servicios de desbarbado<\/strong> son la mejor opci\u00f3n para eliminar cualquier rebaba en una pieza de fundici\u00f3n a presi\u00f3n. Todas las piezas de fundici\u00f3n a presi\u00f3n de zinc o aluminio que fabricamos est\u00e1n completamente libres de rebabas. Este servicio de desbarbado funcionar\u00e1 de la misma manera, independientemente del tipo de material de zinc o aluminio.<\/p>\n\n\n\n<h2 class=\"wp-block-heading\">Desbarbado por vibraci\u00f3n<\/h2>\n\n\n\n<p>Esta opci\u00f3n espec\u00edfica de desbarbado es un proceso de acabado secundario a gran escala que depende de una fuerte fricci\u00f3n para obtener resultados. Se utiliza una m\u00e1quina especializada para proporcionar un movimiento vibratorio \u00fanico que hace que los medios presionen constantemente contra los componentes de fundici\u00f3n a presi\u00f3n.<\/p>\n\n\n\n<p>Durante este proceso pueden utilizarse varios tipos de soportes. Cada uno de ellos proporcionar\u00e1 resultados diferentes para cumplir el acabado requerido en las especificaciones del plano. El acabado por vibraci\u00f3n puede eliminar rebabas, rebabas y mejorar la rugosidad de la superficie. Adem\u00e1s, este servicio de desbarbado de fundici\u00f3n a presi\u00f3n puede funcionar como:<\/p>\n\n\n\n<ul class=\"wp-block-list\">\n<li>Fijaci\u00f3n de superficies desconchadas<\/li>\n\n\n\n<li>Mejora de la adherencia del revestimiento mediante la rugosidad o texturizaci\u00f3n de la superficie<\/li>\n\n\n\n<li>Desengrasar el componente<\/li>\n\n\n\n<li>Creaci\u00f3n de bordes radiales para una manipulaci\u00f3n segura<\/li>\n\n\n\n<li>Preparaci\u00f3n de piezas para el revestimiento<\/li>\n\n\n\n<li>Pulido de piezas para mejorar su aspecto<\/li>\n\n\n\n<li><\/li>\n<\/ul>\n\n\n\n<figure class=\"wp-block-image aligncenter size-full\"><img fetchpriority=\"high\" decoding=\"async\" width=\"864\" height=\"247\" src=\"https:\/\/www.diecastingschina.com\/wp-content\/uploads\/2025\/02\/vibratory-deburring-services-for-die-cast-parts-1.jpg\" alt=\"\" class=\"wp-image-689\" srcset=\"https:\/\/www.diecastingschina.com\/wp-content\/uploads\/2025\/02\/vibratory-deburring-services-for-die-cast-parts-1.jpg 864w, https:\/\/www.diecastingschina.com\/wp-content\/uploads\/2025\/02\/vibratory-deburring-services-for-die-cast-parts-1-300x86.jpg 300w, https:\/\/www.diecastingschina.com\/wp-content\/uploads\/2025\/02\/vibratory-deburring-services-for-die-cast-parts-1-768x220.jpg 768w\" sizes=\"(max-width: 864px) 100vw, 864px\" \/><\/figure>\n\n\n\n<h2 class=\"wp-block-heading\">Desbarbado Harperizante o Centr\u00edfugo<\/h2>\n\n\n\n<p>M\u00e9todo de volteo en masa de alta energ\u00eda que utiliza fuerzas G para el acabado de piezas. Este proceso desbarba y alisa las piezas fundidas a presi\u00f3n en menos tiempo que el desbarbado vibratorio convencional y el desbarbado manual. Dado que se producen fuerzas G, las zonas de la pieza a las que los servicios de desbarbado est\u00e1ndar no pueden llegar quedan completamente desbarbadas. Este proceso de acabado secundario se reserva para piezas cuyo tama\u00f1o oscila entre 0,25 mm y 51 mm.<\/p>\n\n\n\n<h2 class=\"wp-block-heading\">Desbarbado manual<\/h2>\n\n\n\n<p>Tambi\u00e9n conocido como desbarbado manual, este proceso requiere un t\u00e9cnico especializado para completar correctamente toda la operaci\u00f3n. Die Castings China incluye un personal especializado de t\u00e9cnicos que tienen a\u00f1os de experiencia en la operaci\u00f3n del departamento de desbarbado manual.<\/p>\n\n\n\n<p>El desbarbado manual es un proceso vers\u00e1til que puede ser adecuado para diversas piezas de fundici\u00f3n a presi\u00f3n, desde productos de muy alta tolerancia que requieren un desbarbado delicado bajo microscopio hasta componentes de automoci\u00f3n que requieren eliminar material con lijadoras o amoladoras. Dado que todo el trabajo se realiza a mano, podemos inspeccionar las piezas sobre la marcha para garantizar la calidad y la uniformidad.<\/p>\n\n\n\n<p>Con frecuencia es la mejor opci\u00f3n para la mayor\u00eda de las piezas de fundici\u00f3n a presi\u00f3n, especialmente para proyectos de bajo volumen. Tambi\u00e9n suele ser el proceso m\u00e1s eficaz, sobre todo cuando se necesita un plazo de entrega r\u00e1pido.<\/p>\n\n\n\n<figure class=\"wp-block-image aligncenter size-full\"><a href=\"\/es\/contact-die-castings-china\/\"><img decoding=\"async\" width=\"940\" height=\"80\" src=\"https:\/\/www.diecastingschina.com\/wp-content\/uploads\/2025\/02\/satisfaction.jpg\" alt=\"\" class=\"wp-image-652\" title=\"Solicite un presupuesto y empiece hoy mismo\" srcset=\"https:\/\/www.diecastingschina.com\/wp-content\/uploads\/2025\/02\/satisfaction.jpg 940w, https:\/\/www.diecastingschina.com\/wp-content\/uploads\/2025\/02\/satisfaction-300x26.jpg 300w, https:\/\/www.diecastingschina.com\/wp-content\/uploads\/2025\/02\/satisfaction-768x65.jpg 768w\" sizes=\"(max-width: 940px) 100vw, 940px\" \/><\/a><\/figure>","protected":false},"excerpt":{"rendered":"<p>Our precision deburring services are the best choice to remove any burs on a die cast part. All of the zinc or aluminum die castings we manufacture are completely free of all burs. This deburring service will operate in the same fashion, regardless of zinc or aluminum material types. Vibratory Deburring This specific deburring option [&hellip;]<\/p>\n","protected":false},"author":3,"featured_media":0,"parent":679,"menu_order":0,"comment_status":"closed","ping_status":"closed","template":"","meta":{"footnotes":""},"class_list":["post-686","page","type-page","status-publish","hentry"],"_links":{"self":[{"href":"https:\/\/www.diecastingschina.com\/es\/wp-json\/wp\/v2\/pages\/686","targetHints":{"allow":["GET"]}}],"collection":[{"href":"https:\/\/www.diecastingschina.com\/es\/wp-json\/wp\/v2\/pages"}],"about":[{"href":"https:\/\/www.diecastingschina.com\/es\/wp-json\/wp\/v2\/types\/page"}],"author":[{"embeddable":true,"href":"https:\/\/www.diecastingschina.com\/es\/wp-json\/wp\/v2\/users\/3"}],"replies":[{"embeddable":true,"href":"https:\/\/www.diecastingschina.com\/es\/wp-json\/wp\/v2\/comments?post=686"}],"version-history":[{"count":0,"href":"https:\/\/www.diecastingschina.com\/es\/wp-json\/wp\/v2\/pages\/686\/revisions"}],"up":[{"embeddable":true,"href":"https:\/\/www.diecastingschina.com\/es\/wp-json\/wp\/v2\/pages\/679"}],"wp:attachment":[{"href":"https:\/\/www.diecastingschina.com\/es\/wp-json\/wp\/v2\/media?parent=686"}],"curies":[{"name":"wp","href":"https:\/\/api.w.org\/{rel}","templated":true}]}}