{"id":679,"date":"2025-02-28T09:59:56","date_gmt":"2025-02-28T09:59:56","guid":{"rendered":"https:\/\/www.diecastingschina.com\/?page_id=679"},"modified":"2025-10-10T05:06:30","modified_gmt":"2025-10-10T05:06:30","slug":"mecanizado-de-fundicion-a-presion-en-china","status":"publish","type":"page","link":"https:\/\/www.diecastingschina.com\/es\/mecanizado-de-fundicion-a-presion-en-china\/","title":{"rendered":"Servicios de mecanizado y acabado secundario"},"content":{"rendered":"<p>Los clientes OEM buscan regularmente un proveedor completo (todo en uno) para sus productos personalizados. Die Castings USA atiende esta necesidad de los clientes proporcion\u00e1ndoles una lista de servicios secundarios bien afinada.<\/p>\n\n\n\n<p>Para las operaciones de arranque o multiherramienta utilizamos nuestro equipo CNC, lo que permite a nuestro equipo completar el mecanizado secundario en una estaci\u00f3n. En <a href=\"https:\/\/www.diecastingschina.com\/es\">Fundici\u00f3n a presi\u00f3n China<\/a>, personalizamos nuestros servicios de mecanizado para satisfacer eficazmente las estrictas tolerancias y los requisitos de los proyectos.<\/p>\n\n\n\n<p>Todo el mecanizado interno y los servicios secundarios se completan mediante m\u00e1s de 40 conjuntos de centros de mecanizado CNC importados, 30 conjuntos de tornos y una variedad de equipos de procesamiento general, desde chorreadoras hasta lavadoras ultras\u00f3nicas. Nuestras instalaciones, l\u00edderes en el sector, cuentan con un equipo experimentado de ingenieros, operarios e inspectores para terminar su pieza en nuestras instalaciones y evitar los costes excesivos de los proveedores externos. Como se puede ver en las fotos de abajo, tenemos una gran secci\u00f3n de nuestras instalaciones de fabricaci\u00f3n que se dedica a los servicios de mecanizado y acabado.<\/p>\n\n\n\n<p>Los servicios de mecanizado son una de las principales ventajas de nuestras instalaciones en China. Las piezas OEM se procesan mediante mecanizado CNC automatizado y operado por el usuario (los tipos de equipos CNC incluyen: horizontal, vertical o de 5 ejes). Estas operaciones de servicio secundario pueden incluir rectificado, recorte, desbarbado, acabado por vibraci\u00f3n, fresado, taladrado, roscado, pulido, pruebas de presi\u00f3n, ultra lavado y montaje final. Estos son s\u00f3lo algunos de nuestros servicios de fabricaci\u00f3n secundaria.<\/p>\n\n\n\n<p>Nuestra gama de opciones de tratamiento t\u00e9rmico incluye: T4, T5, T6 y T7. Estos servicios de tratamiento permiten soldar el producto, remacharlo y pegarlo, as\u00ed como obtener formas de baja porosidad.<\/p>\n\n\n\n<p>Tambi\u00e9n proporcionamos kits completos y montajes de productos con embalajes personalizados seg\u00fan las especificaciones y necesidades del cliente.<\/p>\n\n\n\n<figure class=\"wp-block-image aligncenter size-full\"><img fetchpriority=\"high\" decoding=\"async\" width=\"974\" height=\"250\" src=\"https:\/\/www.diecastingschina.com\/wp-content\/uploads\/2025\/02\/die-cast-machining-2.jpg\" alt=\"\" class=\"wp-image-683\" title=\"Mecanizado de fundici\u00f3n a presi\u00f3n y servicios secundarios\" srcset=\"https:\/\/www.diecastingschina.com\/wp-content\/uploads\/2025\/02\/die-cast-machining-2.jpg 974w, https:\/\/www.diecastingschina.com\/wp-content\/uploads\/2025\/02\/die-cast-machining-2-300x77.jpg 300w, https:\/\/www.diecastingschina.com\/wp-content\/uploads\/2025\/02\/die-cast-machining-2-768x197.jpg 768w\" sizes=\"(max-width: 974px) 100vw, 974px\" \/><\/figure>\n\n\n\n<h2 class=\"wp-block-heading\">Nuestra lista completa de servicios de mecanizado y secundarios incluye:<\/h2>\n\n\n\n<ul class=\"wp-block-list\">\n<li>Cromado<\/li>\n\n\n\n<li>Mecanizado CNC<\/li>\n\n\n\n<li><a href=\"\/es\/mecanizado-de-fundicion-a-presion-en-china\/servicios-de-desbarbado\/\">Desbarbado<\/a><\/li>\n\n\n\n<li>Pintura electrost\u00e1tica<\/li>\n\n\n\n<li><a href=\"\/es\/mecanizado-de-fundicion-a-presion-en-china\/tratamiento-termico-del-aluminio\/\">Tratamiento t\u00e9rmico<\/a><\/li>\n\n\n\n<li><a href=\"\/es\/mecanizado-de-fundicion-a-presion-en-china\/impregnacion-al-vacio\/\">Impregnaci\u00f3n<\/a><\/li>\n\n\n\n<li>Pulido<\/li>\n\n\n\n<li>Recubrimiento en polvo<\/li>\n\n\n\n<li><a href=\"\/es\/mecanizado-de-fundicion-a-presion-en-china\/servicios-de-granallado\/\">Granallado<\/a><\/li>\n\n\n\n<li>Chorro de arena<\/li>\n\n\n\n<li>Lavado por ultrasonidos<\/li>\n\n\n\n<li>Pintura h\u00fameda<\/li>\n\n\n\n<li><a href=\"https:\/\/www.diecastingschina.com\/es\/anodizado-de-aluminio-fundido-a-presion-3\/\">Fundici\u00f3n inyectada de aluminio Anodizado<\/a> <\/li>\n<\/ul>\n\n\n\n<p><em>Lavadora ultras\u00f3nica | Fabricaci\u00f3n celular de piezas para General Motors<\/em><\/p>\n\n\n\n<figure class=\"wp-block-image aligncenter size-full\"><img decoding=\"async\" width=\"974\" height=\"250\" src=\"https:\/\/www.diecastingschina.com\/wp-content\/uploads\/2025\/02\/new-machines.jpg\" alt=\"\" class=\"wp-image-682\" title=\"Lavadora ultras\u00f3nica | Fabricaci\u00f3n celular de piezas para General Motors\" srcset=\"https:\/\/www.diecastingschina.com\/wp-content\/uploads\/2025\/02\/new-machines.jpg 974w, https:\/\/www.diecastingschina.com\/wp-content\/uploads\/2025\/02\/new-machines-300x77.jpg 300w, https:\/\/www.diecastingschina.com\/wp-content\/uploads\/2025\/02\/new-machines-768x197.jpg 768w\" sizes=\"(max-width: 974px) 100vw, 974px\" \/><\/figure>\n\n\n\n<p><strong>Lista de centros de mecanizado CNC<\/strong><\/p>\n\n\n\n<ul class=\"wp-block-list\">\n<li>(2) Haoyang A-650<\/li>\n\n\n\n<li>(1) Haoyang AS-500T<\/li>\n\n\n\n<li>(2) Centro T\u00e9cnico de Maquinaria Orient (Shanghai) TC-S2A-0<\/li>\n\n\n\n<li>(8) Mazak VTC-160AN<\/li>\n\n\n\n<li>(8) Palpador VM-32SA<\/li>\n\n\n\n<li>(1) Palpador VM-32S<\/li>\n\n\n\n<li>(4) Hundai-kia VX400FOi-MC<\/li>\n\n\n\n<li>(4) Hundai-kia VX500FOi-MC<\/li>\n\n\n\n<li>(3) Hundai-kia VX500<\/li>\n\n\n\n<li>(1) Hundai-kia VB-610<\/li>\n\n\n\n<li>(1) Hundai-kia QM-32<\/li>\n\n\n\n<li>(1) Leaderway Machinery Taiw\u00e1n MV-1100<\/li>\n\n\n\n<li>(2) Akira Seiki V2.5XP<\/li>\n\n\n\n<li>(2) Hision HTM-850G<\/li>\n<\/ul>\n\n\n\n<p><strong>Lista de m\u00e1quinas de torno CNC<\/strong><\/p>\n\n\n\n<ul class=\"wp-block-list\">\n<li>(5) Kaida CK6136S<\/li>\n\n\n\n<li>(6) Kaida CK6125S<\/li>\n\n\n\n<li>(2) Kaida KDCK-25<\/li>\n\n\n\n<li>(1) Yaofa CJK0640<\/li>\n\n\n\n<li>(2) Yunnan Cy Group CYNC-360TE<\/li>\n\n\n\n<li>(9) Hision HTM-TC16<\/li>\n\n\n\n<li>(2) Hision HTM-TC25<\/li>\n\n\n\n<li>(8) Xknc L20<\/li>\n\n\n\n<li>(1) Xknc L21<\/li>\n\n\n\n<li>(1) Xknc L22<\/li>\n\n\n\n<li>(1) Xknc L23<\/li>\n<\/ul>\n\n\n\n<p><strong>Lista de granalladoras<\/strong><\/p>\n\n\n\n<ul class=\"wp-block-list\">\n<li>(2) Maquinaria Xingyang 316<\/li>\n<\/ul>\n\n\n\n<p><strong>Lista de equipos de lavado por ultrasonidos<\/strong><\/p>\n\n\n\n<ul class=\"wp-block-list\">\n<li>(1) Wxmeiji MJLH-7500B<\/li>\n\n\n\n<li>(1) Wxmeiji MJLH-6000<\/li>\n<\/ul>\n\n\n\n<p><strong>Lista de equipos de tratamiento t\u00e9rmico<\/strong><\/p>\n\n\n\n<ul class=\"wp-block-list\">\n<li>(1) F\u00e1brica de equipos de pulverizaci\u00f3n y moldeo de Zhejiang Sanmen Sanli HK-435<\/li>\n<\/ul>\n\n\n\n<figure class=\"wp-block-embed is-type-video is-provider-youtube wp-block-embed-youtube wp-embed-aspect-16-9 wp-has-aspect-ratio\"><div class=\"wp-block-embed__wrapper\">\n<iframe title=\"Mecanizado de fundici\u00f3n a presi\u00f3n y servicios secundarios TS16949 QS9000 ISO14001\" width=\"800\" height=\"450\" src=\"https:\/\/www.youtube.com\/embed\/nO1VH-8_aQ4?feature=oembed\" frameborder=\"0\" allow=\"accelerometer; autoplay; clipboard-write; encrypted-media; gyroscope; picture-in-picture; web-share\" referrerpolicy=\"strict-origin-when-cross-origin\" allowfullscreen><\/iframe>\n<\/div><\/figure>\n\n\n\n<figure class=\"wp-block-image aligncenter size-full\"><a href=\"\/es\/contact-die-castings-china\/\"><img decoding=\"async\" width=\"940\" height=\"80\" src=\"https:\/\/www.diecastingschina.com\/wp-content\/uploads\/2025\/02\/satisfaction.jpg\" alt=\"\" class=\"wp-image-652\" title=\"Solicite un presupuesto y empiece hoy mismo\" srcset=\"https:\/\/www.diecastingschina.com\/wp-content\/uploads\/2025\/02\/satisfaction.jpg 940w, https:\/\/www.diecastingschina.com\/wp-content\/uploads\/2025\/02\/satisfaction-300x26.jpg 300w, https:\/\/www.diecastingschina.com\/wp-content\/uploads\/2025\/02\/satisfaction-768x65.jpg 768w\" sizes=\"(max-width: 940px) 100vw, 940px\" \/><\/a><\/figure>","protected":false},"excerpt":{"rendered":"<p>OEM customers are regularly seeking a complete (all-in-one-house) supplier for their custom products. Die Castings USA serves this customer need by providing an fine tuned list of secondary services. For start-up or multi-tool operations we utilize our CNC equipment, allowing our team to complete secondary machining at one station. At Die Castings China, we customize [&hellip;]<\/p>\n","protected":false},"author":3,"featured_media":0,"parent":0,"menu_order":0,"comment_status":"closed","ping_status":"closed","template":"","meta":{"footnotes":""},"class_list":["post-679","page","type-page","status-publish","hentry"],"_links":{"self":[{"href":"https:\/\/www.diecastingschina.com\/es\/wp-json\/wp\/v2\/pages\/679","targetHints":{"allow":["GET"]}}],"collection":[{"href":"https:\/\/www.diecastingschina.com\/es\/wp-json\/wp\/v2\/pages"}],"about":[{"href":"https:\/\/www.diecastingschina.com\/es\/wp-json\/wp\/v2\/types\/page"}],"author":[{"embeddable":true,"href":"https:\/\/www.diecastingschina.com\/es\/wp-json\/wp\/v2\/users\/3"}],"replies":[{"embeddable":true,"href":"https:\/\/www.diecastingschina.com\/es\/wp-json\/wp\/v2\/comments?post=679"}],"version-history":[{"count":0,"href":"https:\/\/www.diecastingschina.com\/es\/wp-json\/wp\/v2\/pages\/679\/revisions"}],"wp:attachment":[{"href":"https:\/\/www.diecastingschina.com\/es\/wp-json\/wp\/v2\/media?parent=679"}],"curies":[{"name":"wp","href":"https:\/\/api.w.org\/{rel}","templated":true}]}}