{"id":657,"date":"2025-02-28T09:43:47","date_gmt":"2025-02-28T09:43:47","guid":{"rendered":"https:\/\/www.diecastingschina.com\/?page_id=657"},"modified":"2025-11-30T07:27:19","modified_gmt":"2025-11-30T07:27:19","slug":"fundicion-de-aluminio-a-presion","status":"publish","type":"page","link":"https:\/\/www.diecastingschina.com\/es\/servicios-de-fundicion-a-presion-china\/fundicion-de-aluminio-a-presion\/","title":{"rendered":"Servicios de fundici\u00f3n de aluminio a presi\u00f3n"},"content":{"rendered":"<figure class=\"wp-block-image alignright size-full\"><img fetchpriority=\"high\" decoding=\"async\" width=\"406\" height=\"225\" src=\"https:\/\/www.diecastingschina.com\/wp-content\/uploads\/2025\/02\/aluminum-die-casting-facility-1.jpg\" alt=\"Servicios de fundici\u00f3n a presi\u00f3n de aluminio\" class=\"wp-image-660\" title=\"Instalaci\u00f3n de fundici\u00f3n a presi\u00f3n de aluminio\" srcset=\"https:\/\/www.diecastingschina.com\/wp-content\/uploads\/2025\/02\/aluminum-die-casting-facility-1.jpg 406w, https:\/\/www.diecastingschina.com\/wp-content\/uploads\/2025\/02\/aluminum-die-casting-facility-1-300x166.jpg 300w\" sizes=\"(max-width: 406px) 100vw, 406px\" \/><\/figure>\n\n\n\n<p>La fundici\u00f3n de aluminio a presi\u00f3n ha sido una especialidad de <a href=\"\/es\/ningbo-xusheng-machinery-die-casting-china\/\">Fundici\u00f3n a presi\u00f3n China<\/a> desde 1995. Nuestro aluminio <a href=\"\/es\/servicios-de-fundicion-a-presion-china\/\">servicios de fundici\u00f3n a presi\u00f3n<\/a> han ayudado a fabricantes de equipos originales de todo el mundo a producir piezas a bajo coste con una consistencia, profesionalidad y entrega inigualables. Nuestra experiencia en la fabricaci\u00f3n de piezas de fundici\u00f3n de aluminio, junto con nuestra maquinaria de \u00faltima generaci\u00f3n, garantiza que nuestras piezas de aleaci\u00f3n de aluminio recibir\u00e1n los materiales de aleaci\u00f3n y los procesos de fundici\u00f3n de mayor calidad. Contamos con la experiencia y los conocimientos necesarios para garantizar todas las fases del proceso de fabricaci\u00f3n y los plazos de entrega a nuestros clientes.<\/p>\n\n\n\n<h2 class=\"wp-block-heading\">Proceso de fabricaci\u00f3n de la fundici\u00f3n a presi\u00f3n de aluminio<\/h2>\n\n\n\n<p>Existen diferentes <a href=\"\/es\/propiedades-de-la-aleacion-de-aluminio\/\">aleaciones de aluminio<\/a> que utilizamos actualmente para las piezas de fundici\u00f3n de aluminio. Cada grado de material (enumerado en la tabla siguiente) ofrece diferentes descomposiciones qu\u00edmicas y propiedades mec\u00e1nicas. Nuestras piezas de fundici\u00f3n a presi\u00f3n pueden variar en tama\u00f1os desde menos de una onza hasta 30KG. Al seguir estrictamente las normas IATF16949, hemos optimizado las funciones de los operarios de los equipos. Esto ha dado lugar a nuestro \u201cnicho en la cadena de suministro\u201d de ser capaces de producir consistentemente piezas de aleaci\u00f3n de aluminio de alto grado con usos anuales de miles a millones.<\/p>\n\n\n\n<figure class=\"wp-block-embed is-type-video is-provider-youtube wp-block-embed-youtube wp-embed-aspect-16-9 wp-has-aspect-ratio\"><div class=\"wp-block-embed__wrapper\">\n<iframe title=\"Fundici\u00f3n a presi\u00f3n de aluminio de carcasas de motores - Fundici\u00f3n a presi\u00f3n China\" width=\"800\" height=\"450\" src=\"https:\/\/www.youtube.com\/embed\/m2nBLwaN7CM?feature=oembed\" frameborder=\"0\" allow=\"accelerometer; autoplay; clipboard-write; encrypted-media; gyroscope; picture-in-picture; web-share\" referrerpolicy=\"strict-origin-when-cross-origin\" allowfullscreen><\/iframe>\n<\/div><\/figure>\n\n\n\n<figure class=\"wp-block-image alignright size-full\"><img decoding=\"async\" width=\"250\" height=\"333\" src=\"https:\/\/www.diecastingschina.com\/wp-content\/uploads\/2025\/02\/automatic-aluminum-die-casting-machine.jpg\" alt=\"Fundici\u00f3n a presi\u00f3n de aluminio\" class=\"wp-image-662\" title=\"M\u00e1quina autom\u00e1tica de fundici\u00f3n de aluminio a presi\u00f3n\" srcset=\"https:\/\/www.diecastingschina.com\/wp-content\/uploads\/2025\/02\/automatic-aluminum-die-casting-machine.jpg 250w, https:\/\/www.diecastingschina.com\/wp-content\/uploads\/2025\/02\/automatic-aluminum-die-casting-machine-225x300.jpg 225w\" sizes=\"(max-width: 250px) 100vw, 250px\" \/><\/figure>\n\n\n\n<p><br>Nuestra fundici\u00f3n a presi\u00f3n de aluminio <a href=\"\/es\/equipo-de-ingenieria-de-fundicion-a-presion\/\">planta de fabricaci\u00f3n<\/a> dispone de m\u00e1quinas automatizadas LK y Toshiba con tonelajes de presi\u00f3n de cierre que oscilan entre 160T y 2.500T. Esto nos permite fundir una amplia gama de formas y componentes muy duraderos y precisos para diversos campos y aplicaciones de la industria de fabricantes de equipos originales, desde unos pocos gramos hasta m\u00e1s de 35 libras, que se utilizan en la industria del autom\u00f3vil, la industria agr\u00edcola, la industria electr\u00f3nica, la industria del motor y muchas m\u00e1s. Tras la fundici\u00f3n a presi\u00f3n de una pieza se requiere poco o ning\u00fan mecanizado, ya que el proceso ofrece tolerancias muy estrechas incluso para formas complejas. Las piezas de fundici\u00f3n a presi\u00f3n de aluminio tambi\u00e9n pueden chaparse o acabarse f\u00e1cilmente.<\/p>\n\n\n\n<h3 class=\"wp-block-heading\">Medidas de control de calidad<\/h3>\n\n\n\n<figure class=\"wp-block-image aligncenter size-full\"><img decoding=\"async\" width=\"864\" height=\"785\" src=\"https:\/\/www.diecastingschina.com\/wp-content\/uploads\/2025\/02\/aluminum-die-casting-shell-housing.jpg\" alt=\"Fundici\u00f3n inyectada de aluminio\" class=\"wp-image-663\" srcset=\"https:\/\/www.diecastingschina.com\/wp-content\/uploads\/2025\/02\/aluminum-die-casting-shell-housing.jpg 864w, https:\/\/www.diecastingschina.com\/wp-content\/uploads\/2025\/02\/aluminum-die-casting-shell-housing-300x273.jpg 300w, https:\/\/www.diecastingschina.com\/wp-content\/uploads\/2025\/02\/aluminum-die-casting-shell-housing-768x698.jpg 768w\" sizes=\"(max-width: 864px) 100vw, 864px\" \/><\/figure>\n\n\n\n<p>Die Castings China es una instalaci\u00f3n certificada por IATF16949, ISO 9001 y 1SO14001.  Gracias al mantenimiento proactivo de un estricto sistema de gesti\u00f3n de calidad, se han reducido los errores de producci\u00f3n por descuido y el desperdicio de material en las l\u00edneas de montaje de la f\u00e1brica.  Estos controles del proceso han creado un entorno en el que la calidad y las expectativas de las piezas de fundici\u00f3n a presi\u00f3n est\u00e1n garantizadas. El equipo de ingenier\u00eda y el personal especializado en control de calidad interact\u00faan diariamente con las l\u00edneas de producci\u00f3n para detectar los problemas de calidad antes de que se produzcan.  El objetivo m\u00e1s importante de <a href=\"https:\/\/aludiecasting.com\/top-aluminum-die-casting-manufacturers-in-usa\/\" target=\"_blank\" rel=\"noopener\">Fundici\u00f3n a presi\u00f3n China<\/a> es mantener constantemente nuestra eficacia para satisfacer o superar las expectativas de nuestros clientes en cada proyecto, independientemente de la cantidad de producci\u00f3n.<\/p>\n\n\n\n<p><strong>Aleaci\u00f3n de aluminio Tipos de material:<\/strong><\/p>\n\n\n\n<ul class=\"wp-block-list\">\n<li>A380<\/li>\n\n\n\n<li>ADC12<\/li>\n\n\n\n<li>ADC6<\/li>\n\n\n\n<li>ALSi10Mg<\/li>\n\n\n\n<li>ALSi12Fe<\/li>\n\n\n\n<li>ALSi9Cu3<\/li>\n\n\n\n<li>ALSi12Cu1Fe<\/li>\n\n\n\n<li>ALSi12CuNiMg<\/li>\n\n\n\n<li>ALSi12Cu2<\/li>\n\n\n\n<li>LM25\/A356<\/li>\n\n\n\n<li>Alu 6063\/6061<\/li>\n<\/ul>\n\n\n\n<p><strong>Caracter\u00edsticas de la utilizaci\u00f3n de materiales de aleaci\u00f3n de aluminio para la fundici\u00f3n a presi\u00f3n:<\/strong><\/p>\n\n\n\n<ul class=\"wp-block-list\">\n<li>Las temperaturas de funcionamiento m\u00e1s elevadas<\/li>\n\n\n\n<li>Excelente resistencia a la corrosi\u00f3n<\/li>\n\n\n\n<li>Ligero<\/li>\n\n\n\n<li>Baja densidad<\/li>\n\n\n\n<li>Muy buena resistencia y dureza<\/li>\n\n\n\n<li>Buena rigidez y relaci\u00f3n resistencia\/peso<\/li>\n\n\n\n<li>Excelentes propiedades de apantallamiento EMI y RFI<\/li>\n\n\n\n<li>Excelente conductividad t\u00e9rmica<\/li>\n\n\n\n<li>Alta conductividad el\u00e9ctrica<\/li>\n\n\n\n<li>Aspecto visualmente atractivo<\/li>\n\n\n\n<li>Proceso de mecanizado eficaz<\/li>\n<\/ul>\n\n\n\n<figure class=\"wp-block-image alignright size-full\"><img loading=\"lazy\" decoding=\"async\" width=\"500\" height=\"383\" src=\"https:\/\/www.diecastingschina.com\/wp-content\/uploads\/2025\/02\/lktech-dcc-die-casting-machine.jpg\" alt=\"M\u00e1quina de fundici\u00f3n a presi\u00f3n de aluminio\" class=\"wp-image-664\" title=\"Lktech M\u00e1quinas de fundici\u00f3n a presi\u00f3n\" srcset=\"https:\/\/www.diecastingschina.com\/wp-content\/uploads\/2025\/02\/lktech-dcc-die-casting-machine.jpg 500w, https:\/\/www.diecastingschina.com\/wp-content\/uploads\/2025\/02\/lktech-dcc-die-casting-machine-300x230.jpg 300w\" sizes=\"(max-width: 500px) 100vw, 500px\" \/><\/figure>\n\n\n\n<p><strong>Rangos de tama\u00f1o y peso:<\/strong> 0,01-30Kg<\/p>\n\n\n\n<p><strong>Lista de equipos de fundici\u00f3n a presi\u00f3n<\/strong><\/p>\n\n\n\n<ul class=\"wp-block-list\">\n<li>(4) Toshiba DC350J-SX<\/li>\n\n\n\n<li>(2) Lktech DCC200B<\/li>\n\n\n\n<li>(1) DCC200<\/li>\n\n\n\n<li>(1) DCC500<\/li>\n\n\n\n<li>(1) DCC400<\/li>\n\n\n\n<li>(1) DCC700<\/li>\n\n\n\n<li>(1) DCC900<\/li>\n\n\n\n<li>(2) Ube UB350SH3<\/li>\n\n\n\n<li>(1) Buhler ECOLINE53<\/li>\n<\/ul>\n\n\n\n<p><strong>Horno de fusi\u00f3n de concentraci\u00f3n de gas natural<\/strong><\/p>\n\n\n\n<ul class=\"wp-block-list\">\n<li>(2) Shoei STM-500<\/li>\n\n\n\n<li>(1) Shoei ALM-500<\/li>\n<\/ul>\n\n\n\n<figure class=\"wp-block-image aligncenter size-full\"><a href=\"\/es\/contact-die-castings-china\/\"><img loading=\"lazy\" decoding=\"async\" width=\"940\" height=\"80\" src=\"https:\/\/www.diecastingschina.com\/wp-content\/uploads\/2025\/02\/satisfaction.jpg\" alt=\"\" class=\"wp-image-652\" title=\"Solicite un presupuesto y empiece hoy mismo\" srcset=\"https:\/\/www.diecastingschina.com\/wp-content\/uploads\/2025\/02\/satisfaction.jpg 940w, https:\/\/www.diecastingschina.com\/wp-content\/uploads\/2025\/02\/satisfaction-300x26.jpg 300w, https:\/\/www.diecastingschina.com\/wp-content\/uploads\/2025\/02\/satisfaction-768x65.jpg 768w\" sizes=\"(max-width: 940px) 100vw, 940px\" \/><\/a><\/figure>","protected":false},"excerpt":{"rendered":"<p>Aluminum die casting has been a specialty of Die Castings China since 1995. Our aluminum die casting services have assisted OEMs all over the world with producing parts at lower costs with unrivaled consistency, professionalism and delivery. Our aluminum die casting manufacturing expertise, pair with our state-of-the-art machinery, assures that our aluminum alloy parts will [&hellip;]<\/p>\n","protected":false},"author":3,"featured_media":2303,"parent":645,"menu_order":0,"comment_status":"closed","ping_status":"closed","template":"","meta":{"footnotes":""},"class_list":["post-657","page","type-page","status-publish","has-post-thumbnail","hentry"],"_links":{"self":[{"href":"https:\/\/www.diecastingschina.com\/es\/wp-json\/wp\/v2\/pages\/657","targetHints":{"allow":["GET"]}}],"collection":[{"href":"https:\/\/www.diecastingschina.com\/es\/wp-json\/wp\/v2\/pages"}],"about":[{"href":"https:\/\/www.diecastingschina.com\/es\/wp-json\/wp\/v2\/types\/page"}],"author":[{"embeddable":true,"href":"https:\/\/www.diecastingschina.com\/es\/wp-json\/wp\/v2\/users\/3"}],"replies":[{"embeddable":true,"href":"https:\/\/www.diecastingschina.com\/es\/wp-json\/wp\/v2\/comments?post=657"}],"version-history":[{"count":0,"href":"https:\/\/www.diecastingschina.com\/es\/wp-json\/wp\/v2\/pages\/657\/revisions"}],"up":[{"embeddable":true,"href":"https:\/\/www.diecastingschina.com\/es\/wp-json\/wp\/v2\/pages\/645"}],"wp:featuredmedia":[{"embeddable":true,"href":"https:\/\/www.diecastingschina.com\/es\/wp-json\/wp\/v2\/media\/2303"}],"wp:attachment":[{"href":"https:\/\/www.diecastingschina.com\/es\/wp-json\/wp\/v2\/media?parent=657"}],"curies":[{"name":"wp","href":"https:\/\/api.w.org\/{rel}","templated":true}]}}