{"id":645,"date":"2025-02-28T09:33:35","date_gmt":"2025-02-28T09:33:35","guid":{"rendered":"https:\/\/www.diecastingschina.com\/?page_id=645"},"modified":"2025-02-28T09:41:52","modified_gmt":"2025-02-28T09:41:52","slug":"servicios-de-fundicion-a-presion-china","status":"publish","type":"page","link":"https:\/\/www.diecastingschina.com\/es\/servicios-de-fundicion-a-presion-china\/","title":{"rendered":"Servicios de fundici\u00f3n a presi\u00f3n"},"content":{"rendered":"<p><strong>Fundici\u00f3n a presi\u00f3n<\/strong> se utiliza para producir <a href=\"\/es\/servicios-de-fundicion-a-presion-china\/zinc-die-casting-china\/\">zinc<\/a> y <a href=\"\/es\/servicios-de-fundicion-a-presion-china\/fundicion-de-aluminio-a-presion\/\">aluminio<\/a> inyectando material fundido a alta presi\u00f3n en piezas reutilizables. <a href=\"\/es\/fundicion-de-moldes-fabricacion-de-moldes-china\/\">moldes de acero (tambi\u00e9n conocidos como matrices)<\/a>. Pueden dise\u00f1arse para producir piezas muy complicadas con una precisi\u00f3n milim\u00e9trica. Nuestra empresa de fundici\u00f3n a presi\u00f3n fabrica piezas con una definici\u00f3n n\u00edtida, una gran integridad del material y acabados superficiales lisos o texturizados. Nuestra empresa es un proveedor de nivel 1 y 2 para las siguientes industrias: <a href=\"\/es\/fundicion-a-presion-para-automocion\/\">Automoci\u00f3n<\/a>, <a href=\"\/es\/fundicion-agricola-a-presion\/\">Agricultura<\/a>, <a href=\"\/es\/fundicion-a-presion-de-vehiculos-industriales\/\">Veh\u00edculo comercial<\/a>, <a href=\"\/es\/fundicion-a-presion-de-maquinaria-pesada\/\">Maquinaria pesada<\/a>Veh\u00edculos todoterreno y recreativos.<\/p>\n\n\n\n<figure class=\"wp-block-embed is-type-video is-provider-youtube wp-block-embed-youtube wp-embed-aspect-16-9 wp-has-aspect-ratio\"><div class=\"wp-block-embed__wrapper\">\n<iframe title=\"Fundici\u00f3n a presi\u00f3n 101 - Proceso de fundici\u00f3n a presi\u00f3n de aluminio por Die Castings China\" width=\"800\" height=\"450\" src=\"https:\/\/www.youtube.com\/embed\/N6ODcxK8_lg?feature=oembed\" frameborder=\"0\" allow=\"accelerometer; autoplay; clipboard-write; encrypted-media; gyroscope; picture-in-picture; web-share\" referrerpolicy=\"strict-origin-when-cross-origin\" allowfullscreen><\/iframe>\n<\/div><\/figure>\n\n\n\n<h2 class=\"wp-block-heading\">\u00bfPor qu\u00e9 Die Castings China?<\/h2>\n\n\n\n<p>Nuestra empresa de servicios integrales est\u00e1 especializada en la fabricaci\u00f3n de productos de fundici\u00f3n fabricados con materiales de aleaci\u00f3n de aluminio y zinc. Nuestros conocimientos, combinados con m\u00e9todos estructurados de gesti\u00f3n de proyectos, ayudan a los clientes desde el concepto, pasando por la creaci\u00f3n r\u00e1pida de prototipos, el utillaje y las fases de preproducci\u00f3n, hasta la fabricaci\u00f3n a gran escala.<\/p>\n\n\n\n<p>El taller de <a href=\"\/es\/ningbo-xusheng-machinery-die-casting-china\/\">Fundici\u00f3n a presi\u00f3n China<\/a> incluye una gran variedad de m\u00e1quinas con un tonelaje que oscila entre 160T y 2.500T.<\/p>\n\n\n\n<p>Adem\u00e1s, contamos con secciones exclusivas para <a href=\"\/es\/servicios-de-fundicion-a-presion-china\/zinc-die-casting-china\/\">aleaci\u00f3n de zinc<\/a> y <a href=\"\/es\/servicios-de-fundicion-a-presion-china\/fundicion-de-aluminio-a-presion\/\">fundici\u00f3n de aluminio<\/a>. Estamos equipados con varios hornos de fusi\u00f3n por concentraci\u00f3n de gas natural, un horno el\u00e9ctrico de mantenimiento y una l\u00ednea de producci\u00f3n por infiltraci\u00f3n. Somos un fabricante y proveedor de piezas mec\u00e1nicas orientado a la calidad; cumplimos plenamente las normas de calidad TS16949. Nuestras instalaciones de servicio de 470.000 pies cuadrados se dividen entre los procesos de aluminio\/zinc y las operaciones de mecanizado secundario. Esta diversidad de fabricaci\u00f3n le permite tomar sus componentes m\u00e1s complejos y entregarlos en sus instalaciones de fabricaci\u00f3n mecanizados a medida.<\/p>\n\n\n\n<h3 class=\"wp-block-heading\">Me interesa saber m\u00e1s sobre estos procesos espec\u00edficos de fundici\u00f3n:<\/h3>\n\n\n\n<ul class=\"wp-block-list\">\n<li><a href=\"\/es\/die-casting-china\/fundicion-de-aluminio-a-presion\/\"><strong>Servicios de aluminio<\/strong><\/a><\/li>\n\n\n\n<li><a href=\"\/es\/die-casting-china\/fundicion-inyectada-de-zinc\/\"><strong>Servicios de zinc<br><\/strong><\/a><\/li>\n\n\n\n<li><\/li>\n<\/ul>\n\n\n\n<figure class=\"wp-block-image aligncenter size-full\"><img fetchpriority=\"high\" decoding=\"async\" width=\"900\" height=\"500\" src=\"https:\/\/www.diecastingschina.com\/wp-content\/uploads\/2025\/02\/die-casting-machines.jpg\" alt=\"\" class=\"wp-image-653\" title=\"M\u00e1quinas de fundici\u00f3n a presi\u00f3n\" srcset=\"https:\/\/www.diecastingschina.com\/wp-content\/uploads\/2025\/02\/die-casting-machines.jpg 900w, https:\/\/www.diecastingschina.com\/wp-content\/uploads\/2025\/02\/die-casting-machines-300x167.jpg 300w, https:\/\/www.diecastingschina.com\/wp-content\/uploads\/2025\/02\/die-casting-machines-768x427.jpg 768w\" sizes=\"(max-width: 900px) 100vw, 900px\" \/><\/figure>\n\n\n\n<p><\/p>\n\n\n\n<p>Entre los principales puntos fuertes de fabricaci\u00f3n de nuestra empresa figuran los productos de fundici\u00f3n a presi\u00f3n para la cadena cinem\u00e1tica o el control del movimiento en aplicaciones de motores, transmisiones y electr\u00f3nica. Por ejemplo, cajas de cambios para transmisiones de alta resistencia y carcasas para sensores, carcasas de motores, arandelas de empuje de aluminio y estatores para convertidores de par.<\/p>\n\n\n\n<figure class=\"wp-block-image aligncenter size-full\"><a href=\"\/es\/contact-die-castings-china\/\"><img decoding=\"async\" width=\"940\" height=\"80\" src=\"https:\/\/www.diecastingschina.com\/wp-content\/uploads\/2025\/02\/satisfaction.jpg\" alt=\"\" class=\"wp-image-652\" title=\"M\u00e1quinas de fundici\u00f3n a presi\u00f3n\" srcset=\"https:\/\/www.diecastingschina.com\/wp-content\/uploads\/2025\/02\/satisfaction.jpg 940w, https:\/\/www.diecastingschina.com\/wp-content\/uploads\/2025\/02\/satisfaction-300x26.jpg 300w, https:\/\/www.diecastingschina.com\/wp-content\/uploads\/2025\/02\/satisfaction-768x65.jpg 768w\" sizes=\"(max-width: 940px) 100vw, 940px\" \/><\/a><\/figure>","protected":false},"excerpt":{"rendered":"<p>Die casting is used to produce zinc and aluminum parts, by injecting molten material \u2013 under high pressure \u2013 into reusable steel molds (also known as dies). They can be designed to produce very complicated parts with pin point accuracy. Our die casting company manufactures parts with sharp definition, strong material integrity and smooth or [&hellip;]<\/p>\n","protected":false},"author":3,"featured_media":0,"parent":0,"menu_order":0,"comment_status":"closed","ping_status":"closed","template":"","meta":{"footnotes":""},"class_list":["post-645","page","type-page","status-publish","hentry"],"_links":{"self":[{"href":"https:\/\/www.diecastingschina.com\/es\/wp-json\/wp\/v2\/pages\/645","targetHints":{"allow":["GET"]}}],"collection":[{"href":"https:\/\/www.diecastingschina.com\/es\/wp-json\/wp\/v2\/pages"}],"about":[{"href":"https:\/\/www.diecastingschina.com\/es\/wp-json\/wp\/v2\/types\/page"}],"author":[{"embeddable":true,"href":"https:\/\/www.diecastingschina.com\/es\/wp-json\/wp\/v2\/users\/3"}],"replies":[{"embeddable":true,"href":"https:\/\/www.diecastingschina.com\/es\/wp-json\/wp\/v2\/comments?post=645"}],"version-history":[{"count":0,"href":"https:\/\/www.diecastingschina.com\/es\/wp-json\/wp\/v2\/pages\/645\/revisions"}],"wp:attachment":[{"href":"https:\/\/www.diecastingschina.com\/es\/wp-json\/wp\/v2\/media?parent=645"}],"curies":[{"name":"wp","href":"https:\/\/api.w.org\/{rel}","templated":true}]}}