{"id":739,"date":"2025-02-28T10:35:55","date_gmt":"2025-02-28T10:35:55","guid":{"rendered":"https:\/\/www.diecastingschina.com\/?page_id=739"},"modified":"2025-02-28T10:36:21","modified_gmt":"2025-02-28T10:36:21","slug":"usa-mexiko-buros","status":"publish","type":"page","link":"https:\/\/www.diecastingschina.com\/de\/cnm-tech-druckguss-china\/usa-mexiko-buros\/","title":{"rendered":"USA\/Mexiko-B\u00fcros"},"content":{"rendered":"<p>F\u00fcr viele Erstausr\u00fcster ist es ein st\u00e4ndiges Problem, kosteng\u00fcnstige, qualitativ hochwertige Produkte in die Produktion zu bringen, ohne dass es zu Lagerproblemen kommt. Wenn die kleinsten und einfachsten Teile nicht verf\u00fcgbar sind, kann dies zum Stillstand einer ganzen Produktionslinie f\u00fchren, was wiederum Stress f\u00fcr die Eink\u00e4ufer bedeutet, da sie in letzter Sekunde Teile zu zus\u00e4tzlichen Kosten bestellen m\u00fcssen.<\/p>\n\n\n\n<h2 class=\"wp-block-heading\">Haben Sie mit der Nachfrage zu k\u00e4mpfen, weil Sie immer wieder Teile bestellen, die nicht auf Lager sind?<\/h2>\n\n\n\n<p>Durch die Erstellung einer Liste von Produktionsteilen und gesch\u00e4tzten Verbrauchsraten vereinbaren wir eine Bestellung mit der festgelegten Vertragslaufzeit und dem nicht zu \u00fcbersteigenden Dollarbetrag. Ihr gesamtes Inventar wird bei uns verwaltet <strong>Lagerhallen mit einer Fl\u00e4che von 50.000 oder 75.000 Quadratmetern<\/strong>So k\u00f6nnen Sie Ihr Produkt bei Bedarf schnell bestellen.<\/p>\n\n\n\n<figure class=\"wp-block-image aligncenter size-full\"><a href=\"\/de\/kontakt-druckgussteile-china\/\"><img fetchpriority=\"high\" decoding=\"async\" width=\"940\" height=\"80\" src=\"https:\/\/www.diecastingschina.com\/wp-content\/uploads\/2025\/02\/satisfaction.jpg\" alt=\"\" class=\"wp-image-652\" title=\"Fordern Sie ein Angebot an und starten Sie noch heute\" srcset=\"https:\/\/www.diecastingschina.com\/wp-content\/uploads\/2025\/02\/satisfaction.jpg 940w, https:\/\/www.diecastingschina.com\/wp-content\/uploads\/2025\/02\/satisfaction-300x26.jpg 300w, https:\/\/www.diecastingschina.com\/wp-content\/uploads\/2025\/02\/satisfaction-768x65.jpg 768w\" sizes=\"(max-width: 940px) 100vw, 940px\" \/><\/a><\/figure>","protected":false},"excerpt":{"rendered":"<p>For many original equipment manufacturers, getting low-cost, high quality products onto the production floor without stocking issues is an constant issue. Not having the smallest, simplest parts available, can shutdown an entire production line \u2013 creating purchaser stress by ordering last second parts at extra costs. Are you struggling with demand by always ordering out-of-stock [&hellip;]<\/p>\n","protected":false},"author":3,"featured_media":0,"parent":714,"menu_order":0,"comment_status":"closed","ping_status":"closed","template":"","meta":{"footnotes":""},"class_list":["post-739","page","type-page","status-publish","hentry"],"_links":{"self":[{"href":"https:\/\/www.diecastingschina.com\/de\/wp-json\/wp\/v2\/pages\/739","targetHints":{"allow":["GET"]}}],"collection":[{"href":"https:\/\/www.diecastingschina.com\/de\/wp-json\/wp\/v2\/pages"}],"about":[{"href":"https:\/\/www.diecastingschina.com\/de\/wp-json\/wp\/v2\/types\/page"}],"author":[{"embeddable":true,"href":"https:\/\/www.diecastingschina.com\/de\/wp-json\/wp\/v2\/users\/3"}],"replies":[{"embeddable":true,"href":"https:\/\/www.diecastingschina.com\/de\/wp-json\/wp\/v2\/comments?post=739"}],"version-history":[{"count":0,"href":"https:\/\/www.diecastingschina.com\/de\/wp-json\/wp\/v2\/pages\/739\/revisions"}],"up":[{"embeddable":true,"href":"https:\/\/www.diecastingschina.com\/de\/wp-json\/wp\/v2\/pages\/714"}],"wp:attachment":[{"href":"https:\/\/www.diecastingschina.com\/de\/wp-json\/wp\/v2\/media?parent=739"}],"curies":[{"name":"wp","href":"https:\/\/api.w.org\/{rel}","templated":true}]}}