{"id":726,"date":"2025-02-28T10:28:50","date_gmt":"2025-02-28T10:28:50","guid":{"rendered":"https:\/\/www.diecastingschina.com\/?page_id=726"},"modified":"2025-02-28T10:30:09","modified_gmt":"2025-02-28T10:30:09","slug":"druckguss-engineering-team","status":"publish","type":"page","link":"https:\/\/www.diecastingschina.com\/de\/druckguss-engineering-team\/","title":{"rendered":"Technik-Team"},"content":{"rendered":"<h2 class=\"wp-block-heading\">Sicherstellen, dass Ihre Druckgussprojekte die effizienteste technische Analyse erhalten<\/h2>\n\n\n\n<figure class=\"wp-block-image alignright size-full\"><img fetchpriority=\"high\" decoding=\"async\" width=\"400\" height=\"411\" src=\"https:\/\/www.diecastingschina.com\/wp-content\/uploads\/2025\/02\/ningbo-xusheng-engineering-team.jpg\" alt=\"\" class=\"wp-image-728\" title=\"Team von Ningbo Xusheng Machinery Engineering\" srcset=\"https:\/\/www.diecastingschina.com\/wp-content\/uploads\/2025\/02\/ningbo-xusheng-engineering-team.jpg 400w, https:\/\/www.diecastingschina.com\/wp-content\/uploads\/2025\/02\/ningbo-xusheng-engineering-team-292x300.jpg 292w\" sizes=\"(max-width: 400px) 100vw, 400px\" \/><\/figure>\n\n\n\n<p><a href=\"\/de\/ningbo-xusheng-machinery-die-casting-china\/\">Druckgussteile China<\/a> ist ein \"menschenorientierter, technologieorientierter Marktf\u00fchrer\" in der <a href=\"\/de\/druckguss-dienstleistungen-china\/\">Druckgussindustrie<\/a>. Unser technisches Personal bleibt auf dem neuesten Stand der Technik, indem es regelm\u00e4\u00dfig an fortschrittlichen Management- und technischen Schulungen teilnimmt.<\/p>\n\n\n\n<p>Unsere hochqualifizierten, spezialisierten Ingenieure unterst\u00fctzen unsere Kunden und Interessenten bei der Angebotserstellung, dem Rapid Prototyping und der Konstruktion von Werkzeugen. Sie arbeiten eng mit der Komponentenproduktion und der Qualit\u00e4tsstrategie zusammen. Diese standardisierten Bem\u00fchungen schaffen eine effiziente Methode f\u00fcr funktionale, praktische Werkzeugdesigns zur Verbesserung der Qualit\u00e4t in allen Phasen der Entwicklung und Produktion.<\/p>\n\n\n\n<p>Derzeit haben wir mehr als 130 erfahrene interne Mitarbeiter f\u00fcr verschiedene wissenschaftliche und technische Aufgaben. Au\u00dferdem haben wir mehr als 40 Teammitglieder, die sich ausschlie\u00dflich der Forschung und Technologie widmen.<\/p>\n\n\n\n<h2 class=\"wp-block-heading\">Dienstleistungen im Bereich Prototypenbau<\/h2>\n\n\n\n<p>Wir bem\u00fchen uns st\u00e4ndig, Druckguss-Prototypen zu liefern, die von kleineren Einzelteilen bis hin zu kompletten Baugruppen reichen, die vor der Produktion auf Passform, Form und Funktion gepr\u00fcft werden k\u00f6nnen. Es k\u00f6nnen Prototypen hergestellt werden, die \u00e4hnliche Eigenschaften wie ein Druckgussst\u00fcck haben. Diese Druckgussteile k\u00f6nnen verwendet werden, um die Leistung des Endprodukts zu \u00fcberpr\u00fcfen.<\/p>\n\n\n\n<p>Die Flie\u00dfmodellierung bietet eine Computersimulation des Metallflusses innerhalb der Stahldruckgussform. Die Flie\u00dfsimulationen zeigen potenzielle Problemstellen auf, die durch \u00c4nderungen am Teil, am Anguss, am Schieber oder am \u00dcberlaufsystem vor dem Bau der Form beseitigt werden k\u00f6nnen. Dies verbessert den Erfolg beim ersten Durchlauf und tr\u00e4gt dazu bei, die f\u00fcr die Einf\u00fchrung eines neuen Programms erforderliche Zeit zu verk\u00fcrzen.<\/p>\n\n\n\n<figure class=\"wp-block-image aligncenter size-full\"><a href=\"\/de\/kontakt-druckgussteile-china\/\"><img decoding=\"async\" width=\"940\" height=\"80\" src=\"https:\/\/www.diecastingschina.com\/wp-content\/uploads\/2025\/02\/satisfaction.jpg\" alt=\"\" class=\"wp-image-652\" title=\"Fordern Sie ein Angebot an und starten Sie noch heute\" srcset=\"https:\/\/www.diecastingschina.com\/wp-content\/uploads\/2025\/02\/satisfaction.jpg 940w, https:\/\/www.diecastingschina.com\/wp-content\/uploads\/2025\/02\/satisfaction-300x26.jpg 300w, https:\/\/www.diecastingschina.com\/wp-content\/uploads\/2025\/02\/satisfaction-768x65.jpg 768w\" sizes=\"(max-width: 940px) 100vw, 940px\" \/><\/a><\/figure>","protected":false},"excerpt":{"rendered":"<p>Ensuring your die cast projects receive the most efficient engineering analysis Die Castings China is a \u201cpeople oriented, technology focused leader\u201d in the die casting industry. Our Engineering staff&nbsp; stays current with the latest technology by receiving the most advanced management and technical training on a regular basis. Our highly skilled, specialized engineers provide assistance [&hellip;]<\/p>\n","protected":false},"author":3,"featured_media":0,"parent":0,"menu_order":0,"comment_status":"closed","ping_status":"closed","template":"","meta":{"footnotes":""},"class_list":["post-726","page","type-page","status-publish","hentry"],"_links":{"self":[{"href":"https:\/\/www.diecastingschina.com\/de\/wp-json\/wp\/v2\/pages\/726","targetHints":{"allow":["GET"]}}],"collection":[{"href":"https:\/\/www.diecastingschina.com\/de\/wp-json\/wp\/v2\/pages"}],"about":[{"href":"https:\/\/www.diecastingschina.com\/de\/wp-json\/wp\/v2\/types\/page"}],"author":[{"embeddable":true,"href":"https:\/\/www.diecastingschina.com\/de\/wp-json\/wp\/v2\/users\/3"}],"replies":[{"embeddable":true,"href":"https:\/\/www.diecastingschina.com\/de\/wp-json\/wp\/v2\/comments?post=726"}],"version-history":[{"count":0,"href":"https:\/\/www.diecastingschina.com\/de\/wp-json\/wp\/v2\/pages\/726\/revisions"}],"wp:attachment":[{"href":"https:\/\/www.diecastingschina.com\/de\/wp-json\/wp\/v2\/media?parent=726"}],"curies":[{"name":"wp","href":"https:\/\/api.w.org\/{rel}","templated":true}]}}