{"id":722,"date":"2025-02-28T10:24:40","date_gmt":"2025-02-28T10:24:40","guid":{"rendered":"https:\/\/www.diecastingschina.com\/?page_id=722"},"modified":"2025-02-28T10:27:04","modified_gmt":"2025-02-28T10:27:04","slug":"qualitatskontrolle-druckguss","status":"publish","type":"page","link":"https:\/\/www.diecastingschina.com\/de\/qualitatskontrolle-druckguss\/","title":{"rendered":"Qualit\u00e4tskontrolle"},"content":{"rendered":"<p>Die Mitarbeiter der Qualit\u00e4tskontrolle bei <a href=\"\/de\/ningbo-xusheng-machinery-die-casting-china\/\">Druckgussteile China<\/a> sicherstellen, dass unsere <a href=\"\/de\/druckguss-dienstleistungen-china\/\">Druckguss<\/a> Team bietet weiterhin die besten<a href=\"\/de\/druckguss-dienstleistungen-china\/aluminiumdruckguss\/\"> Aluminiumdruckguss<\/a> und <a href=\"\/de\/druckguss-dienstleistungen-china\/zinkdruckguss-porzellan\/\">Zinkdruckgussteile<\/a>.<\/p>\n\n\n\n<p>Unser Druckgusspr\u00fcfungs- und Qualit\u00e4tskontrollprotokoll wird durch die Zertifizierungen TS16949 und QS9000 strengstens eingehalten. Die 3D-KMG-Sensoren, Skalen und Messschieber werden regelm\u00e4\u00dfig gewartet und kalibriert, um sicherzustellen, dass unsere Druckgussteile pr\u00e4zise sind und die erforderlichen Spezifikationen erf\u00fcllen.<\/p>\n\n\n\n<p>Die Mitarbeiter der Qualit\u00e4tskontrolle absolvieren laufend Schulungen und Trainings zu allen Pr\u00fcfmaschinen und neuen Funktionen. Es ist unsere Philosophie, dass das Kontrollpersonal qualit\u00e4tsbewusst ist; zus\u00e4tzliche Zeit und M\u00fche, die auf Ihr Projekt verwendet wird, verbessert die Endbearbeitung des Produkts.<\/p>\n\n\n\n<figure class=\"wp-block-embed is-type-video is-provider-youtube wp-block-embed-youtube wp-embed-aspect-16-9 wp-has-aspect-ratio\"><div class=\"wp-block-embed__wrapper\">\n<iframe title=\"Ingenieure f\u00fcr Qualit\u00e4tskontrolle bei Die Castings USA\" width=\"800\" height=\"450\" src=\"https:\/\/www.youtube.com\/embed\/39Wtxm-XzjE?feature=oembed\" frameborder=\"0\" allow=\"accelerometer; autoplay; clipboard-write; encrypted-media; gyroscope; picture-in-picture; web-share\" referrerpolicy=\"strict-origin-when-cross-origin\" allowfullscreen><\/iframe>\n<\/div><\/figure>\n\n\n\n<h2 class=\"wp-block-heading\">Zwecke der Qualit\u00e4tskontrolle<\/h2>\n\n\n\n<p>Wir verwenden f\u00fcr alle unsere Druckgussteile eine Qualit\u00e4tssicherungs-Checkliste, um effektiv zu verfolgen und zu \u00fcberpr\u00fcfen, ob die f\u00fcr unsere Kunden hergestellten Druckgussteile die erforderlichen Standards und Anforderungen erf\u00fcllen.<\/p>\n\n\n\n<ul class=\"wp-block-list\">\n<li>ISO-konformes Qualit\u00e4tssystem vorhanden<\/li>\n\n\n\n<li>Erste Artikelinspektion \/ Berichte<\/li>\n\n\n\n<li>Zertifizierung von Materialien<\/li>\n\n\n\n<li>PPAP<\/li>\n<\/ul>\n\n\n\n<h2 class=\"wp-block-heading\">Liste der Qualit\u00e4tskontrollger\u00e4te<\/h2>\n\n\n\n<p><strong>Hochpr\u00e4zisions-KMG-Liste<\/strong><\/p>\n\n\n\n<ul class=\"wp-block-list\">\n<li>(1) Metro-3D 7106<\/li>\n\n\n\n<li>(1) Metro-3D 675<\/li>\n\n\n\n<li>(1) Metro-3D 654<\/li>\n<\/ul>\n\n\n\n<p><strong>Universal-Zugpr\u00fcfmaschine Liste<\/strong><\/p>\n\n\n\n<ul class=\"wp-block-list\">\n<li>(1) Greenster WDW-50<\/li>\n<\/ul>\n\n\n\n<p><strong>Liste der Rauheitsmessger\u00e4te<\/strong><\/p>\n\n\n\n<ul class=\"wp-block-list\">\n<li>(1) Accretech E35B<\/li>\n<\/ul>\n\n\n\n<p><strong>H\u00e4rtepr\u00fcfer Liste<\/strong><\/p>\n\n\n\n<ul class=\"wp-block-list\">\n<li>(1) Lianer 187.5HBW<\/li>\n<\/ul>\n\n\n\n<p><strong>Liste der Sauberkeitspr\u00fcfger\u00e4te<\/strong><\/p>\n\n\n\n<ul class=\"wp-block-list\">\n<li>(1) Fengming<\/li>\n<\/ul>\n\n\n\n<p><strong>Liste der Spektrographen<\/strong><\/p>\n\n\n\n<ul class=\"wp-block-list\">\n<li>(1) Spektrum SPECTRO MAXX<\/li>\n<\/ul>\n\n\n\n<p><strong>R\u00f6ntgenpr\u00fcfger\u00e4teliste<\/strong><\/p>\n\n\n\n<ul class=\"wp-block-list\">\n<li>(1) Aolong XYD-1504<\/li>\n<\/ul>\n\n\n\n<p><strong>Salznebel Tester Liste<\/strong><\/p>\n\n\n\n<ul class=\"wp-block-list\">\n<li>(1) Wuxi Yingzhicheng YWX\/Q-150<\/li>\n<\/ul>\n\n\n\n<p><strong>Projektor-Liste<\/strong><\/p>\n\n\n\n<ul class=\"wp-block-list\">\n<li>(1) Easson EV3020<\/li>\n<\/ul>\n\n\n\n<h2 class=\"wp-block-heading\">Umweltpolitik<\/h2>\n\n\n\n<p>Bei Die Castings China setzen wir uns f\u00fcr einen umweltfreundlichen Betrieb ein. Die Vermeidung von Umweltverschmutzung und die Einhaltung regionaler Gesetze und Vorschriften erm\u00f6glichen es uns, eine nachhaltige Entwicklung zu erreichen und gleichzeitig die Umweltverschmutzung zu begrenzen.<\/p>\n\n\n\n<figure class=\"wp-block-image aligncenter size-full\"><a href=\"\/de\/kontakt-druckgussteile-china\/\"><img fetchpriority=\"high\" decoding=\"async\" width=\"940\" height=\"80\" src=\"https:\/\/www.diecastingschina.com\/wp-content\/uploads\/2025\/02\/satisfaction.jpg\" alt=\"\" class=\"wp-image-652\" title=\"Fordern Sie ein Angebot an und starten Sie noch heute\" srcset=\"https:\/\/www.diecastingschina.com\/wp-content\/uploads\/2025\/02\/satisfaction.jpg 940w, https:\/\/www.diecastingschina.com\/wp-content\/uploads\/2025\/02\/satisfaction-300x26.jpg 300w, https:\/\/www.diecastingschina.com\/wp-content\/uploads\/2025\/02\/satisfaction-768x65.jpg 768w\" sizes=\"(max-width: 940px) 100vw, 940px\" \/><\/a><\/figure>","protected":false},"excerpt":{"rendered":"<p>The quality control staff at Die Castings China ensure that our die casting team continues to provide the best aluminum die casting and zinc die cast parts. Our die casting inspection and quality control protocol are strictly enforced through TS16949 and QS9000 certifications. The 3D CMM sensors, scales and calipers are regularly serviced and calibrated [&hellip;]<\/p>\n","protected":false},"author":3,"featured_media":0,"parent":0,"menu_order":0,"comment_status":"closed","ping_status":"closed","template":"","meta":{"footnotes":""},"class_list":["post-722","page","type-page","status-publish","hentry"],"_links":{"self":[{"href":"https:\/\/www.diecastingschina.com\/de\/wp-json\/wp\/v2\/pages\/722","targetHints":{"allow":["GET"]}}],"collection":[{"href":"https:\/\/www.diecastingschina.com\/de\/wp-json\/wp\/v2\/pages"}],"about":[{"href":"https:\/\/www.diecastingschina.com\/de\/wp-json\/wp\/v2\/types\/page"}],"author":[{"embeddable":true,"href":"https:\/\/www.diecastingschina.com\/de\/wp-json\/wp\/v2\/users\/3"}],"replies":[{"embeddable":true,"href":"https:\/\/www.diecastingschina.com\/de\/wp-json\/wp\/v2\/comments?post=722"}],"version-history":[{"count":0,"href":"https:\/\/www.diecastingschina.com\/de\/wp-json\/wp\/v2\/pages\/722\/revisions"}],"wp:attachment":[{"href":"https:\/\/www.diecastingschina.com\/de\/wp-json\/wp\/v2\/media?parent=722"}],"curies":[{"name":"wp","href":"https:\/\/api.w.org\/{rel}","templated":true}]}}