{"id":645,"date":"2025-02-28T09:33:35","date_gmt":"2025-02-28T09:33:35","guid":{"rendered":"https:\/\/www.diecastingschina.com\/?page_id=645"},"modified":"2025-02-28T09:41:52","modified_gmt":"2025-02-28T09:41:52","slug":"druckguss-dienstleistungen-china","status":"publish","type":"page","link":"https:\/\/www.diecastingschina.com\/de\/druckguss-dienstleistungen-china\/","title":{"rendered":"Druckguss-Dienstleistungen"},"content":{"rendered":"<p><strong>Druckguss<\/strong> wird verwendet zur Herstellung von <a href=\"\/de\/druckguss-dienstleistungen-china\/zinkdruckguss-porzellan\/\">Zink<\/a> und <a href=\"\/de\/druckguss-dienstleistungen-china\/aluminiumdruckguss\/\">Aluminium<\/a> durch Einspritzen von geschmolzenem Material - unter hohem Druck - in wiederverwendbare Teile <a href=\"\/de\/druckguss-werkzeugbau-formenbau-china\/\">Stahlformen (auch als Matrizen bezeichnet)<\/a>. Sie k\u00f6nnen so konzipiert werden, dass sie sehr komplizierte Teile mit h\u00f6chster Genauigkeit herstellen. Unser Druckgussunternehmen fertigt Teile mit scharfer Definition, starker Materialintegrit\u00e4t und glatter oder strukturierter Oberfl\u00e4che. Unser Unternehmen ist ein Tier-1- und Tier-2-Lieferant f\u00fcr die folgenden Branchen: <a href=\"\/de\/automobil-druckguss\/\">Automobilindustrie<\/a>, <a href=\"\/de\/landwirtschaftlicher-druckguss\/\">Landwirtschaft<\/a>, <a href=\"\/de\/nutzfahrzeug-druckguss\/\">Nutzfahrzeug<\/a>, <a href=\"\/de\/druckguss-fur-schwere-gerate\/\">Schwere Ausr\u00fcstung<\/a>Off-Highway- und Freizeit-Fahrzeuge.<\/p>\n\n\n\n<figure class=\"wp-block-embed is-type-video is-provider-youtube wp-block-embed-youtube wp-embed-aspect-16-9 wp-has-aspect-ratio\"><div class=\"wp-block-embed__wrapper\">\n<iframe title=\"Druckguss 101 - Aluminium-Druckgussverfahren von Die Castings China\" width=\"800\" height=\"450\" src=\"https:\/\/www.youtube.com\/embed\/N6ODcxK8_lg?feature=oembed\" frameborder=\"0\" allow=\"accelerometer; autoplay; clipboard-write; encrypted-media; gyroscope; picture-in-picture; web-share\" referrerpolicy=\"strict-origin-when-cross-origin\" allowfullscreen><\/iframe>\n<\/div><\/figure>\n\n\n\n<h2 class=\"wp-block-heading\">Warum Druckgussteile aus China?<\/h2>\n\n\n\n<p>Unser Full-Service-Unternehmen ist auf die Herstellung von Gussprodukten aus Aluminium- und Zinklegierungen spezialisiert. Unser Wissen, kombiniert mit strukturierten Projektmanagement-Methoden, unterst\u00fctzt Kunden vom Konzept \u00fcber Rapid Prototyping, Werkzeugbau und Vorproduktionsphasen bis hin zur Serienfertigung.<\/p>\n\n\n\n<p>Der Workshop bei <a href=\"\/de\/ningbo-xusheng-machinery-die-casting-china\/\">Druckgussteile China<\/a> umfasst eine gro\u00dfe Auswahl an Maschinen mit einer Tonnage von 160 t bis 2.500 t.<\/p>\n\n\n\n<p>Au\u00dferdem bieten wir hochkar\u00e4tige Bereiche f\u00fcr <a href=\"\/de\/druckguss-dienstleistungen-china\/zinkdruckguss-porzellan\/\">Zinklegierung<\/a> und <a href=\"\/de\/druckguss-dienstleistungen-china\/aluminiumdruckguss\/\">Aluminiumguss<\/a>. Wir verf\u00fcgen \u00fcber mehrere Schmelzanlagen mit Erdgaskonzentration, einen Elektroofen und eine Infiltrationsproduktionslinie. Wir sind ein qualit\u00e4tsorientierter Hersteller und Lieferant von mechanischen Teilen, der die Qualit\u00e4tsnormen TS16949 in vollem Umfang einh\u00e4lt. Unsere 470.000 Quadratfu\u00df gro\u00dfe Serviceeinrichtung ist zwischen den Aluminium-\/Zinkprozessen und den sekund\u00e4ren Bearbeitungsprozessen aufgeteilt. Diese Fertigungsvielfalt erm\u00f6glicht es Ihnen, Ihre komplexesten Komponenten an Ihre Produktionsst\u00e4tte zu liefern, wo sie nach dem Druck bearbeitet werden.<\/p>\n\n\n\n<h3 class=\"wp-block-heading\">Ich bin daran interessiert, mehr \u00fcber diese speziellen Gie\u00dfverfahren zu erfahren:<\/h3>\n\n\n\n<ul class=\"wp-block-list\">\n<li><a href=\"\/de\/die-casting-china\/aluminiumdruckguss\/\"><strong>Aluminium-Dienstleistungen<\/strong><\/a><\/li>\n\n\n\n<li><a href=\"\/de\/die-casting-china\/zinkdruckguss\/\"><strong>Zink-Dienstleistungen<br><\/strong><\/a><\/li>\n\n\n\n<li><\/li>\n<\/ul>\n\n\n\n<figure class=\"wp-block-image aligncenter size-full\"><img fetchpriority=\"high\" decoding=\"async\" width=\"900\" height=\"500\" src=\"https:\/\/www.diecastingschina.com\/wp-content\/uploads\/2025\/02\/die-casting-machines.jpg\" alt=\"\" class=\"wp-image-653\" title=\"Druckgie\u00dfmaschinen\" srcset=\"https:\/\/www.diecastingschina.com\/wp-content\/uploads\/2025\/02\/die-casting-machines.jpg 900w, https:\/\/www.diecastingschina.com\/wp-content\/uploads\/2025\/02\/die-casting-machines-300x167.jpg 300w, https:\/\/www.diecastingschina.com\/wp-content\/uploads\/2025\/02\/die-casting-machines-768x427.jpg 768w\" sizes=\"(max-width: 900px) 100vw, 900px\" \/><\/figure>\n\n\n\n<p><\/p>\n\n\n\n<p>Zu den Kernkompetenzen unseres Unternehmens geh\u00f6ren Druckgussprodukte f\u00fcr die Antriebs- und Bewegungssteuerung in den Bereichen Motor, Getriebe und Elektronik. Zum Beispiel Getriebe f\u00fcr Schwerlastgetriebe und Geh\u00e4use f\u00fcr Sensoren, Motorgeh\u00e4use, Aluminium-Druckscheiben und Statoren f\u00fcr Drehmomentwandler.<\/p>\n\n\n\n<figure class=\"wp-block-image aligncenter size-full\"><a href=\"\/de\/kontakt-druckgussteile-china\/\"><img decoding=\"async\" width=\"940\" height=\"80\" src=\"https:\/\/www.diecastingschina.com\/wp-content\/uploads\/2025\/02\/satisfaction.jpg\" alt=\"\" class=\"wp-image-652\" title=\"Druckgie\u00dfmaschinen\" srcset=\"https:\/\/www.diecastingschina.com\/wp-content\/uploads\/2025\/02\/satisfaction.jpg 940w, https:\/\/www.diecastingschina.com\/wp-content\/uploads\/2025\/02\/satisfaction-300x26.jpg 300w, https:\/\/www.diecastingschina.com\/wp-content\/uploads\/2025\/02\/satisfaction-768x65.jpg 768w\" sizes=\"(max-width: 940px) 100vw, 940px\" \/><\/a><\/figure>","protected":false},"excerpt":{"rendered":"<p>Die casting is used to produce zinc and aluminum parts, by injecting molten material \u2013 under high pressure \u2013 into reusable steel molds (also known as dies). They can be designed to produce very complicated parts with pin point accuracy. Our die casting company manufactures parts with sharp definition, strong material integrity and smooth or [&hellip;]<\/p>\n","protected":false},"author":3,"featured_media":0,"parent":0,"menu_order":0,"comment_status":"closed","ping_status":"closed","template":"","meta":{"footnotes":""},"class_list":["post-645","page","type-page","status-publish","hentry"],"_links":{"self":[{"href":"https:\/\/www.diecastingschina.com\/de\/wp-json\/wp\/v2\/pages\/645","targetHints":{"allow":["GET"]}}],"collection":[{"href":"https:\/\/www.diecastingschina.com\/de\/wp-json\/wp\/v2\/pages"}],"about":[{"href":"https:\/\/www.diecastingschina.com\/de\/wp-json\/wp\/v2\/types\/page"}],"author":[{"embeddable":true,"href":"https:\/\/www.diecastingschina.com\/de\/wp-json\/wp\/v2\/users\/3"}],"replies":[{"embeddable":true,"href":"https:\/\/www.diecastingschina.com\/de\/wp-json\/wp\/v2\/comments?post=645"}],"version-history":[{"count":0,"href":"https:\/\/www.diecastingschina.com\/de\/wp-json\/wp\/v2\/pages\/645\/revisions"}],"wp:attachment":[{"href":"https:\/\/www.diecastingschina.com\/de\/wp-json\/wp\/v2\/media?parent=645"}],"curies":[{"name":"wp","href":"https:\/\/api.w.org\/{rel}","templated":true}]}}