{"id":739,"date":"2025-02-28T10:35:55","date_gmt":"2025-02-28T10:35:55","guid":{"rendered":"https:\/\/www.diecastingschina.com\/?page_id=739"},"modified":"2025-02-28T10:36:21","modified_gmt":"2025-02-28T10:36:21","slug":"usa-mexico-kontorer","status":"publish","type":"page","link":"https:\/\/www.diecastingschina.com\/da\/cnm-tech-trykstobning-kina\/usa-mexico-kontorer\/","title":{"rendered":"Kontorer i USA \/ Mexico"},"content":{"rendered":"<p>For mange producenter af originalt udstyr er det et konstant problem at f\u00e5 billige produkter af h\u00f8j kvalitet ud p\u00e5 produktionsgulvet uden problemer med lagerbeholdningen. Hvis man ikke har de mindste og enkleste dele til r\u00e5dighed, kan det lukke en hel produktionslinje ned - og skabe stress hos indk\u00f8berne ved at bestille dele i sidste sekund til ekstra omkostninger.<\/p>\n\n\n\n<h2 class=\"wp-block-heading\">K\u00e6mper du med eftersp\u00f8rgslen ved altid at bestille dele, der ikke er p\u00e5 lager?<\/h2>\n\n\n\n<p>Ved at opstille en liste over produktionsdele og ansl\u00e5ede forbrugsrater bliver vi enige om en indk\u00f8bsordre med den fastsatte kontraktperiode og et bel\u00f8b, der ikke m\u00e5 overskrides. Hele din lagerbeholdning administreres i vores <strong>Lagerbygninger p\u00e5 50.000 kvadratmeter eller 75.000 kvadratmeter<\/strong>s\u00e5 du hurtigt kan bestille dit produkt efter behov.<\/p>\n\n\n\n<figure class=\"wp-block-image aligncenter size-full\"><a href=\"\/da\/kontakt-til-trykstobning-i-kina\/\"><img fetchpriority=\"high\" decoding=\"async\" width=\"940\" height=\"80\" src=\"https:\/\/www.diecastingschina.com\/wp-content\/uploads\/2025\/02\/satisfaction.jpg\" alt=\"\" class=\"wp-image-652\" title=\"Bed om et tilbud og kom i gang i dag\" srcset=\"https:\/\/www.diecastingschina.com\/wp-content\/uploads\/2025\/02\/satisfaction.jpg 940w, https:\/\/www.diecastingschina.com\/wp-content\/uploads\/2025\/02\/satisfaction-300x26.jpg 300w, https:\/\/www.diecastingschina.com\/wp-content\/uploads\/2025\/02\/satisfaction-768x65.jpg 768w\" sizes=\"(max-width: 940px) 100vw, 940px\" \/><\/a><\/figure>","protected":false},"excerpt":{"rendered":"<p>For many original equipment manufacturers, getting low-cost, high quality products onto the production floor without stocking issues is an constant issue. Not having the smallest, simplest parts available, can shutdown an entire production line \u2013 creating purchaser stress by ordering last second parts at extra costs. Are you struggling with demand by always ordering out-of-stock [&hellip;]<\/p>\n","protected":false},"author":3,"featured_media":0,"parent":714,"menu_order":0,"comment_status":"closed","ping_status":"closed","template":"","meta":{"footnotes":""},"class_list":["post-739","page","type-page","status-publish","hentry"],"_links":{"self":[{"href":"https:\/\/www.diecastingschina.com\/da\/wp-json\/wp\/v2\/pages\/739","targetHints":{"allow":["GET"]}}],"collection":[{"href":"https:\/\/www.diecastingschina.com\/da\/wp-json\/wp\/v2\/pages"}],"about":[{"href":"https:\/\/www.diecastingschina.com\/da\/wp-json\/wp\/v2\/types\/page"}],"author":[{"embeddable":true,"href":"https:\/\/www.diecastingschina.com\/da\/wp-json\/wp\/v2\/users\/3"}],"replies":[{"embeddable":true,"href":"https:\/\/www.diecastingschina.com\/da\/wp-json\/wp\/v2\/comments?post=739"}],"version-history":[{"count":0,"href":"https:\/\/www.diecastingschina.com\/da\/wp-json\/wp\/v2\/pages\/739\/revisions"}],"up":[{"embeddable":true,"href":"https:\/\/www.diecastingschina.com\/da\/wp-json\/wp\/v2\/pages\/714"}],"wp:attachment":[{"href":"https:\/\/www.diecastingschina.com\/da\/wp-json\/wp\/v2\/media?parent=739"}],"curies":[{"name":"wp","href":"https:\/\/api.w.org\/{rel}","templated":true}]}}