{"id":722,"date":"2025-02-28T10:24:40","date_gmt":"2025-02-28T10:24:40","guid":{"rendered":"https:\/\/www.diecastingschina.com\/?page_id=722"},"modified":"2025-02-28T10:27:04","modified_gmt":"2025-02-28T10:27:04","slug":"kvalitetskontrol-af-trykstobning","status":"publish","type":"page","link":"https:\/\/www.diecastingschina.com\/da\/kvalitetskontrol-af-trykstobning\/","title":{"rendered":"Kvalitetskontrol"},"content":{"rendered":"<p>Kvalitetskontrolpersonalet hos <a href=\"\/da\/ningbo-xusheng-machinery-die-casting-china\/\">Trykst\u00f8bning Kina<\/a> sikre, at vores <a href=\"\/da\/trykstobningstjenester-i-kina\/\">trykst\u00f8bning<\/a> team forts\u00e6tter med at levere det bedste<a href=\"\/da\/trykstobningstjenester-i-kina\/trykstobning-af-aluminium\/\"> trykst\u00f8bning af aluminium<\/a> og <a href=\"\/da\/trykstobningstjenester-i-kina\/trykstobning-af-zink-i-kina\/\">Trykst\u00f8bte dele i zink<\/a>.<\/p>\n\n\n\n<p>Vores inspektions- og kvalitetskontrolprotokol for trykst\u00f8bning h\u00e5ndh\u00e6ves strengt gennem TS16949- og QS9000-certificeringer. 3D CMM-sensorerne, v\u00e6gtene og skydel\u00e6rerne bliver regelm\u00e6ssigt serviceret og kalibreret for at sikre, at vores trykst\u00f8bte dele er pr\u00e6cise og opfylder de n\u00f8dvendige specifikationer.<\/p>\n\n\n\n<p>Kvalitetskontrolpersonalet gennemf\u00f8rer l\u00f8bende uddannelse og tr\u00e6ning af alle inspektionsmaskiner og nye funktioner. Det er vores filosofi, at inspektionspersonalet skal v\u00e6re kvalitetsbevidst; ekstra tid og indsats fokuseret p\u00e5 dit projekt vil forbedre den endelige produktfinish.<\/p>\n\n\n\n<figure class=\"wp-block-embed is-type-video is-provider-youtube wp-block-embed-youtube wp-embed-aspect-16-9 wp-has-aspect-ratio\"><div class=\"wp-block-embed__wrapper\">\n<iframe title=\"Ingeni\u00f8rer i kvalitetskontrol hos Die Castings USA\" width=\"800\" height=\"450\" src=\"https:\/\/www.youtube.com\/embed\/39Wtxm-XzjE?feature=oembed\" frameborder=\"0\" allow=\"accelerometer; autoplay; clipboard-write; encrypted-media; gyroscope; picture-in-picture; web-share\" referrerpolicy=\"strict-origin-when-cross-origin\" allowfullscreen><\/iframe>\n<\/div><\/figure>\n\n\n\n<h2 class=\"wp-block-heading\">Form\u00e5l med kvalitetskontrol<\/h2>\n\n\n\n<p>Vi bruger en kvalitetssikringscheckliste til alle vores trykst\u00f8bninger for effektivt at spore og verificere, at de producerede trykst\u00f8bninger til vores kunder opfylder de n\u00f8dvendige standarder og krav.<\/p>\n\n\n\n<ul class=\"wp-block-list\">\n<li>ISO-kompatibelt kvalitetssystem p\u00e5 plads<\/li>\n\n\n\n<li>Inspektion af f\u00f8rste artikel \/ rapporter<\/li>\n\n\n\n<li>Certificering af materiale<\/li>\n\n\n\n<li>PPAP<\/li>\n<\/ul>\n\n\n\n<h2 class=\"wp-block-heading\">Liste over udstyr til kvalitetskontrol<\/h2>\n\n\n\n<p><strong>CMM-liste med h\u00f8j pr\u00e6cision<\/strong><\/p>\n\n\n\n<ul class=\"wp-block-list\">\n<li>(1) Metro-3D 7106<\/li>\n\n\n\n<li>(1) Metro-3D 675<\/li>\n\n\n\n<li>(1) Metro-3D 654<\/li>\n<\/ul>\n\n\n\n<p><strong>Liste over universelle tr\u00e6kpr\u00f8vemaskiner<\/strong><\/p>\n\n\n\n<ul class=\"wp-block-list\">\n<li>(1) Greenster WDW-50<\/li>\n<\/ul>\n\n\n\n<p><strong>Liste over instrumenter til m\u00e5ling af ruhed<\/strong><\/p>\n\n\n\n<ul class=\"wp-block-list\">\n<li>(1) Accretech E35B<\/li>\n<\/ul>\n\n\n\n<p><strong>Liste over h\u00e5rdhedstestere<\/strong><\/p>\n\n\n\n<ul class=\"wp-block-list\">\n<li>(1) Lianer 187.5HBW<\/li>\n<\/ul>\n\n\n\n<p><strong>Liste over udstyr til renlighedstest<\/strong><\/p>\n\n\n\n<ul class=\"wp-block-list\">\n<li>(1) Fengming<\/li>\n<\/ul>\n\n\n\n<p><strong>Liste over spektrografer<\/strong><\/p>\n\n\n\n<ul class=\"wp-block-list\">\n<li>(1) Spect SPECTRO MAXX<\/li>\n<\/ul>\n\n\n\n<p><strong>Liste over r\u00f8ntgenfejldetektorer<\/strong><\/p>\n\n\n\n<ul class=\"wp-block-list\">\n<li>(1) Aolong XYD-1504<\/li>\n<\/ul>\n\n\n\n<p><strong>Liste over saltt\u00e5getestere<\/strong><\/p>\n\n\n\n<ul class=\"wp-block-list\">\n<li>(1) Wuxi Yingzhicheng YWX\/Q-150<\/li>\n<\/ul>\n\n\n\n<p><strong>Liste over projektorer<\/strong><\/p>\n\n\n\n<ul class=\"wp-block-list\">\n<li>(1) Easson EV3020<\/li>\n<\/ul>\n\n\n\n<h2 class=\"wp-block-heading\">Milj\u00f8politik<\/h2>\n\n\n\n<p>Hos Die Castings China fremmer vi et milj\u00f8venligt anl\u00e6g. Forebyggelse af milj\u00f8forurening og overholdelse af regionale love og regler giver os mulighed for at opn\u00e5 en b\u00e6redygtig udvikling og samtidig begr\u00e6nse milj\u00f8forureningen.<\/p>\n\n\n\n<figure class=\"wp-block-image aligncenter size-full\"><a href=\"\/da\/kontakt-til-trykstobning-i-kina\/\"><img fetchpriority=\"high\" decoding=\"async\" width=\"940\" height=\"80\" src=\"https:\/\/www.diecastingschina.com\/wp-content\/uploads\/2025\/02\/satisfaction.jpg\" alt=\"\" class=\"wp-image-652\" title=\"Bed om et tilbud og kom i gang i dag\" srcset=\"https:\/\/www.diecastingschina.com\/wp-content\/uploads\/2025\/02\/satisfaction.jpg 940w, https:\/\/www.diecastingschina.com\/wp-content\/uploads\/2025\/02\/satisfaction-300x26.jpg 300w, https:\/\/www.diecastingschina.com\/wp-content\/uploads\/2025\/02\/satisfaction-768x65.jpg 768w\" sizes=\"(max-width: 940px) 100vw, 940px\" \/><\/a><\/figure>","protected":false},"excerpt":{"rendered":"<p>The quality control staff at Die Castings China ensure that our die casting team continues to provide the best aluminum die casting and zinc die cast parts. Our die casting inspection and quality control protocol are strictly enforced through TS16949 and QS9000 certifications. The 3D CMM sensors, scales and calipers are regularly serviced and calibrated [&hellip;]<\/p>\n","protected":false},"author":3,"featured_media":0,"parent":0,"menu_order":0,"comment_status":"closed","ping_status":"closed","template":"","meta":{"footnotes":""},"class_list":["post-722","page","type-page","status-publish","hentry"],"_links":{"self":[{"href":"https:\/\/www.diecastingschina.com\/da\/wp-json\/wp\/v2\/pages\/722","targetHints":{"allow":["GET"]}}],"collection":[{"href":"https:\/\/www.diecastingschina.com\/da\/wp-json\/wp\/v2\/pages"}],"about":[{"href":"https:\/\/www.diecastingschina.com\/da\/wp-json\/wp\/v2\/types\/page"}],"author":[{"embeddable":true,"href":"https:\/\/www.diecastingschina.com\/da\/wp-json\/wp\/v2\/users\/3"}],"replies":[{"embeddable":true,"href":"https:\/\/www.diecastingschina.com\/da\/wp-json\/wp\/v2\/comments?post=722"}],"version-history":[{"count":0,"href":"https:\/\/www.diecastingschina.com\/da\/wp-json\/wp\/v2\/pages\/722\/revisions"}],"wp:attachment":[{"href":"https:\/\/www.diecastingschina.com\/da\/wp-json\/wp\/v2\/media?parent=722"}],"curies":[{"name":"wp","href":"https:\/\/api.w.org\/{rel}","templated":true}]}}