{"id":718,"date":"2025-02-28T10:22:29","date_gmt":"2025-02-28T10:22:29","guid":{"rendered":"https:\/\/www.diecastingschina.com\/?page_id=718"},"modified":"2025-02-28T10:23:37","modified_gmt":"2025-02-28T10:23:37","slug":"mission-statement-ningbo-xusheng-machinery","status":"publish","type":"page","link":"https:\/\/www.diecastingschina.com\/da\/cnm-tech-trykstobning-kina\/mission-statement-ningbo-xusheng-machinery\/","title":{"rendered":"Missionserkl\u00e6ring"},"content":{"rendered":"<p>\"For at im\u00f8deg\u00e5 den hurtigt skiftende markedsf\u00f8ringssituation og den horisontale h\u00e5rde konkurrence videref\u00f8rer vi Die Castings China-folk den h\u00e5rdtarbejdende og ukuelige kamp\u00e5nd, menneskeorienterede, integritetsstyring, styrker den interne ledelse og forbedrer konstant F &amp; U og produktionskapaciteten og<a href=\"\/da\/kvalitetskontrol-af-trykstobning\/\"> forbedre niveauet af kvalitetsstyring konstant<\/a>og forbedre evnen til forretningsudvikling konstant, forbedre den effektive brug af ressourcer, insistere p\u00e5 den udviklende m\u00e5de med b\u00e6redygtig udvikling for at skabe genbrugs\u00f8konomi. P\u00e5 nuv\u00e6rende tidspunkt, <a href=\"\/da\/ningbo-xusheng-machinery-die-casting-china\/\">Trykst\u00f8bning USA<\/a> har v\u00e6ret en af de hurtigst voksende virksomheder inden for <a href=\"\/da\/trykstobningstjenester-i-kina\/\">Trykst\u00f8bningsindustrien i Kina<\/a>.<\/p>\n\n\n\n<p>N\u00e5r vi ser tilbage p\u00e5 de sidste par \u00e5rs udviklingsproces, husker vi altid p\u00e5 den enorme st\u00f8tte og hj\u00e6lp fra alle niveauer i regeringerne, mennesker i alle kredse og vores kunder og partnere i at dele vind og storm, uden st\u00f8tte og hj\u00e6lp fra dem alle ville Die Castings USA ikke have dagens resultater, her vil jeg gerne udtrykke min mest hjertelige tak og oprigtige hilsener p\u00e5 vegne af alle medarbejdere i vi for st\u00f8tte og hj\u00e6lp fra alle vores gamle og nye venner!<\/p>\n\n\n\n<p>N\u00e5r vi ser fremad, er alle medarbejdere i Die Castings China med virksomheds\u00e5nden \"ansvar, innovation, selvtillid\", vi er villige til at udvikle oprigtigt samarbejde med alle indenlandske og internationale kredse for at yde vores eget bidrag til virksomhedsudviklingen, de nationale industrier, der stiger og harmonisk samfundsopbygning, og for at skabe en bedre morgendag!\"<br><em>Vicepr\u00e6sident<\/em><\/p>\n\n\n\n<figure class=\"wp-block-image aligncenter size-full\"><a href=\"\/da\/kontakt-til-trykstobning-i-kina\/\"><img fetchpriority=\"high\" decoding=\"async\" width=\"940\" height=\"80\" src=\"https:\/\/www.diecastingschina.com\/wp-content\/uploads\/2025\/02\/satisfaction.jpg\" alt=\"\" class=\"wp-image-652\" title=\"Bed om et tilbud og kom i gang i dag\" srcset=\"https:\/\/www.diecastingschina.com\/wp-content\/uploads\/2025\/02\/satisfaction.jpg 940w, https:\/\/www.diecastingschina.com\/wp-content\/uploads\/2025\/02\/satisfaction-300x26.jpg 300w, https:\/\/www.diecastingschina.com\/wp-content\/uploads\/2025\/02\/satisfaction-768x65.jpg 768w\" sizes=\"(max-width: 940px) 100vw, 940px\" \/><\/a><\/figure>","protected":false},"excerpt":{"rendered":"<p>\u201cTo face the rapid changeable marketing situation and the horizontal fierce competition, we Die Castings China people carry forward the hard working and indomitable fighting spirit, people-oriented, integrity management, strengthen internal management, and improve R &amp; D and manufacturing capabilities constantly and improve the level of quality management constantly, and improve the ability for business [&hellip;]<\/p>\n","protected":false},"author":3,"featured_media":0,"parent":714,"menu_order":0,"comment_status":"closed","ping_status":"closed","template":"","meta":{"footnotes":""},"class_list":["post-718","page","type-page","status-publish","hentry"],"_links":{"self":[{"href":"https:\/\/www.diecastingschina.com\/da\/wp-json\/wp\/v2\/pages\/718","targetHints":{"allow":["GET"]}}],"collection":[{"href":"https:\/\/www.diecastingschina.com\/da\/wp-json\/wp\/v2\/pages"}],"about":[{"href":"https:\/\/www.diecastingschina.com\/da\/wp-json\/wp\/v2\/types\/page"}],"author":[{"embeddable":true,"href":"https:\/\/www.diecastingschina.com\/da\/wp-json\/wp\/v2\/users\/3"}],"replies":[{"embeddable":true,"href":"https:\/\/www.diecastingschina.com\/da\/wp-json\/wp\/v2\/comments?post=718"}],"version-history":[{"count":0,"href":"https:\/\/www.diecastingschina.com\/da\/wp-json\/wp\/v2\/pages\/718\/revisions"}],"up":[{"embeddable":true,"href":"https:\/\/www.diecastingschina.com\/da\/wp-json\/wp\/v2\/pages\/714"}],"wp:attachment":[{"href":"https:\/\/www.diecastingschina.com\/da\/wp-json\/wp\/v2\/media?parent=718"}],"curies":[{"name":"wp","href":"https:\/\/api.w.org\/{rel}","templated":true}]}}