{"id":695,"date":"2025-02-28T10:09:04","date_gmt":"2025-02-28T10:09:04","guid":{"rendered":"https:\/\/www.diecastingschina.com\/?page_id=695"},"modified":"2025-10-10T05:04:14","modified_gmt":"2025-10-10T05:04:14","slug":"sandblaesningstjenester","status":"publish","type":"page","link":"https:\/\/www.diecastingschina.com\/da\/trykstobt-bearbejdning-i-kina\/sandblaesningstjenester\/","title":{"rendered":"Sand- og slyngrensning"},"content":{"rendered":"<figure class=\"wp-block-image alignright size-full\"><img fetchpriority=\"high\" decoding=\"async\" width=\"350\" height=\"271\" src=\"https:\/\/www.diecastingschina.com\/wp-content\/uploads\/2025\/02\/shot-blasting-services-die-casting-1.jpg\" alt=\"\" class=\"wp-image-698\" title=\"Sandbl\u00e6sning til trykst\u00f8bningsprojekter\" srcset=\"https:\/\/www.diecastingschina.com\/wp-content\/uploads\/2025\/02\/shot-blasting-services-die-casting-1.jpg 350w, https:\/\/www.diecastingschina.com\/wp-content\/uploads\/2025\/02\/shot-blasting-services-die-casting-1-300x232.jpg 300w\" sizes=\"(max-width: 350px) 100vw, 350px\" \/><\/figure>\n\n\n\n<p>Spr\u00e6ngning med st\u00f8bespr\u00f8jte er en <a href=\"\/da\/trykstobt-bearbejdning-i-kina\/\">Efterbehandling af postproduktion<\/a> der bearbejdes gennem hurtig p\u00e5virkning af en st\u00f8bedels overflade med en defineret m\u00e6ngde slibemateriale. Dette resulterer i en hurtigere og mere effektiv proces sammenlignet med filing til fjernelse af flammer, der er tilbage p\u00e5 en trykst\u00f8bt komponent, efter at zink eller <a href=\"\/da\/trykstobningstjenester-i-kina\/trykstobning-af-aluminium\/\">trykst\u00f8bning af aluminium<\/a>. Ved at bruge meget specifikke typer og m\u00e6ngder af skudmateriale, <a href=\"https:\/\/www.diecastingschina.com\/da\">Trykst\u00f8bning Kina<\/a> kan <strong>skudsalve<\/strong> dele i alle st\u00f8rrelser og former. For eksempel bruges sm\u00e5 st\u00e5lhagl til at frembringe en meget poleret og glat overflade. St\u00f8rre haglst\u00f8rrelser kan aggressivt fjerne kraftig blitz.<\/p>\n\n\n\n<h2 class=\"wp-block-heading\">Sandbl\u00e6sning er ideel til f\u00f8lgende anvendelser:<\/h2>\n\n\n\n<ul class=\"wp-block-list\">\n<li>For\u00f8gelse af metals udmattelseslevetid<\/li>\n\n\n\n<li>Afkalkning (fjernelse af aflejringer fra varmebehandling)<\/li>\n\n\n\n<li>Fjernelse af blitz<\/li>\n\n\n\n<li>Teksturering af produktets overflade for \u00f8get vedh\u00e6ftning<\/li>\n\n\n\n<li>Teksturering for forbedret mekanisk funktion<\/li>\n\n\n\n<li>Producerer en kosmetisk finish af h\u00f8j kvalitet<\/li>\n<\/ul>\n\n\n\n<p><strong>De typer af slibemateriale, vi bruger under sandbl\u00e6sningsprocessen, omfatter:<\/strong><\/p>\n\n\n\n<p><em>Akryl<\/em> - Det bl\u00f8deste slibemiddel (plastfamilien), der bruges til meget f\u00f8lsomme overflader. Type 5-kvalitet, det l\u00e6ngstvarende plastmedie - samtidig med at det giver en effektiv slibehastighed.<\/p>\n\n\n\n<p><em>Aluminiumoxid<\/em> - Skarpe, langtidsholdbare slibemidler, der kan genbruges i flere cyklusser. Aluminiumoxid f\u00e5s i forskellige st\u00f8rrelser og er meget h\u00e5rdere end de fleste t\u00f8rre bl\u00e6sematerialer og kan sk\u00e6re nogle af de h\u00e5rdeste metaltyper og overflader.<\/p>\n\n\n\n<p><em>Majskolbe<\/em> - Bionedbrydeligt bl\u00e6semateriale, der ikke forvr\u00e6nger eller ridser den overflade, der bl\u00e6ses. Denne type slibemateriale er perfekt til tynde metaller og plast.<\/p>\n\n\n\n<p><em>Knust glasgrus og glasperler<\/em> - Silikatfrit slibemiddel til forbrug, der giver aggressiv overfladeprofilering og fjernelse af bel\u00e6gninger. Dette materiale, der er fremstillet af genbrugsglas, er kendt for at give en lysere og meget ren finish sammenlignet med slagge\/mineralslibemidler eller vinkelslibemidler. Glasperler kan genbruges i op til tredive bl\u00e6secyklusser.<\/p>\n\n\n\n<p><em>Melamin<\/em> - De h\u00e5rdeste slibemidler i plastfamilien, der giver en perfekt balance mellem hastighed, ydeevne og omkostningseffektivitet. Melamin er is\u00e6r ideelt til projekter, der kr\u00e6ver h\u00f8je afrensningshastigheder uden at beskadige underlaget.<\/p>\n\n\n\n<p><em>Pimpsten<\/em> - Det er det bl\u00f8deste bl\u00e6semateriale. Pimpsten har dog en fremragende afrensningsfunktion. Det er fremragende til bl\u00e6sning af aluminium for at fjerne maling og bel\u00e6gninger uden at p\u00e5virke underlaget.<\/p>\n\n\n\n<p><em>Siliciumkarbid<\/em> - Det h\u00e5rdeste bl\u00e6semiddel, der f\u00e5s hos Die Castings USA. Det giver en meget hurtig sk\u00e6rehastighed og kan genbruges meget mere end b\u00e5de sand og aluminiumoxid. H\u00e5rdheden af siliciumcarbid giver mulighed for meget kortere bl\u00e6setider og lavere samlede omkostninger pr. time sammenlignet med andre typer.<\/p>\n\n\n\n<p><em>St\u00e5lkorn<\/em> - Et vinklet kulstofst\u00e5l; udviklet til effektiv og hurtig fjernelse af overfladeforureninger fra metaller. Meget bl\u00f8dere end aluminiumoxid. Ogs\u00e5 meget mindre tilb\u00f8jelig til at g\u00e5 i stykker, samtidig med at det giver en \u00e6tset overflade, der forbedrer vedh\u00e6ftningen af bel\u00e6gningen.<\/p>\n\n\n\n<p>St\u00e5lskud - Dette er den bedste metode til at give en ren, glat og poleret overfladefinish. Et meget glat og tungt skud kan genbruges mere end 3.000 gange til trykst\u00f8bte dele. Andre fordele er, at der dannes minimalt med st\u00f8v under sandbl\u00e6sningsprocessen, og at produktets overflade f\u00e5r \u00f8get trykstyrke.<\/p>\n\n\n\n<p>Urea - Langt den mest anvendte plasttype. Kan tilpasses i forskellige st\u00f8rrelser for at give en effektiv strippinghastighed, samtidig med at materialet ikke vrides eller overfladen beskadiges.<\/p>\n\n\n\n<p>Walnut Shell Grit - alsidig organisk slibemiddeltype. Anvendes som et meget omkostningseffektivt sandbl\u00e6sningsmateriale til skr\u00f8belige opgaver, der kr\u00e6ver en aggressiv afrensning uden at p\u00e5virke underlaget.<\/p>\n\n\n\n<figure class=\"wp-block-image aligncenter size-full\"><a href=\"\/da\/kontakt-til-trykstobning-i-kina\/\"><img decoding=\"async\" width=\"940\" height=\"80\" src=\"https:\/\/www.diecastingschina.com\/wp-content\/uploads\/2025\/02\/satisfaction.jpg\" alt=\"\" class=\"wp-image-652\" title=\"Bed om et tilbud og kom i gang i dag\" srcset=\"https:\/\/www.diecastingschina.com\/wp-content\/uploads\/2025\/02\/satisfaction.jpg 940w, https:\/\/www.diecastingschina.com\/wp-content\/uploads\/2025\/02\/satisfaction-300x26.jpg 300w, https:\/\/www.diecastingschina.com\/wp-content\/uploads\/2025\/02\/satisfaction-768x65.jpg 768w\" sizes=\"(max-width: 940px) 100vw, 940px\" \/><\/a><\/figure>","protected":false},"excerpt":{"rendered":"<p>Casting shot blasting is a post-production finishing service that is processed through the rapid impacting of a casting part\u2019s surface with a defined amount of abrasive material. This results in a faster and more efficient process when compared to filing for flash removal that remained on a die cast component after the zinc or aluminum [&hellip;]<\/p>\n","protected":false},"author":3,"featured_media":0,"parent":679,"menu_order":0,"comment_status":"closed","ping_status":"closed","template":"","meta":{"footnotes":""},"class_list":["post-695","page","type-page","status-publish","hentry"],"_links":{"self":[{"href":"https:\/\/www.diecastingschina.com\/da\/wp-json\/wp\/v2\/pages\/695","targetHints":{"allow":["GET"]}}],"collection":[{"href":"https:\/\/www.diecastingschina.com\/da\/wp-json\/wp\/v2\/pages"}],"about":[{"href":"https:\/\/www.diecastingschina.com\/da\/wp-json\/wp\/v2\/types\/page"}],"author":[{"embeddable":true,"href":"https:\/\/www.diecastingschina.com\/da\/wp-json\/wp\/v2\/users\/3"}],"replies":[{"embeddable":true,"href":"https:\/\/www.diecastingschina.com\/da\/wp-json\/wp\/v2\/comments?post=695"}],"version-history":[{"count":0,"href":"https:\/\/www.diecastingschina.com\/da\/wp-json\/wp\/v2\/pages\/695\/revisions"}],"up":[{"embeddable":true,"href":"https:\/\/www.diecastingschina.com\/da\/wp-json\/wp\/v2\/pages\/679"}],"wp:attachment":[{"href":"https:\/\/www.diecastingschina.com\/da\/wp-json\/wp\/v2\/media?parent=695"}],"curies":[{"name":"wp","href":"https:\/\/api.w.org\/{rel}","templated":true}]}}