{"id":692,"date":"2025-02-28T10:06:21","date_gmt":"2025-02-28T10:06:21","guid":{"rendered":"https:\/\/www.diecastingschina.com\/?page_id=692"},"modified":"2025-02-28T10:06:52","modified_gmt":"2025-02-28T10:06:52","slug":"varmebehandling-af-aluminium","status":"publish","type":"page","link":"https:\/\/www.diecastingschina.com\/da\/trykstobt-bearbejdning-i-kina\/varmebehandling-af-aluminium\/","title":{"rendered":"Varmebehandling"},"content":{"rendered":"<p>Varmebehandling bruges som en <a href=\"\/da\/trykstobt-bearbejdning-i-kina\/\">sekund\u00e6r trykst\u00f8bningsproces<\/a>efter den indledende st\u00f8befase. Denne proces bruges til at forbedre de mekaniske og fysiske egenskaber ved en <a href=\"\/da\/trykstobningstjenester-i-kina\/trykstobning-af-aluminium\/\">trykst\u00f8bning af aluminium<\/a>. Denne proces best\u00e5r af opvarmning og afk\u00f8ling af en trykst\u00f8bning, som ikke \u00e6ndrer eller p\u00e5virker formen p\u00e5 en st\u00f8bning. Dette vil i h\u00f8j grad forbedre den trykst\u00f8bte dels styrke, h\u00e5rdhed og elektriske ledningsevne. Derudover forbedrer varmebehandling ogs\u00e5 finishbearbejdningen af et aluminiumsst\u00f8begods.<\/p>\n\n\n\n<p>Der er flere trin i varmebehandlingsprocessen for aluminium:<\/p>\n\n\n\n<p><em>Forvarmning\/homogenisering<\/em> - Den f\u00f8rste termiske operation, der anvendes p\u00e5 aluminiumsblokke f\u00f8r varmbearbejdning. Hovedform\u00e5let med forvarmning er en st\u00e6rkt forbedret bearbejdelighed. Homogenisering g\u00f8r det muligt at reducere eller fjerne kemisk adskillelse og dendritiske strukturer i en trykst\u00f8bt del.<\/p>\n\n\n\n<p><em>Udgl\u00f8dning<\/em> - Denne varmebehandling fjerner sp\u00e6ndinger eller bl\u00f8dg\u00f8r materialet, s\u00e5 det reagerer bedre p\u00e5 bearbejdning, \u00e6ndrer fysiske eller mekaniske egenskaber og kan give en defineret struktur.<\/p>\n\n\n\n<p><em>H\u00e6rdning\/afk\u00f8ling<\/em> - H\u00e6rdning gennem vandslukning, olieslukning, tvungen luftslukning eller stillest\u00e5ende luftslukning vil resultere i forbedrede mekaniske egenskaber, sejhed og h\u00e5rdhed i aluminiumslegeringens struktur.<\/p>\n\n\n\n<p>Konklusionen er, at vores kombination af f\u00f8rsteklasses varmebehandlingsudstyr og personale giver effektive varmebehandlingstjenester. Die Castings China har mulighed for at tilbyde mange forskellige typer behandlingsmuligheder til vores kunder.<\/p>\n\n\n\n<figure class=\"wp-block-image aligncenter size-full\"><a href=\"\/da\/kontakt-til-trykstobning-i-kina\/\"><img fetchpriority=\"high\" decoding=\"async\" width=\"940\" height=\"80\" src=\"https:\/\/www.diecastingschina.com\/wp-content\/uploads\/2025\/02\/satisfaction.jpg\" alt=\"\" class=\"wp-image-652\" title=\"Bed om et tilbud og kom i gang i dag\" srcset=\"https:\/\/www.diecastingschina.com\/wp-content\/uploads\/2025\/02\/satisfaction.jpg 940w, https:\/\/www.diecastingschina.com\/wp-content\/uploads\/2025\/02\/satisfaction-300x26.jpg 300w, https:\/\/www.diecastingschina.com\/wp-content\/uploads\/2025\/02\/satisfaction-768x65.jpg 768w\" sizes=\"(max-width: 940px) 100vw, 940px\" \/><\/a><\/figure>","protected":false},"excerpt":{"rendered":"<p>Heat treating is used as a secondary die casting process, after the initial casting phase. This process is used to improve the mechanical and physical properties of an aluminum die casting. This process consists of the heating and cooling of a die casting, which does not change or affect the shape of a casting. This [&hellip;]<\/p>\n","protected":false},"author":3,"featured_media":0,"parent":679,"menu_order":0,"comment_status":"closed","ping_status":"closed","template":"","meta":{"footnotes":""},"class_list":["post-692","page","type-page","status-publish","hentry"],"_links":{"self":[{"href":"https:\/\/www.diecastingschina.com\/da\/wp-json\/wp\/v2\/pages\/692","targetHints":{"allow":["GET"]}}],"collection":[{"href":"https:\/\/www.diecastingschina.com\/da\/wp-json\/wp\/v2\/pages"}],"about":[{"href":"https:\/\/www.diecastingschina.com\/da\/wp-json\/wp\/v2\/types\/page"}],"author":[{"embeddable":true,"href":"https:\/\/www.diecastingschina.com\/da\/wp-json\/wp\/v2\/users\/3"}],"replies":[{"embeddable":true,"href":"https:\/\/www.diecastingschina.com\/da\/wp-json\/wp\/v2\/comments?post=692"}],"version-history":[{"count":0,"href":"https:\/\/www.diecastingschina.com\/da\/wp-json\/wp\/v2\/pages\/692\/revisions"}],"up":[{"embeddable":true,"href":"https:\/\/www.diecastingschina.com\/da\/wp-json\/wp\/v2\/pages\/679"}],"wp:attachment":[{"href":"https:\/\/www.diecastingschina.com\/da\/wp-json\/wp\/v2\/media?parent=692"}],"curies":[{"name":"wp","href":"https:\/\/api.w.org\/{rel}","templated":true}]}}