{"id":679,"date":"2025-02-28T09:59:56","date_gmt":"2025-02-28T09:59:56","guid":{"rendered":"https:\/\/www.diecastingschina.com\/?page_id=679"},"modified":"2025-10-10T05:06:30","modified_gmt":"2025-10-10T05:06:30","slug":"trykstobt-bearbejdning-i-kina","status":"publish","type":"page","link":"https:\/\/www.diecastingschina.com\/da\/trykstobt-bearbejdning-i-kina\/","title":{"rendered":"Bearbejdning og sekund\u00e6r efterbehandling"},"content":{"rendered":"<p>OEM-kunder s\u00f8ger j\u00e6vnligt en komplet (alt-i-et-hus) leverand\u00f8r til deres specialprodukter. Die Castings USA opfylder dette kundebehov ved at levere en finjusteret liste over sekund\u00e6re tjenester.<\/p>\n\n\n\n<p>Til opstart eller operationer med flere v\u00e6rkt\u00f8jer bruger vi vores CNC-udstyr, s\u00e5 vores team kan udf\u00f8re sekund\u00e6r bearbejdning p\u00e5 \u00e9n station. P\u00e5 <a href=\"https:\/\/www.diecastingschina.com\/da\">Trykst\u00f8bning Kina<\/a>Vi tilpasser vores bearbejdningstjenester, s\u00e5 de effektivt opfylder de strenge tolerancer og projektkrav.<\/p>\n\n\n\n<p>Al intern bearbejdning og sekund\u00e6r service udf\u00f8res ved hj\u00e6lp af mere end 40 s\u00e6t importerede CNC-bearbejdningscentre, 30 s\u00e6t drejeb\u00e6nke og en lang r\u00e6kke generelt bearbejdningsudstyr fra bl\u00e6sere til ultrasoniske vaskemaskiner. Vores branchef\u00f8rende anl\u00e6g har et erfarent team af ingeni\u00f8rer, operat\u00f8rer og inspekt\u00f8rer til at f\u00e6rdigg\u00f8re din del internt og undg\u00e5 ekstra omkostninger hos eksterne leverand\u00f8rer. Som du kan se p\u00e5 billederne nedenfor, har vi en stor del af vores produktionsanl\u00e6g, der er dedikeret til bearbejdning og efterbehandling.<\/p>\n\n\n\n<p>Maskinbearbejdning er en af kernefordelene ved vores anl\u00e6g i Kina. OEM-delene behandles gennem automatiseret og brugerbetjent CNC-bearbejdning (typer af CNC-udstyr omfatter: vandret, lodret eller 5-akset). Disse sekund\u00e6re serviceoperationer kan omfatte slibning, trimning, afgratning, vibrationsbehandling, fr\u00e6sning, boring, gevindsk\u00e6ring, polering, trykpr\u00f8vning, ultravask og slutmontering. Dette er blot nogle af vores sekund\u00e6re produktionstjenester.<\/p>\n\n\n\n<p>Vores udvalg af varmebehandlingsmuligheder omfatter: T4, T5, T6 og T7. Disse behandlinger g\u00f8r det muligt at svejse produkter, nitte- og limsamlinger samt former med lav por\u00f8sitet.<\/p>\n\n\n\n<p>Vi leverer ogs\u00e5 komplette kits og produktsamlinger med tilpasset emballage i henhold til kundens specifikationer og behov.<\/p>\n\n\n\n<figure class=\"wp-block-image aligncenter size-full\"><img fetchpriority=\"high\" decoding=\"async\" width=\"974\" height=\"250\" src=\"https:\/\/www.diecastingschina.com\/wp-content\/uploads\/2025\/02\/die-cast-machining-2.jpg\" alt=\"\" class=\"wp-image-683\" title=\"Trykst\u00f8bt bearbejdning og sekund\u00e6re tjenester\" srcset=\"https:\/\/www.diecastingschina.com\/wp-content\/uploads\/2025\/02\/die-cast-machining-2.jpg 974w, https:\/\/www.diecastingschina.com\/wp-content\/uploads\/2025\/02\/die-cast-machining-2-300x77.jpg 300w, https:\/\/www.diecastingschina.com\/wp-content\/uploads\/2025\/02\/die-cast-machining-2-768x197.jpg 768w\" sizes=\"(max-width: 974px) 100vw, 974px\" \/><\/figure>\n\n\n\n<h2 class=\"wp-block-heading\">Vores komplette liste over bearbejdning og sekund\u00e6re tjenester omfatter:<\/h2>\n\n\n\n<ul class=\"wp-block-list\">\n<li>Kromatering<\/li>\n\n\n\n<li>CNC-bearbejdning<\/li>\n\n\n\n<li><a href=\"\/da\/trykstobt-bearbejdning-i-kina\/afgratningstjenester\/\">Afgratning<\/a><\/li>\n\n\n\n<li>Elektrostatisk maling<\/li>\n\n\n\n<li><a href=\"\/da\/trykstobt-bearbejdning-i-kina\/varmebehandling-af-aluminium\/\">Varmebehandling<\/a><\/li>\n\n\n\n<li><a href=\"\/da\/trykstobt-bearbejdning-i-kina\/vakuum-impraegnering\/\">Impr\u00e6gnering<\/a><\/li>\n\n\n\n<li>Polering<\/li>\n\n\n\n<li>Pulverlakering<\/li>\n\n\n\n<li><a href=\"\/da\/trykstobt-bearbejdning-i-kina\/sandblaesningstjenester\/\">Sandbl\u00e6sning<\/a><\/li>\n\n\n\n<li>Sandbl\u00e6sning<\/li>\n\n\n\n<li>Ultralydsvask<\/li>\n\n\n\n<li>V\u00e5dt maleri<\/li>\n\n\n\n<li><a href=\"https:\/\/www.diecastingschina.com\/da\/anodisering-af-trykstobt-aluminium\/\">Trykst\u00f8bning af aluminium Anodisering<\/a> <\/li>\n<\/ul>\n\n\n\n<p><em>Ultra Sonic-vaskemaskine | Celleproduktion af dele til General Motors<\/em><\/p>\n\n\n\n<figure class=\"wp-block-image aligncenter size-full\"><img decoding=\"async\" width=\"974\" height=\"250\" src=\"https:\/\/www.diecastingschina.com\/wp-content\/uploads\/2025\/02\/new-machines.jpg\" alt=\"\" class=\"wp-image-682\" title=\"Ultra Sonic-vaskemaskine | Celleproduktion af dele til General Motors\" srcset=\"https:\/\/www.diecastingschina.com\/wp-content\/uploads\/2025\/02\/new-machines.jpg 974w, https:\/\/www.diecastingschina.com\/wp-content\/uploads\/2025\/02\/new-machines-300x77.jpg 300w, https:\/\/www.diecastingschina.com\/wp-content\/uploads\/2025\/02\/new-machines-768x197.jpg 768w\" sizes=\"(max-width: 974px) 100vw, 974px\" \/><\/figure>\n\n\n\n<p><strong>Liste over CNC-bearbejdningscentre<\/strong><\/p>\n\n\n\n<ul class=\"wp-block-list\">\n<li>(2) Haoyang A-650<\/li>\n\n\n\n<li>(1) Haoyang AS-500T<\/li>\n\n\n\n<li>(2) Orient (Shanghai) Machinery Technical Center TC-S2A-0<\/li>\n\n\n\n<li>(8) Mazak VTC-160AN<\/li>\n\n\n\n<li>(8) F\u00f8ler VM-32SA<\/li>\n\n\n\n<li>(1) F\u00f8ler VM-32S<\/li>\n\n\n\n<li>(4) Hundai-kia VX400FOi-MC<\/li>\n\n\n\n<li>(4) Hundai-kia VX500FOi-MC<\/li>\n\n\n\n<li>(3) Hundai-kia VX500<\/li>\n\n\n\n<li>(1) Hundai-kia VB-610<\/li>\n\n\n\n<li>(1) Hundai-kia QM-32<\/li>\n\n\n\n<li>(1) Leaderway Machinery Taiwan MV-1100<\/li>\n\n\n\n<li>(2) Akira Seiki V2.5XP<\/li>\n\n\n\n<li>(2) Hision HTM-850G<\/li>\n<\/ul>\n\n\n\n<p><strong>Liste over CNC-drejemaskiner<\/strong><\/p>\n\n\n\n<ul class=\"wp-block-list\">\n<li>(5) Kaida CK6136S<\/li>\n\n\n\n<li>(6) Kaida CK6125S<\/li>\n\n\n\n<li>(2) Kaida KDCK-25<\/li>\n\n\n\n<li>(1) Yaofa CJK0640<\/li>\n\n\n\n<li>(2) Yunnan Cy Group CYNC-360TE<\/li>\n\n\n\n<li>(9) Hision HTM-TC16<\/li>\n\n\n\n<li>(2) Hision HTM-TC25<\/li>\n\n\n\n<li>(8) Xknc L20<\/li>\n\n\n\n<li>(1) Xknc L21<\/li>\n\n\n\n<li>(1) Xknc L22<\/li>\n\n\n\n<li>(1) Xknc L23<\/li>\n<\/ul>\n\n\n\n<p><strong>Liste over spr\u00e6ngningsmaskiner<\/strong><\/p>\n\n\n\n<ul class=\"wp-block-list\">\n<li>(2) Xingyang Machinery 316<\/li>\n<\/ul>\n\n\n\n<p><strong>Liste over udstyr til ultralydsvask<\/strong><\/p>\n\n\n\n<ul class=\"wp-block-list\">\n<li>(1) Wxmeiji MJLH-7500B<\/li>\n\n\n\n<li>(1) Wxmeiji MJLH-6000<\/li>\n<\/ul>\n\n\n\n<p><strong>Liste over udstyr til varmebehandling<\/strong><\/p>\n\n\n\n<ul class=\"wp-block-list\">\n<li>(1) Zhejiang Sanmen Sanli Spraying and Moulding Equipment Factory HK-435<\/li>\n<\/ul>\n\n\n\n<figure class=\"wp-block-embed is-type-video is-provider-youtube wp-block-embed-youtube wp-embed-aspect-16-9 wp-has-aspect-ratio\"><div class=\"wp-block-embed__wrapper\">\n<iframe title=\"Trykst\u00f8bt bearbejdning og sekund\u00e6re tjenester TS16949 QS9000 ISO14001\" width=\"800\" height=\"450\" src=\"https:\/\/www.youtube.com\/embed\/nO1VH-8_aQ4?feature=oembed\" frameborder=\"0\" allow=\"accelerometer; autoplay; clipboard-write; encrypted-media; gyroscope; picture-in-picture; web-share\" referrerpolicy=\"strict-origin-when-cross-origin\" allowfullscreen><\/iframe>\n<\/div><\/figure>\n\n\n\n<figure class=\"wp-block-image aligncenter size-full\"><a href=\"\/da\/kontakt-til-trykstobning-i-kina\/\"><img decoding=\"async\" width=\"940\" height=\"80\" src=\"https:\/\/www.diecastingschina.com\/wp-content\/uploads\/2025\/02\/satisfaction.jpg\" alt=\"\" class=\"wp-image-652\" title=\"Bed om et tilbud og kom i gang i dag\" srcset=\"https:\/\/www.diecastingschina.com\/wp-content\/uploads\/2025\/02\/satisfaction.jpg 940w, https:\/\/www.diecastingschina.com\/wp-content\/uploads\/2025\/02\/satisfaction-300x26.jpg 300w, https:\/\/www.diecastingschina.com\/wp-content\/uploads\/2025\/02\/satisfaction-768x65.jpg 768w\" sizes=\"(max-width: 940px) 100vw, 940px\" \/><\/a><\/figure>","protected":false},"excerpt":{"rendered":"<p>OEM customers are regularly seeking a complete (all-in-one-house) supplier for their custom products. Die Castings USA serves this customer need by providing an fine tuned list of secondary services. For start-up or multi-tool operations we utilize our CNC equipment, allowing our team to complete secondary machining at one station. At Die Castings China, we customize [&hellip;]<\/p>\n","protected":false},"author":3,"featured_media":0,"parent":0,"menu_order":0,"comment_status":"closed","ping_status":"closed","template":"","meta":{"footnotes":""},"class_list":["post-679","page","type-page","status-publish","hentry"],"_links":{"self":[{"href":"https:\/\/www.diecastingschina.com\/da\/wp-json\/wp\/v2\/pages\/679","targetHints":{"allow":["GET"]}}],"collection":[{"href":"https:\/\/www.diecastingschina.com\/da\/wp-json\/wp\/v2\/pages"}],"about":[{"href":"https:\/\/www.diecastingschina.com\/da\/wp-json\/wp\/v2\/types\/page"}],"author":[{"embeddable":true,"href":"https:\/\/www.diecastingschina.com\/da\/wp-json\/wp\/v2\/users\/3"}],"replies":[{"embeddable":true,"href":"https:\/\/www.diecastingschina.com\/da\/wp-json\/wp\/v2\/comments?post=679"}],"version-history":[{"count":0,"href":"https:\/\/www.diecastingschina.com\/da\/wp-json\/wp\/v2\/pages\/679\/revisions"}],"wp:attachment":[{"href":"https:\/\/www.diecastingschina.com\/da\/wp-json\/wp\/v2\/media?parent=679"}],"curies":[{"name":"wp","href":"https:\/\/api.w.org\/{rel}","templated":true}]}}