{"id":657,"date":"2025-02-28T09:43:47","date_gmt":"2025-02-28T09:43:47","guid":{"rendered":"https:\/\/www.diecastingschina.com\/?page_id=657"},"modified":"2025-11-30T07:27:19","modified_gmt":"2025-11-30T07:27:19","slug":"trykstobning-af-aluminium","status":"publish","type":"page","link":"https:\/\/www.diecastingschina.com\/da\/trykstobningstjenester-i-kina\/trykstobning-af-aluminium\/","title":{"rendered":"Trykst\u00f8bning af aluminium"},"content":{"rendered":"<figure class=\"wp-block-image alignright size-full\"><img fetchpriority=\"high\" decoding=\"async\" width=\"406\" height=\"225\" src=\"https:\/\/www.diecastingschina.com\/wp-content\/uploads\/2025\/02\/aluminum-die-casting-facility-1.jpg\" alt=\"Trykst\u00f8bning af aluminium\" class=\"wp-image-660\" title=\"Trykst\u00f8bningsanl\u00e6g til aluminium\" srcset=\"https:\/\/www.diecastingschina.com\/wp-content\/uploads\/2025\/02\/aluminum-die-casting-facility-1.jpg 406w, https:\/\/www.diecastingschina.com\/wp-content\/uploads\/2025\/02\/aluminum-die-casting-facility-1-300x166.jpg 300w\" sizes=\"(max-width: 406px) 100vw, 406px\" \/><\/figure>\n\n\n\n<p>Trykst\u00f8bning af aluminium har v\u00e6ret en specialitet for <a href=\"\/da\/ningbo-xusheng-machinery-die-casting-china\/\">Trykst\u00f8bning Kina<\/a> siden 1995. Vores aluminium <a href=\"\/da\/trykstobningstjenester-i-kina\/\">trykst\u00f8bningstjenester<\/a> har hjulpet OEM'er over hele verden med at producere dele til lavere omkostninger med uovertruffen konsistens, professionalisme og levering. Vores ekspertise inden for fremstilling af aluminiumsst\u00f8bning kombineret med vores topmoderne maskiner sikrer, at vores aluminiumslegeringsdele f\u00e5r legeringsmaterialer og st\u00f8beprocesser af h\u00f8jeste kvalitet. Vi har den n\u00f8dvendige erfaring og ekspertise til at sikre alle faser af fremstillingsprocessen og levere tidsplaner til vores kunder.<\/p>\n\n\n\n<h2 class=\"wp-block-heading\">Fremstillingsproces for trykst\u00f8bning af aluminium<\/h2>\n\n\n\n<p>Der findes en r\u00e6kke forskellige <a href=\"\/da\/egenskaber-ved-stobning-af-aluminiumslegering\/\">aluminiumslegeringer<\/a> vi i \u00f8jeblikket bruger til st\u00f8bte aluminiumsdele. Hver materialekvalitet (angivet i skemaet nedenfor) har forskellige kemiske nedbrydninger og mekaniske egenskaber. Vores trykst\u00f8bte dele kan variere i st\u00f8rrelse fra mindre end en ounce op til 30 kg. Ved n\u00f8je at f\u00f8lge IATF16949-standarderne har vi optimeret udstyrets operat\u00f8rfunktioner. Det har resulteret i vores \u201cforsyningsk\u00e6de-niche\u201d, hvor vi konsekvent kan producere dele af aluminiumslegeringer af h\u00f8j kvalitet med et \u00e5rligt forbrug fra tusinder til millioner.<\/p>\n\n\n\n<figure class=\"wp-block-embed is-type-video is-provider-youtube wp-block-embed-youtube wp-embed-aspect-16-9 wp-has-aspect-ratio\"><div class=\"wp-block-embed__wrapper\">\n<iframe title=\"St\u00f8bning af motorskal i aluminium - Die Castings China\" width=\"800\" height=\"450\" src=\"https:\/\/www.youtube.com\/embed\/m2nBLwaN7CM?feature=oembed\" frameborder=\"0\" allow=\"accelerometer; autoplay; clipboard-write; encrypted-media; gyroscope; picture-in-picture; web-share\" referrerpolicy=\"strict-origin-when-cross-origin\" allowfullscreen><\/iframe>\n<\/div><\/figure>\n\n\n\n<figure class=\"wp-block-image alignright size-full\"><img decoding=\"async\" width=\"250\" height=\"333\" src=\"https:\/\/www.diecastingschina.com\/wp-content\/uploads\/2025\/02\/automatic-aluminum-die-casting-machine.jpg\" alt=\"Trykst\u00f8bning af aluminium\" class=\"wp-image-662\" title=\"Automatisk trykst\u00f8bemaskine til aluminium\" srcset=\"https:\/\/www.diecastingschina.com\/wp-content\/uploads\/2025\/02\/automatic-aluminum-die-casting-machine.jpg 250w, https:\/\/www.diecastingschina.com\/wp-content\/uploads\/2025\/02\/automatic-aluminum-die-casting-machine-225x300.jpg 225w\" sizes=\"(max-width: 250px) 100vw, 250px\" \/><\/figure>\n\n\n\n<p><br>Vores trykst\u00f8bning af aluminium <a href=\"\/da\/teknikerteam-til-trykstobning\/\">produktionsanl\u00e6g<\/a> har automatiserede LK- og Toshiba-maskiner med sp\u00e6ndetryk, der sp\u00e6nder fra 160T til 2.500T. Det giver os mulighed for at st\u00f8be en bred vifte af meget holdbare, pr\u00e6cise former og komponenter til en r\u00e6kke originale udstyrsproducenters industriomr\u00e5der og anvendelser fra nogle f\u00e5 gram til over 35 pund, som bruges i bilindustrien, landbrugsindustrien, elektronikindustrien, motorindustrien og mange flere. Der kr\u00e6ves kun lidt eller ingen bearbejdning, n\u00e5r en del er trykst\u00f8bt, fordi processen giver meget sn\u00e6vre tolerancer for selv komplekse former. Trykst\u00f8bt aluminium kan ogs\u00e5 let pletteres eller efterbehandles.<\/p>\n\n\n\n<h3 class=\"wp-block-heading\">Foranstaltninger til kvalitetskontrol<\/h3>\n\n\n\n<figure class=\"wp-block-image aligncenter size-full\"><img decoding=\"async\" width=\"864\" height=\"785\" src=\"https:\/\/www.diecastingschina.com\/wp-content\/uploads\/2025\/02\/aluminum-die-casting-shell-housing.jpg\" alt=\"Trykst\u00f8bt aluminium\" class=\"wp-image-663\" srcset=\"https:\/\/www.diecastingschina.com\/wp-content\/uploads\/2025\/02\/aluminum-die-casting-shell-housing.jpg 864w, https:\/\/www.diecastingschina.com\/wp-content\/uploads\/2025\/02\/aluminum-die-casting-shell-housing-300x273.jpg 300w, https:\/\/www.diecastingschina.com\/wp-content\/uploads\/2025\/02\/aluminum-die-casting-shell-housing-768x698.jpg 768w\" sizes=\"(max-width: 864px) 100vw, 864px\" \/><\/figure>\n\n\n\n<p>Die Castings China er et IATF16949-, ISO 9001- og 1SO14001-certificeret anl\u00e6g.  Ved proaktivt at opretholde et strengt kvalitetsstyringssystem er sk\u00f8desl\u00f8se produktionsfejl og materialespild blevet reduceret fra fabrikkens samleb\u00e5nd.  Disse proceskontroller har skabt et milj\u00f8, hvor kvaliteten af trykst\u00f8bte dele og forventningerne er sikret. Ingeni\u00f8rteamet og det specialiserede kvalitetskontrolpersonale arbejder dagligt sammen med produktionslinjerne for at opdage kvalitetsproblemer, f\u00f8r de opst\u00e5r.  Det vigtigste m\u00e5l for <a href=\"https:\/\/aludiecasting.com\/top-aluminum-die-casting-manufacturers-in-usa\/\" target=\"_blank\" rel=\"noopener\">Trykst\u00f8bning Kina<\/a> er konstant at opretholde vores effektivitet ved at opfylde eller overg\u00e5 vores kunders forventninger til hvert projekt, uanset produktionsm\u00e6ngde.<\/p>\n\n\n\n<p><strong>Aluminiumslegering Materialetyper:<\/strong><\/p>\n\n\n\n<ul class=\"wp-block-list\">\n<li>A380<\/li>\n\n\n\n<li>ADC12<\/li>\n\n\n\n<li>ADC6<\/li>\n\n\n\n<li>ALSi10Mg<\/li>\n\n\n\n<li>ALSi12Fe<\/li>\n\n\n\n<li>ALSi9Cu3<\/li>\n\n\n\n<li>ALSi12Cu1Fe<\/li>\n\n\n\n<li>ALSi12CuNiMg<\/li>\n\n\n\n<li>ALSi12Cu2<\/li>\n\n\n\n<li>LM25\/A356<\/li>\n\n\n\n<li>Alu 6063\/6061<\/li>\n<\/ul>\n\n\n\n<p><strong>Karakteristika ved brug af aluminiumslegeringsmaterialer til trykst\u00f8bning:<\/strong><\/p>\n\n\n\n<ul class=\"wp-block-list\">\n<li>H\u00f8jeste driftstemperaturer<\/li>\n\n\n\n<li>Enest\u00e5ende korrosionsbestandighed<\/li>\n\n\n\n<li>Letv\u00e6gt<\/li>\n\n\n\n<li>Lav t\u00e6thed<\/li>\n\n\n\n<li>Meget god styrke og h\u00e5rdhed<\/li>\n\n\n\n<li>God stivhed og styrke-til-v\u00e6gt-forhold<\/li>\n\n\n\n<li>Fremragende EMI- og RFI-afsk\u00e6rmningsegenskaber<\/li>\n\n\n\n<li>Fremragende varmeledningsevne<\/li>\n\n\n\n<li>H\u00f8j elektrisk ledningsevne<\/li>\n\n\n\n<li>Visuelt tiltalende udseende<\/li>\n\n\n\n<li>Effektiv bearbejdningsproces<\/li>\n<\/ul>\n\n\n\n<figure class=\"wp-block-image alignright size-full\"><img loading=\"lazy\" decoding=\"async\" width=\"500\" height=\"383\" src=\"https:\/\/www.diecastingschina.com\/wp-content\/uploads\/2025\/02\/lktech-dcc-die-casting-machine.jpg\" alt=\"Trykst\u00f8bemaskine til aluminium\" class=\"wp-image-664\" title=\"Lktech trykst\u00f8bemaskiner\" srcset=\"https:\/\/www.diecastingschina.com\/wp-content\/uploads\/2025\/02\/lktech-dcc-die-casting-machine.jpg 500w, https:\/\/www.diecastingschina.com\/wp-content\/uploads\/2025\/02\/lktech-dcc-die-casting-machine-300x230.jpg 300w\" sizes=\"(max-width: 500px) 100vw, 500px\" \/><\/figure>\n\n\n\n<p><strong>St\u00f8rrelses- og v\u00e6gtintervaller:<\/strong> 0,01-30 kg<\/p>\n\n\n\n<p><strong>Liste over udstyr til trykst\u00f8bning<\/strong><\/p>\n\n\n\n<ul class=\"wp-block-list\">\n<li>(4) Toshiba DC350J-SX<\/li>\n\n\n\n<li>(2) Lktech DCC200B<\/li>\n\n\n\n<li>(1) DCC200<\/li>\n\n\n\n<li>(1) DCC500<\/li>\n\n\n\n<li>(1) DCC400<\/li>\n\n\n\n<li>(1) DCC700<\/li>\n\n\n\n<li>(1) DCC900<\/li>\n\n\n\n<li>(2) Ube UB350SH3<\/li>\n\n\n\n<li>(1) B\u00fchler ECOLINE53<\/li>\n<\/ul>\n\n\n\n<p><strong>Smelteovn til koncentration af naturgas<\/strong><\/p>\n\n\n\n<ul class=\"wp-block-list\">\n<li>(2) Shoei STM-500<\/li>\n\n\n\n<li>(1) Shoei ALM-500<\/li>\n<\/ul>\n\n\n\n<figure class=\"wp-block-image aligncenter size-full\"><a href=\"\/da\/kontakt-til-trykstobning-i-kina\/\"><img loading=\"lazy\" decoding=\"async\" width=\"940\" height=\"80\" src=\"https:\/\/www.diecastingschina.com\/wp-content\/uploads\/2025\/02\/satisfaction.jpg\" alt=\"\" class=\"wp-image-652\" title=\"Bed om et tilbud og kom i gang i dag\" srcset=\"https:\/\/www.diecastingschina.com\/wp-content\/uploads\/2025\/02\/satisfaction.jpg 940w, https:\/\/www.diecastingschina.com\/wp-content\/uploads\/2025\/02\/satisfaction-300x26.jpg 300w, https:\/\/www.diecastingschina.com\/wp-content\/uploads\/2025\/02\/satisfaction-768x65.jpg 768w\" sizes=\"(max-width: 940px) 100vw, 940px\" \/><\/a><\/figure>","protected":false},"excerpt":{"rendered":"<p>Aluminum die casting has been a specialty of Die Castings China since 1995. Our aluminum die casting services have assisted OEMs all over the world with producing parts at lower costs with unrivaled consistency, professionalism and delivery. Our aluminum die casting manufacturing expertise, pair with our state-of-the-art machinery, assures that our aluminum alloy parts will [&hellip;]<\/p>\n","protected":false},"author":3,"featured_media":2303,"parent":645,"menu_order":0,"comment_status":"closed","ping_status":"closed","template":"","meta":{"footnotes":""},"class_list":["post-657","page","type-page","status-publish","has-post-thumbnail","hentry"],"_links":{"self":[{"href":"https:\/\/www.diecastingschina.com\/da\/wp-json\/wp\/v2\/pages\/657","targetHints":{"allow":["GET"]}}],"collection":[{"href":"https:\/\/www.diecastingschina.com\/da\/wp-json\/wp\/v2\/pages"}],"about":[{"href":"https:\/\/www.diecastingschina.com\/da\/wp-json\/wp\/v2\/types\/page"}],"author":[{"embeddable":true,"href":"https:\/\/www.diecastingschina.com\/da\/wp-json\/wp\/v2\/users\/3"}],"replies":[{"embeddable":true,"href":"https:\/\/www.diecastingschina.com\/da\/wp-json\/wp\/v2\/comments?post=657"}],"version-history":[{"count":0,"href":"https:\/\/www.diecastingschina.com\/da\/wp-json\/wp\/v2\/pages\/657\/revisions"}],"up":[{"embeddable":true,"href":"https:\/\/www.diecastingschina.com\/da\/wp-json\/wp\/v2\/pages\/645"}],"wp:featuredmedia":[{"embeddable":true,"href":"https:\/\/www.diecastingschina.com\/da\/wp-json\/wp\/v2\/media\/2303"}],"wp:attachment":[{"href":"https:\/\/www.diecastingschina.com\/da\/wp-json\/wp\/v2\/media?parent=657"}],"curies":[{"name":"wp","href":"https:\/\/api.w.org\/{rel}","templated":true}]}}