{"id":962,"date":"2025-03-07T22:06:42","date_gmt":"2025-03-07T22:06:42","guid":{"rendered":"https:\/\/www.diecastingschina.com\/?page_id=962"},"modified":"2025-03-07T22:07:57","modified_gmt":"2025-03-07T22:07:57","slug":"tlakove-liti-tezkych-zarizeni","status":"publish","type":"page","link":"https:\/\/www.diecastingschina.com\/cs\/tlakove-liti-tezkych-zarizeni\/","title":{"rendered":"Tlakov\u00e9 lit\u00ed t\u011b\u017ek\u00fdch za\u0159\u00edzen\u00ed"},"content":{"rendered":"<div data-elementor-type=\"wp-page\" data-elementor-id=\"962\" class=\"elementor elementor-962\" data-elementor-post-type=\"page\">\n\t\t\t\t<div class=\"elementor-element elementor-element-8b69cf7 e-flex e-con-boxed e-con e-parent\" data-id=\"8b69cf7\" data-element_type=\"container\" data-e-type=\"container\" data-settings=\"{&quot;background_background&quot;:&quot;classic&quot;}\">\n\t\t\t\t\t<div class=\"e-con-inner\">\n\t\t<div class=\"elementor-element elementor-element-7578736 e-con-full e-flex e-con e-child\" data-id=\"7578736\" data-element_type=\"container\" data-e-type=\"container\">\n\t\t\t\t<div class=\"elementor-element elementor-element-850440f elementor-invisible elementor-widget elementor-widget-heading\" data-id=\"850440f\" data-element_type=\"widget\" data-e-type=\"widget\" data-settings=\"{&quot;_animation&quot;:&quot;fadeInUp&quot;}\" data-widget_type=\"heading.default\">\n\t\t\t\t<div class=\"elementor-widget-container\">\n\t\t\t\t\t<h1 class=\"elementor-heading-title elementor-size-default\">Tlakov\u00e9 lit\u00ed t\u011b\u017ek\u00fdch za\u0159\u00edzen\u00ed<\/h1>\t\t\t\t<\/div>\n\t\t\t\t<\/div>\n\t\t\t\t<\/div>\n\t\t\t\t\t<\/div>\n\t\t\t\t<\/div>\n\t\t<div class=\"elementor-element elementor-element-f959924 e-flex e-con-boxed e-con e-parent\" data-id=\"f959924\" data-element_type=\"container\" data-e-type=\"container\">\n\t\t\t\t\t<div class=\"e-con-inner\">\n\t\t\t\t<div class=\"elementor-element elementor-element-8575cc4 elementor-widget elementor-widget-gallery\" data-id=\"8575cc4\" data-element_type=\"widget\" data-e-type=\"widget\" data-settings=\"{&quot;gallery_layout&quot;:&quot;justified&quot;,&quot;lazyload&quot;:&quot;yes&quot;,&quot;ideal_row_height&quot;:{&quot;unit&quot;:&quot;px&quot;,&quot;size&quot;:200,&quot;sizes&quot;:[]},&quot;ideal_row_height_tablet&quot;:{&quot;unit&quot;:&quot;px&quot;,&quot;size&quot;:150,&quot;sizes&quot;:[]},&quot;ideal_row_height_mobile&quot;:{&quot;unit&quot;:&quot;px&quot;,&quot;size&quot;:150,&quot;sizes&quot;:[]},&quot;gap&quot;:{&quot;unit&quot;:&quot;px&quot;,&quot;size&quot;:10,&quot;sizes&quot;:[]},&quot;gap_tablet&quot;:{&quot;unit&quot;:&quot;px&quot;,&quot;size&quot;:10,&quot;sizes&quot;:[]},&quot;gap_mobile&quot;:{&quot;unit&quot;:&quot;px&quot;,&quot;size&quot;:10,&quot;sizes&quot;:[]},&quot;link_to&quot;:&quot;file&quot;,&quot;overlay_background&quot;:&quot;yes&quot;,&quot;content_hover_animation&quot;:&quot;fade-in&quot;}\" data-widget_type=\"gallery.default\">\n\t\t\t\t<div class=\"elementor-widget-container\">\n\t\t\t\t\t\t\t<div class=\"elementor-gallery__container\">\n\t\t\t\t\t\t\t<a class=\"e-gallery-item elementor-gallery-item elementor-animated-content\" href=\"https:\/\/www.diecastingschina.com\/wp-content\/uploads\/2025\/03\/worker-is-controlling-process-rail-cutting-busy-metal-factory-scaled.jpg\" data-elementor-open-lightbox=\"yes\" data-elementor-lightbox-slideshow=\"8575cc4\" data-elementor-lightbox-title=\"Man is working at metal factory\" data-e-action-hash=\"#elementor-action%3Aaction%3Dlightbox%26settings%3DeyJpZCI6OTM4LCJ1cmwiOiJodHRwczpcL1wvd3d3LmRpZWNhc3RpbmdzY2hpbmEuY29tXC93cC1jb250ZW50XC91cGxvYWRzXC8yMDI1XC8wM1wvd29ya2VyLWlzLWNvbnRyb2xsaW5nLXByb2Nlc3MtcmFpbC1jdXR0aW5nLWJ1c3ktbWV0YWwtZmFjdG9yeS1zY2FsZWQuanBnIiwic2xpZGVzaG93IjoiODU3NWNjNCJ9\">\n\t\t\t\t\t<div class=\"e-gallery-image elementor-gallery-item__image\" data-thumbnail=\"https:\/\/www.diecastingschina.com\/wp-content\/uploads\/2025\/03\/worker-is-controlling-process-rail-cutting-busy-metal-factory-300x200.jpg\" data-width=\"300\" data-height=\"200\" aria-label=\"\" role=\"img\" ><\/div>\n\t\t\t\t\t\t\t\t\t\t\t<div class=\"elementor-gallery-item__overlay\"><\/div>\n\t\t\t\t\t\t\t\t\t\t\t\t\t\t<\/a>\n\t\t\t\t\t\t\t<a class=\"e-gallery-item elementor-gallery-item elementor-animated-content\" href=\"https:\/\/www.diecastingschina.com\/wp-content\/uploads\/2025\/03\/214813.png\" data-elementor-open-lightbox=\"yes\" data-elementor-lightbox-slideshow=\"8575cc4\" data-elementor-lightbox-title=\"214813\" data-e-action-hash=\"#elementor-action%3Aaction%3Dlightbox%26settings%3DeyJpZCI6ODY2LCJ1cmwiOiJodHRwczpcL1wvd3d3LmRpZWNhc3RpbmdzY2hpbmEuY29tXC93cC1jb250ZW50XC91cGxvYWRzXC8yMDI1XC8wM1wvMjE0ODEzLnBuZyIsInNsaWRlc2hvdyI6Ijg1NzVjYzQifQ%3D%3D\">\n\t\t\t\t\t<div class=\"e-gallery-image elementor-gallery-item__image\" data-thumbnail=\"https:\/\/www.diecastingschina.com\/wp-content\/uploads\/2025\/03\/214813-300x186.png\" data-width=\"300\" data-height=\"186\" aria-label=\"\" role=\"img\" ><\/div>\n\t\t\t\t\t\t\t\t\t\t\t<div class=\"elementor-gallery-item__overlay\"><\/div>\n\t\t\t\t\t\t\t\t\t\t\t\t\t\t<\/a>\n\t\t\t\t\t\t\t<a class=\"e-gallery-item elementor-gallery-item elementor-animated-content\" href=\"https:\/\/www.diecastingschina.com\/wp-content\/uploads\/2025\/03\/215342.png\" data-elementor-open-lightbox=\"yes\" data-elementor-lightbox-slideshow=\"8575cc4\" data-elementor-lightbox-title=\"Die Casting Debburing\" data-e-action-hash=\"#elementor-action%3Aaction%3Dlightbox%26settings%3DeyJpZCI6ODcwLCJ1cmwiOiJodHRwczpcL1wvd3d3LmRpZWNhc3RpbmdzY2hpbmEuY29tXC93cC1jb250ZW50XC91cGxvYWRzXC8yMDI1XC8wM1wvMjE1MzQyLnBuZyIsInNsaWRlc2hvdyI6Ijg1NzVjYzQifQ%3D%3D\">\n\t\t\t\t\t<div class=\"e-gallery-image elementor-gallery-item__image\" data-thumbnail=\"https:\/\/www.diecastingschina.com\/wp-content\/uploads\/2025\/03\/215342-300x197.png\" data-width=\"300\" data-height=\"197\" aria-label=\"Odl\u00e9v\u00e1n\u00ed pod tlakem Odleh\u010dov\u00e1n\u00ed\" role=\"img\" ><\/div>\n\t\t\t\t\t\t\t\t\t\t\t<div class=\"elementor-gallery-item__overlay\"><\/div>\n\t\t\t\t\t\t\t\t\t\t\t\t\t\t<\/a>\n\t\t\t\t\t\t\t<a class=\"e-gallery-item elementor-gallery-item elementor-animated-content\" href=\"https:\/\/www.diecastingschina.com\/wp-content\/uploads\/2025\/03\/Picture20.png\" data-elementor-open-lightbox=\"yes\" data-elementor-lightbox-slideshow=\"8575cc4\" data-elementor-lightbox-title=\"Picture20\" data-e-action-hash=\"#elementor-action%3Aaction%3Dlightbox%26settings%3DeyJpZCI6ODQ5LCJ1cmwiOiJodHRwczpcL1wvd3d3LmRpZWNhc3RpbmdzY2hpbmEuY29tXC93cC1jb250ZW50XC91cGxvYWRzXC8yMDI1XC8wM1wvUGljdHVyZTIwLnBuZyIsInNsaWRlc2hvdyI6Ijg1NzVjYzQifQ%3D%3D\">\n\t\t\t\t\t<div class=\"e-gallery-image elementor-gallery-item__image\" data-thumbnail=\"https:\/\/www.diecastingschina.com\/wp-content\/uploads\/2025\/03\/Picture20-300x251.png\" data-width=\"300\" data-height=\"251\" aria-label=\"\" role=\"img\" ><\/div>\n\t\t\t\t\t\t\t\t\t\t\t<div class=\"elementor-gallery-item__overlay\"><\/div>\n\t\t\t\t\t\t\t\t\t\t\t\t\t\t<\/a>\n\t\t\t\t\t\t\t<a class=\"e-gallery-item elementor-gallery-item elementor-animated-content\" href=\"https:\/\/www.diecastingschina.com\/wp-content\/uploads\/2025\/03\/Picture14.png\" data-elementor-open-lightbox=\"yes\" data-elementor-lightbox-slideshow=\"8575cc4\" data-elementor-lightbox-title=\"Picture14\" data-e-action-hash=\"#elementor-action%3Aaction%3Dlightbox%26settings%3DeyJpZCI6ODQzLCJ1cmwiOiJodHRwczpcL1wvd3d3LmRpZWNhc3RpbmdzY2hpbmEuY29tXC93cC1jb250ZW50XC91cGxvYWRzXC8yMDI1XC8wM1wvUGljdHVyZTE0LnBuZyIsInNsaWRlc2hvdyI6Ijg1NzVjYzQifQ%3D%3D\">\n\t\t\t\t\t<div class=\"e-gallery-image elementor-gallery-item__image\" data-thumbnail=\"https:\/\/www.diecastingschina.com\/wp-content\/uploads\/2025\/03\/Picture14-300x197.png\" data-width=\"300\" data-height=\"197\" aria-label=\"\" role=\"img\" ><\/div>\n\t\t\t\t\t\t\t\t\t\t\t<div class=\"elementor-gallery-item__overlay\"><\/div>\n\t\t\t\t\t\t\t\t\t\t\t\t\t\t<\/a>\n\t\t\t\t\t\t\t<a class=\"e-gallery-item elementor-gallery-item elementor-animated-content\" href=\"https:\/\/www.diecastingschina.com\/wp-content\/uploads\/2025\/03\/Picture17.png\" data-elementor-open-lightbox=\"yes\" data-elementor-lightbox-slideshow=\"8575cc4\" data-elementor-lightbox-title=\"Picture17\" data-e-action-hash=\"#elementor-action%3Aaction%3Dlightbox%26settings%3DeyJpZCI6ODQ2LCJ1cmwiOiJodHRwczpcL1wvd3d3LmRpZWNhc3RpbmdzY2hpbmEuY29tXC93cC1jb250ZW50XC91cGxvYWRzXC8yMDI1XC8wM1wvUGljdHVyZTE3LnBuZyIsInNsaWRlc2hvdyI6Ijg1NzVjYzQifQ%3D%3D\">\n\t\t\t\t\t<div class=\"e-gallery-image elementor-gallery-item__image\" data-thumbnail=\"https:\/\/www.diecastingschina.com\/wp-content\/uploads\/2025\/03\/Picture17-300x234.png\" data-width=\"300\" data-height=\"234\" aria-label=\"\" role=\"img\" ><\/div>\n\t\t\t\t\t\t\t\t\t\t\t<div class=\"elementor-gallery-item__overlay\"><\/div>\n\t\t\t\t\t\t\t\t\t\t\t\t\t\t<\/a>\n\t\t\t\t\t\t\t<a class=\"e-gallery-item elementor-gallery-item elementor-animated-content\" href=\"https:\/\/www.diecastingschina.com\/wp-content\/uploads\/2025\/03\/Picture18.png\" data-elementor-open-lightbox=\"yes\" data-elementor-lightbox-slideshow=\"8575cc4\" data-elementor-lightbox-title=\"Picture18\" data-e-action-hash=\"#elementor-action%3Aaction%3Dlightbox%26settings%3DeyJpZCI6ODQ3LCJ1cmwiOiJodHRwczpcL1wvd3d3LmRpZWNhc3RpbmdzY2hpbmEuY29tXC93cC1jb250ZW50XC91cGxvYWRzXC8yMDI1XC8wM1wvUGljdHVyZTE4LnBuZyIsInNsaWRlc2hvdyI6Ijg1NzVjYzQifQ%3D%3D\">\n\t\t\t\t\t<div class=\"e-gallery-image elementor-gallery-item__image\" data-thumbnail=\"https:\/\/www.diecastingschina.com\/wp-content\/uploads\/2025\/03\/Picture18-300x218.png\" data-width=\"300\" data-height=\"218\" aria-label=\"\" role=\"img\" ><\/div>\n\t\t\t\t\t\t\t\t\t\t\t<div class=\"elementor-gallery-item__overlay\"><\/div>\n\t\t\t\t\t\t\t\t\t\t\t\t\t\t<\/a>\n\t\t\t\t\t\t\t<a class=\"e-gallery-item elementor-gallery-item elementor-animated-content\" href=\"https:\/\/www.diecastingschina.com\/wp-content\/uploads\/2025\/03\/Picture23.png\" data-elementor-open-lightbox=\"yes\" data-elementor-lightbox-slideshow=\"8575cc4\" data-elementor-lightbox-title=\"Picture23\" data-e-action-hash=\"#elementor-action%3Aaction%3Dlightbox%26settings%3DeyJpZCI6ODM4LCJ1cmwiOiJodHRwczpcL1wvd3d3LmRpZWNhc3RpbmdzY2hpbmEuY29tXC93cC1jb250ZW50XC91cGxvYWRzXC8yMDI1XC8wM1wvUGljdHVyZTIzLnBuZyIsInNsaWRlc2hvdyI6Ijg1NzVjYzQifQ%3D%3D\">\n\t\t\t\t\t<div class=\"e-gallery-image elementor-gallery-item__image\" data-thumbnail=\"https:\/\/www.diecastingschina.com\/wp-content\/uploads\/2025\/03\/Picture23-300x229.png\" data-width=\"300\" data-height=\"229\" aria-label=\"\" role=\"img\" ><\/div>\n\t\t\t\t\t\t\t\t\t\t\t<div class=\"elementor-gallery-item__overlay\"><\/div>\n\t\t\t\t\t\t\t\t\t\t\t\t\t\t<\/a>\n\t\t\t\t\t<\/div>\n\t\t\t\t\t<\/div>\n\t\t\t\t<\/div>\n\t\t\t\t\t<\/div>\n\t\t\t\t<\/div>\n\t\t\t\t<\/div>","protected":false},"excerpt":{"rendered":"","protected":false},"author":3,"featured_media":0,"parent":0,"menu_order":0,"comment_status":"closed","ping_status":"closed","template":"elementor_header_footer","meta":{"footnotes":""},"class_list":["post-962","page","type-page","status-publish","hentry"],"_links":{"self":[{"href":"https:\/\/www.diecastingschina.com\/cs\/wp-json\/wp\/v2\/pages\/962","targetHints":{"allow":["GET"]}}],"collection":[{"href":"https:\/\/www.diecastingschina.com\/cs\/wp-json\/wp\/v2\/pages"}],"about":[{"href":"https:\/\/www.diecastingschina.com\/cs\/wp-json\/wp\/v2\/types\/page"}],"author":[{"embeddable":true,"href":"https:\/\/www.diecastingschina.com\/cs\/wp-json\/wp\/v2\/users\/3"}],"replies":[{"embeddable":true,"href":"https:\/\/www.diecastingschina.com\/cs\/wp-json\/wp\/v2\/comments?post=962"}],"version-history":[{"count":0,"href":"https:\/\/www.diecastingschina.com\/cs\/wp-json\/wp\/v2\/pages\/962\/revisions"}],"wp:attachment":[{"href":"https:\/\/www.diecastingschina.com\/cs\/wp-json\/wp\/v2\/media?parent=962"}],"curies":[{"name":"wp","href":"https:\/\/api.w.org\/{rel}","templated":true}]}}