{"id":739,"date":"2025-02-28T10:35:55","date_gmt":"2025-02-28T10:35:55","guid":{"rendered":"https:\/\/www.diecastingschina.com\/?page_id=739"},"modified":"2025-02-28T10:36:21","modified_gmt":"2025-02-28T10:36:21","slug":"kancelare-usa-mexiko","status":"publish","type":"page","link":"https:\/\/www.diecastingschina.com\/cs\/cnm-tech-tlakove-liti-cina\/kancelare-usa-mexiko\/","title":{"rendered":"Kancel\u00e1\u0159e v USA \/ Mexiku"},"content":{"rendered":"<p>Pro mnoho v\u00fdrobc\u016f origin\u00e1ln\u00edho vybaven\u00ed je neust\u00e1l\u00fdm probl\u00e9mem dostat levn\u00e9 a vysoce kvalitn\u00ed v\u00fdrobky do v\u00fdroby bez probl\u00e9m\u016f se skladov\u00fdmi z\u00e1sobami. Nedostatek nejmen\u0161\u00edch a nejjednodu\u0161\u0161\u00edch d\u00edl\u016f m\u016f\u017ee zastavit celou v\u00fdrobn\u00ed linku a zp\u016fsobit stres n\u00e1kup\u010d\u00edch, kte\u0159\u00ed objedn\u00e1vaj\u00ed d\u00edly na posledn\u00ed chv\u00edli a s dodate\u010dn\u00fdmi n\u00e1klady.<\/p>\n\n\n\n<h2 class=\"wp-block-heading\">Bojujete s popt\u00e1vkou t\u00edm, \u017ee st\u00e1le objedn\u00e1v\u00e1te d\u00edly, kter\u00e9 nejsou na sklad\u011b?<\/h2>\n\n\n\n<p>Po sestaven\u00ed seznamu v\u00fdrobn\u00edch d\u00edl\u016f, odhadovan\u00fdch sazeb pou\u017eit\u00ed, se dohodneme na objedn\u00e1vce se stanoven\u00fdm smluvn\u00edm obdob\u00edm a nep\u0159ekro\u010ditelnou \u010d\u00e1stkou. Ve\u0161ker\u00e9 va\u0161e z\u00e1soby jsou spravov\u00e1ny u n\u00e1s <strong>Sklady o rozloze 50 000 \u010dtvere\u010dn\u00edch stop nebo 75 000 \u010dtvere\u010dn\u00edch stop<\/strong>, co\u017e v\u00e1m umo\u017en\u00ed rychle objednat produkt podle pot\u0159eby.<\/p>\n\n\n\n<figure class=\"wp-block-image aligncenter size-full\"><a href=\"\/cs\/kontaktni-tlakove-odlitky-cina\/\"><img fetchpriority=\"high\" decoding=\"async\" width=\"940\" height=\"80\" src=\"https:\/\/www.diecastingschina.com\/wp-content\/uploads\/2025\/02\/satisfaction.jpg\" alt=\"\" class=\"wp-image-652\" title=\"Po\u017e\u00e1dejte o cenovou nab\u00eddku a za\u010dn\u011bte je\u0161t\u011b dnes\" srcset=\"https:\/\/www.diecastingschina.com\/wp-content\/uploads\/2025\/02\/satisfaction.jpg 940w, https:\/\/www.diecastingschina.com\/wp-content\/uploads\/2025\/02\/satisfaction-300x26.jpg 300w, https:\/\/www.diecastingschina.com\/wp-content\/uploads\/2025\/02\/satisfaction-768x65.jpg 768w\" sizes=\"(max-width: 940px) 100vw, 940px\" \/><\/a><\/figure>","protected":false},"excerpt":{"rendered":"<p>For many original equipment manufacturers, getting low-cost, high quality products onto the production floor without stocking issues is an constant issue. Not having the smallest, simplest parts available, can shutdown an entire production line \u2013 creating purchaser stress by ordering last second parts at extra costs. Are you struggling with demand by always ordering out-of-stock [&hellip;]<\/p>\n","protected":false},"author":3,"featured_media":0,"parent":714,"menu_order":0,"comment_status":"closed","ping_status":"closed","template":"","meta":{"footnotes":""},"class_list":["post-739","page","type-page","status-publish","hentry"],"_links":{"self":[{"href":"https:\/\/www.diecastingschina.com\/cs\/wp-json\/wp\/v2\/pages\/739","targetHints":{"allow":["GET"]}}],"collection":[{"href":"https:\/\/www.diecastingschina.com\/cs\/wp-json\/wp\/v2\/pages"}],"about":[{"href":"https:\/\/www.diecastingschina.com\/cs\/wp-json\/wp\/v2\/types\/page"}],"author":[{"embeddable":true,"href":"https:\/\/www.diecastingschina.com\/cs\/wp-json\/wp\/v2\/users\/3"}],"replies":[{"embeddable":true,"href":"https:\/\/www.diecastingschina.com\/cs\/wp-json\/wp\/v2\/comments?post=739"}],"version-history":[{"count":0,"href":"https:\/\/www.diecastingschina.com\/cs\/wp-json\/wp\/v2\/pages\/739\/revisions"}],"up":[{"embeddable":true,"href":"https:\/\/www.diecastingschina.com\/cs\/wp-json\/wp\/v2\/pages\/714"}],"wp:attachment":[{"href":"https:\/\/www.diecastingschina.com\/cs\/wp-json\/wp\/v2\/media?parent=739"}],"curies":[{"name":"wp","href":"https:\/\/api.w.org\/{rel}","templated":true}]}}