{"id":732,"date":"2025-02-28T10:32:16","date_gmt":"2025-02-28T10:32:16","guid":{"rendered":"https:\/\/www.diecastingschina.com\/?page_id=732"},"modified":"2026-02-20T16:00:05","modified_gmt":"2026-02-20T16:00:05","slug":"prumyslove-certifikace","status":"publish","type":"page","link":"https:\/\/www.diecastingschina.com\/cs\/prumyslove-certifikace\/","title":{"rendered":"Certifikace a \u010dlenstv\u00ed"},"content":{"rendered":"<p>Jsme <strong>Spole\u010dnost certifikovan\u00e1 podle IATF 16949 pro tlakov\u00e9 lit\u00ed<\/strong> v \u010c\u00edn\u011b, kter\u00e1 nab\u00edz\u00ed vysoce kvalitn\u00ed v\u00fdrobky pro tlakov\u00e9 lit\u00ed z hlin\u00edku, zinku a ho\u0159\u010d\u00edku. jsme ochotni podepsat dokument NDA p\u0159edt\u00edm, ne\u017e n\u00e1m za\u0161lete data.<\/p>\n\n\n\n<p>Syst\u00e9my \u0159\u00edzen\u00ed kvality IATF 16949:2016, ISO 14001 a ISO 9001 jsou p\u0159\u00edsn\u011b dodr\u017eov\u00e1ny u v\u00fdrobce tlakov\u00fdch odlitk\u016f, kter\u00fd vyr\u00e1b\u00ed odlitky pro automobilov\u00fd pr\u016fmysl.<\/p>\n\n\n\n<p>Schopnosti kontroly kvality spole\u010dnosti Die Castings China zahrnuj\u00ed <a href=\"\/cs\/tym-inzenyru-pro-tlakove-liti\/\">nejmodern\u011bj\u0161\u00ed kontroln\u00ed syst\u00e9my<\/a>. To umo\u017e\u0148uje na\u0161im technik\u016fm v oblasti tlakov\u00fdch odlitk\u016f nahl\u00e9dnout do hloubky odlitk\u016f a analyzovat hloubku pr\u016ftoku kovu kokilou a dal\u0161\u00ed kritick\u00e9 parametry p\u0159i v\u00fdrob\u011b. <a href=\"\/cs\/sluzby-tlakoveho-liti-cina\/zinkove-tlakove-liti-cina\/\">vysoce kvalitn\u00ed zinek<\/a> a <a href=\"\/cs\/sluzby-tlakoveho-liti-cina\/tlakove-liti-hliniku\/\">hlin\u00edkov\u00e9 tlakov\u00e9 odlitky<\/a>.<\/p>\n\n\n\n<p>Na\u0161e kompletn\u00ed tlakov\u00e9 lit\u00ed,&nbsp; <a href=\"\/cs\/obrabeni-odlitku-v-cine\/\">obr\u00e1b\u011bn\u00ed<\/a>, in\u017een\u00fdrstv\u00ed a <a href=\"\/cs\/ningbo-xusheng-machinery-die-casting-china\/ujisteni-zakaznika\/\">v\u00fdkonn\u00fd person\u00e1l se zav\u00e1zal k v\u00fdrob\u011b nejkvalitn\u011bj\u0161\u00edch hlin\u00edkov\u00fdch a zinkov\u00fdch odlitk\u016f, kter\u00e9 jsou dnes k dispozici.<\/a>.<\/p>\n\n\n\n<p><strong>Velkoobjemov\u00e1 v\u00fdroba vy\u017eaduje kompletn\u00ed <a href=\"\/cs\/kontrola-kvality-tlakoveho-liti\/\">kontrola kvality<\/a> zam\u011b\u0159en\u00ed ve v\u0161ech f\u00e1z\u00edch projektu.<\/strong><\/p>\n\n\n\n<p>Zachovat tuto filozofii projektu, <a href=\"https:\/\/www.diecastingschina.com\/cs\" data-type=\"link\" data-id=\"https:\/\/www.diecastingschina.com\/\">Tlakov\u00e9 odlitky \u010c\u00edna<\/a>&nbsp; pravideln\u011b udr\u017euje a investuje do nejnov\u011bj\u0161\u00edch hodnot\u00edc\u00edch zdroj\u016f. D\u00edky tomu, \u017ee jsme toto vybaven\u00ed sv\u011b\u0159ili do rukou na\u0161ich odborn\u00edk\u016f na zaji\u0161t\u011bn\u00ed kvality, jsme byli schopni z\u00edskat certifikace a \u010dlenstv\u00ed v nejvy\u0161\u0161\u00edch schvalovac\u00edch \u00farovn\u00edch.<\/p>\n\n\n\n<p>Pokud hled\u00e1te <strong>v\u00fdrobce vysokotlak\u00fdch hlin\u00edkov\u00fdch odlitk\u016f s certifikac\u00ed IATF16949<\/strong>, m\u016f\u017eete n\u00e1s kontaktovat. nab\u00eddneme v\u00e1m cenu do 24 hodin.<\/p>\n\n\n\n<figure class=\"wp-block-image size-large\"><img fetchpriority=\"high\" decoding=\"async\" width=\"717\" height=\"1024\" src=\"https:\/\/www.diecastingschina.com\/wp-content\/uploads\/2025\/06\/IATF16949-82132-717x1024.jpg\" alt=\"IATF16949-82132\" class=\"wp-image-1707\" srcset=\"https:\/\/www.diecastingschina.com\/wp-content\/uploads\/2025\/06\/IATF16949-82132-717x1024.jpg 717w, https:\/\/www.diecastingschina.com\/wp-content\/uploads\/2025\/06\/IATF16949-82132-210x300.jpg 210w, https:\/\/www.diecastingschina.com\/wp-content\/uploads\/2025\/06\/IATF16949-82132-768x1097.jpg 768w, https:\/\/www.diecastingschina.com\/wp-content\/uploads\/2025\/06\/IATF16949-82132-1075x1536.jpg 1075w, https:\/\/www.diecastingschina.com\/wp-content\/uploads\/2025\/06\/IATF16949-82132-8x12.jpg 8w, https:\/\/www.diecastingschina.com\/wp-content\/uploads\/2025\/06\/IATF16949-82132.jpg 1200w\" sizes=\"(max-width: 717px) 100vw, 717px\" \/><figcaption class=\"wp-element-caption\">IATF16949:2016-82132<\/figcaption><\/figure>\n\n\n\n<p><\/p>","protected":false},"excerpt":{"rendered":"<p>We are IATF 16949 certified die casting company in China, offering high quality die casting products from aluminum, zinc, and magnesium. we are willing to signed NDA document before you send us the data. The IATF 16949:2016, ISO 14001 and ISO 9001 quality management systems are strictly enforced to a die casting manufacturer who manufacutres [&hellip;]<\/p>\n","protected":false},"author":3,"featured_media":0,"parent":0,"menu_order":0,"comment_status":"closed","ping_status":"closed","template":"","meta":{"footnotes":""},"class_list":["post-732","page","type-page","status-publish","hentry"],"_links":{"self":[{"href":"https:\/\/www.diecastingschina.com\/cs\/wp-json\/wp\/v2\/pages\/732","targetHints":{"allow":["GET"]}}],"collection":[{"href":"https:\/\/www.diecastingschina.com\/cs\/wp-json\/wp\/v2\/pages"}],"about":[{"href":"https:\/\/www.diecastingschina.com\/cs\/wp-json\/wp\/v2\/types\/page"}],"author":[{"embeddable":true,"href":"https:\/\/www.diecastingschina.com\/cs\/wp-json\/wp\/v2\/users\/3"}],"replies":[{"embeddable":true,"href":"https:\/\/www.diecastingschina.com\/cs\/wp-json\/wp\/v2\/comments?post=732"}],"version-history":[{"count":0,"href":"https:\/\/www.diecastingschina.com\/cs\/wp-json\/wp\/v2\/pages\/732\/revisions"}],"wp:attachment":[{"href":"https:\/\/www.diecastingschina.com\/cs\/wp-json\/wp\/v2\/media?parent=732"}],"curies":[{"name":"wp","href":"https:\/\/api.w.org\/{rel}","templated":true}]}}