{"id":722,"date":"2025-02-28T10:24:40","date_gmt":"2025-02-28T10:24:40","guid":{"rendered":"https:\/\/www.diecastingschina.com\/?page_id=722"},"modified":"2025-02-28T10:27:04","modified_gmt":"2025-02-28T10:27:04","slug":"kontrola-kvality-tlakoveho-liti","status":"publish","type":"page","link":"https:\/\/www.diecastingschina.com\/cs\/kontrola-kvality-tlakoveho-liti\/","title":{"rendered":"Kontrola kvality"},"content":{"rendered":"<p>Pracovn\u00edci kontroly kvality ve spole\u010dnosti <a href=\"\/cs\/ningbo-xusheng-machinery-die-casting-china\/\">Tlakov\u00e9 odlitky \u010c\u00edna<\/a> zajistit, aby na\u0161e <a href=\"\/cs\/sluzby-tlakoveho-liti-cina\/\">tlakov\u00e9 lit\u00ed<\/a> t\u00fdm nad\u00e1le poskytuje nejlep\u0161\u00ed<a href=\"\/cs\/sluzby-tlakoveho-liti-cina\/tlakove-liti-hliniku\/\"> tlakov\u00e9 lit\u00ed hlin\u00edku<\/a> a <a href=\"\/cs\/sluzby-tlakoveho-liti-cina\/zinkove-tlakove-liti-cina\/\">d\u00edly odl\u00e9van\u00e9 pod tlakem ze zinku<\/a>.<\/p>\n\n\n\n<p>Na\u0161e kontrola tlakov\u00e9ho lit\u00ed a protokol o kontrole kvality jsou p\u0159\u00edsn\u011b vynucov\u00e1ny prost\u0159ednictv\u00edm certifikac\u00ed TS16949 a QS9000. Sn\u00edma\u010de, v\u00e1hy a kalibrace 3D CMM jsou pravideln\u011b servisov\u00e1ny a kalibrov\u00e1ny, aby bylo zaji\u0161t\u011bno, \u017ee na\u0161e tlakov\u00e9 odlitky jsou p\u0159esn\u00e9 a spl\u0148uj\u00ed po\u017eadovan\u00e9 specifikace.<\/p>\n\n\n\n<p>Pracovn\u00edci kontroly kvality se pr\u016fb\u011b\u017en\u011b vzd\u011bl\u00e1vaj\u00ed a \u0161kol\u00ed o v\u0161ech kontroln\u00edch stroj\u00edch a nov\u00fdch funkc\u00edch. Na\u0161\u00ed filozofi\u00ed je, aby pracovn\u00edci kontroly dbali na kvalitu; \u010das a \u00fasil\u00ed nav\u00edc zam\u011b\u0159en\u00e9 na v\u00e1\u0161 projekt zlep\u0161\u00ed kone\u010dnou kvalitu v\u00fdrobku.<\/p>\n\n\n\n<figure class=\"wp-block-embed is-type-video is-provider-youtube wp-block-embed-youtube wp-embed-aspect-16-9 wp-has-aspect-ratio\"><div class=\"wp-block-embed__wrapper\">\n<iframe title=\"In\u017een\u00fd\u0159i kontroly kvality ve spole\u010dnosti Die Castings USA\" width=\"800\" height=\"450\" src=\"https:\/\/www.youtube.com\/embed\/39Wtxm-XzjE?feature=oembed\" frameborder=\"0\" allow=\"accelerometer; autoplay; clipboard-write; encrypted-media; gyroscope; picture-in-picture; web-share\" referrerpolicy=\"strict-origin-when-cross-origin\" allowfullscreen><\/iframe>\n<\/div><\/figure>\n\n\n\n<h2 class=\"wp-block-heading\">\u00da\u010dely kontroly kvality<\/h2>\n\n\n\n<p>Pro v\u0161echny na\u0161e tlakov\u00e9 odlitky pou\u017e\u00edv\u00e1me kontroln\u00ed seznam zaji\u0161t\u011bn\u00ed kvality, abychom mohli \u00fa\u010dinn\u011b sledovat a ov\u011b\u0159ovat, zda vyroben\u00e9 tlakov\u00e9 odlitky pro na\u0161e z\u00e1kazn\u00edky spl\u0148uj\u00ed pot\u0159ebn\u00e9 normy a po\u017eadavky.<\/p>\n\n\n\n<ul class=\"wp-block-list\">\n<li>Zaveden\u00fd syst\u00e9m kvality v souladu s ISO<\/li>\n\n\n\n<li>Kontrola prvn\u00edho \u010dl\u00e1nku \/ Zpr\u00e1vy<\/li>\n\n\n\n<li>Certifikace materi\u00e1lu<\/li>\n\n\n\n<li>PPAP<\/li>\n<\/ul>\n\n\n\n<h2 class=\"wp-block-heading\">Seznam za\u0159\u00edzen\u00ed pro kontrolu kvality<\/h2>\n\n\n\n<p><strong>Seznam vysoce p\u0159esn\u00fdch CMM<\/strong><\/p>\n\n\n\n<ul class=\"wp-block-list\">\n<li>(1) Metro-3D 7106<\/li>\n\n\n\n<li>(1) Metro-3D 675<\/li>\n\n\n\n<li>(1) Metro-3D 654<\/li>\n<\/ul>\n\n\n\n<p><strong>Seznam univerz\u00e1ln\u00edch zku\u0161ebn\u00edch stroj\u016f v tahu<\/strong><\/p>\n\n\n\n<ul class=\"wp-block-list\">\n<li>(1) Greenster WDW-50<\/li>\n<\/ul>\n\n\n\n<p><strong>Seznam p\u0159\u00edstroj\u016f pro m\u011b\u0159en\u00ed drsnosti<\/strong><\/p>\n\n\n\n<ul class=\"wp-block-list\">\n<li>(1) Accretech E35B<\/li>\n<\/ul>\n\n\n\n<p><strong>Seznam tester\u016f tvrdosti<\/strong><\/p>\n\n\n\n<ul class=\"wp-block-list\">\n<li>(1) Lianer 187.5HBW<\/li>\n<\/ul>\n\n\n\n<p><strong>Seznam za\u0159\u00edzen\u00ed pro testov\u00e1n\u00ed \u010distoty<\/strong><\/p>\n\n\n\n<ul class=\"wp-block-list\">\n<li>(1) Fengming<\/li>\n<\/ul>\n\n\n\n<p><strong>Seznam spektrograf\u016f<\/strong><\/p>\n\n\n\n<ul class=\"wp-block-list\">\n<li>(1) Spectro MAXX<\/li>\n<\/ul>\n\n\n\n<p><strong>Seznam rentgenov\u00fdch detektor\u016f vad<\/strong><\/p>\n\n\n\n<ul class=\"wp-block-list\">\n<li>(1) Aolong XYD-1504<\/li>\n<\/ul>\n\n\n\n<p><strong>Seznam tester\u016f soln\u00e9 mlhy<\/strong><\/p>\n\n\n\n<ul class=\"wp-block-list\">\n<li>(1) Wuxi Yingzhicheng YWX\/Q-150<\/li>\n<\/ul>\n\n\n\n<p><strong>Seznam projektor\u016f<\/strong><\/p>\n\n\n\n<ul class=\"wp-block-list\">\n<li>(1) Easson EV3020<\/li>\n<\/ul>\n\n\n\n<h2 class=\"wp-block-heading\">Politika \u017eivotn\u00edho prost\u0159ed\u00ed<\/h2>\n\n\n\n<p>Ve spole\u010dnosti Die Castings China podporujeme za\u0159\u00edzen\u00ed \u0161etrn\u00e9 k \u017eivotn\u00edmu prost\u0159ed\u00ed. Prevence zne\u010di\u0161t\u011bn\u00ed \u017eivotn\u00edho prost\u0159ed\u00ed; dodr\u017eov\u00e1n\u00ed region\u00e1ln\u00edch z\u00e1kon\u016f a p\u0159edpis\u016f n\u00e1m umo\u017e\u0148uje dos\u00e1hnout udr\u017eiteln\u00e9ho rozvoje a z\u00e1rove\u0148 omezit zne\u010di\u0161t\u011bn\u00ed \u017eivotn\u00edho prost\u0159ed\u00ed.<\/p>\n\n\n\n<figure class=\"wp-block-image aligncenter size-full\"><a href=\"\/cs\/kontaktni-tlakove-odlitky-cina\/\"><img fetchpriority=\"high\" decoding=\"async\" width=\"940\" height=\"80\" src=\"https:\/\/www.diecastingschina.com\/wp-content\/uploads\/2025\/02\/satisfaction.jpg\" alt=\"\" class=\"wp-image-652\" title=\"Po\u017e\u00e1dejte o cenovou nab\u00eddku a za\u010dn\u011bte je\u0161t\u011b dnes\" srcset=\"https:\/\/www.diecastingschina.com\/wp-content\/uploads\/2025\/02\/satisfaction.jpg 940w, https:\/\/www.diecastingschina.com\/wp-content\/uploads\/2025\/02\/satisfaction-300x26.jpg 300w, https:\/\/www.diecastingschina.com\/wp-content\/uploads\/2025\/02\/satisfaction-768x65.jpg 768w\" sizes=\"(max-width: 940px) 100vw, 940px\" \/><\/a><\/figure>","protected":false},"excerpt":{"rendered":"<p>The quality control staff at Die Castings China ensure that our die casting team continues to provide the best aluminum die casting and zinc die cast parts. Our die casting inspection and quality control protocol are strictly enforced through TS16949 and QS9000 certifications. The 3D CMM sensors, scales and calipers are regularly serviced and calibrated [&hellip;]<\/p>\n","protected":false},"author":3,"featured_media":0,"parent":0,"menu_order":0,"comment_status":"closed","ping_status":"closed","template":"","meta":{"footnotes":""},"class_list":["post-722","page","type-page","status-publish","hentry"],"_links":{"self":[{"href":"https:\/\/www.diecastingschina.com\/cs\/wp-json\/wp\/v2\/pages\/722","targetHints":{"allow":["GET"]}}],"collection":[{"href":"https:\/\/www.diecastingschina.com\/cs\/wp-json\/wp\/v2\/pages"}],"about":[{"href":"https:\/\/www.diecastingschina.com\/cs\/wp-json\/wp\/v2\/types\/page"}],"author":[{"embeddable":true,"href":"https:\/\/www.diecastingschina.com\/cs\/wp-json\/wp\/v2\/users\/3"}],"replies":[{"embeddable":true,"href":"https:\/\/www.diecastingschina.com\/cs\/wp-json\/wp\/v2\/comments?post=722"}],"version-history":[{"count":0,"href":"https:\/\/www.diecastingschina.com\/cs\/wp-json\/wp\/v2\/pages\/722\/revisions"}],"wp:attachment":[{"href":"https:\/\/www.diecastingschina.com\/cs\/wp-json\/wp\/v2\/media?parent=722"}],"curies":[{"name":"wp","href":"https:\/\/api.w.org\/{rel}","templated":true}]}}