{"id":718,"date":"2025-02-28T10:22:29","date_gmt":"2025-02-28T10:22:29","guid":{"rendered":"https:\/\/www.diecastingschina.com\/?page_id=718"},"modified":"2025-02-28T10:23:37","modified_gmt":"2025-02-28T10:23:37","slug":"prohlaseni-o-poslani-ningbo-xusheng-machinery","status":"publish","type":"page","link":"https:\/\/www.diecastingschina.com\/cs\/cnm-tech-tlakove-liti-cina\/prohlaseni-o-poslani-ningbo-xusheng-machinery\/","title":{"rendered":"Prohl\u00e1\u0161en\u00ed o posl\u00e1n\u00ed"},"content":{"rendered":"<p>\"Abychom \u010delili rychle se m\u011bn\u00edc\u00ed situaci na trhu a horizont\u00e1ln\u00ed tvrd\u00e9 konkurenci, my Die Castings \u010c\u00edna lid\u00e9 pokra\u010dovat tvrd\u011b pracuj\u00edc\u00ed a nezdoln\u00fd bojov\u00fd duch, orientovan\u00e9 na lidi, integrita \u0159\u00edzen\u00ed, pos\u00edlit vnit\u0159n\u00ed \u0159\u00edzen\u00ed, a zlep\u0161it v\u00fdzkum a v\u00fdvoj a v\u00fdrobn\u00ed kapacity neust\u00e1le a<a href=\"\/cs\/kontrola-kvality-tlakoveho-liti\/\"> neust\u00e1le zlep\u0161ovat \u00farove\u0148 \u0159\u00edzen\u00ed kvality<\/a>, a neust\u00e1le zlep\u0161ovat schopnost rozvoje podnik\u00e1n\u00ed, zlep\u0161ovat efektivn\u00ed vyu\u017e\u00edv\u00e1n\u00ed zdroj\u016f, trvat na rozv\u00edjen\u00ed zp\u016fsobu udr\u017eiteln\u00e9ho rozvoje s c\u00edlem vytvo\u0159it recykla\u010dn\u00ed ekonomiku. V sou\u010dasn\u00e9 dob\u011b, <a href=\"\/cs\/ningbo-xusheng-machinery-die-casting-china\/\">Tlakov\u00e9 odlitky USA<\/a> je jedn\u00edm z nejrychleji rostouc\u00edch podnik\u016f v oblasti <a href=\"\/cs\/sluzby-tlakoveho-liti-cina\/\">pr\u016fmysl tlakov\u00e9ho lit\u00ed v \u010c\u00edn\u011b<\/a>.<\/p>\n\n\n\n<p>Kdy\u017e se ohl\u00e9dneme za n\u011bkolika uplynul\u00fdmi roky v\u00fdvoje, v\u017edy m\u00e1me na pam\u011bti obrovskou podporu a pomoc ze strany v\u0161ech \u00farovn\u00ed vl\u00e1d, lid\u00ed ze v\u0161ech kruh\u016f a na\u0161ich z\u00e1kazn\u00edk\u016f a partner\u016f p\u0159i sd\u00edlen\u00ed v\u011btru a bou\u0159e, bez podpory a pomoci od v\u0161ech z nich by Die Castings USA nem\u011bla dne\u0161n\u00ed v\u00fdsledky, zde bych cht\u011bl vyj\u00e1d\u0159it sv\u00e9 nejsrde\u010dn\u011bj\u0161\u00ed pod\u011bkov\u00e1n\u00ed a up\u0159\u00edmn\u00e9 pozdravy jm\u00e9nem v\u0161ech zam\u011bstnanc\u016f za podporu a pomoc v\u0161ech na\u0161ich star\u00fdch i nov\u00fdch p\u0159\u00e1tel!<\/p>\n\n\n\n<p>S v\u00fdhledem do budoucna, v\u0161ichni zam\u011bstnanci Die Castings \u010c\u00edna s podnikem ducha \"odpov\u011bdnost, inovace, sebev\u011bdom\u00fd\", jsme ochotni rozv\u00edjet up\u0159\u00edmn\u011b spolupracovat se v\u0161emi dom\u00e1c\u00edmi a mezin\u00e1rodn\u00edmi kruhy, aby n\u00e1\u0161 vlastn\u00ed p\u0159\u00edsp\u011bvek k rozvoji podniku, n\u00e1rodn\u00ed pr\u016fmysl stoup\u00e1 a harmonick\u00e9 budov\u00e1n\u00ed spole\u010dnosti, a vytvo\u0159it lep\u0161\u00ed z\u00edt\u0159ek!\"<br><em>Viceprezident<\/em><\/p>\n\n\n\n<figure class=\"wp-block-image aligncenter size-full\"><a href=\"\/cs\/kontaktni-tlakove-odlitky-cina\/\"><img fetchpriority=\"high\" decoding=\"async\" width=\"940\" height=\"80\" src=\"https:\/\/www.diecastingschina.com\/wp-content\/uploads\/2025\/02\/satisfaction.jpg\" alt=\"\" class=\"wp-image-652\" title=\"Po\u017e\u00e1dejte o cenovou nab\u00eddku a za\u010dn\u011bte je\u0161t\u011b dnes\" srcset=\"https:\/\/www.diecastingschina.com\/wp-content\/uploads\/2025\/02\/satisfaction.jpg 940w, https:\/\/www.diecastingschina.com\/wp-content\/uploads\/2025\/02\/satisfaction-300x26.jpg 300w, https:\/\/www.diecastingschina.com\/wp-content\/uploads\/2025\/02\/satisfaction-768x65.jpg 768w\" sizes=\"(max-width: 940px) 100vw, 940px\" \/><\/a><\/figure>","protected":false},"excerpt":{"rendered":"<p>\u201cTo face the rapid changeable marketing situation and the horizontal fierce competition, we Die Castings China people carry forward the hard working and indomitable fighting spirit, people-oriented, integrity management, strengthen internal management, and improve R &amp; D and manufacturing capabilities constantly and improve the level of quality management constantly, and improve the ability for business [&hellip;]<\/p>\n","protected":false},"author":3,"featured_media":0,"parent":714,"menu_order":0,"comment_status":"closed","ping_status":"closed","template":"","meta":{"footnotes":""},"class_list":["post-718","page","type-page","status-publish","hentry"],"_links":{"self":[{"href":"https:\/\/www.diecastingschina.com\/cs\/wp-json\/wp\/v2\/pages\/718","targetHints":{"allow":["GET"]}}],"collection":[{"href":"https:\/\/www.diecastingschina.com\/cs\/wp-json\/wp\/v2\/pages"}],"about":[{"href":"https:\/\/www.diecastingschina.com\/cs\/wp-json\/wp\/v2\/types\/page"}],"author":[{"embeddable":true,"href":"https:\/\/www.diecastingschina.com\/cs\/wp-json\/wp\/v2\/users\/3"}],"replies":[{"embeddable":true,"href":"https:\/\/www.diecastingschina.com\/cs\/wp-json\/wp\/v2\/comments?post=718"}],"version-history":[{"count":0,"href":"https:\/\/www.diecastingschina.com\/cs\/wp-json\/wp\/v2\/pages\/718\/revisions"}],"up":[{"embeddable":true,"href":"https:\/\/www.diecastingschina.com\/cs\/wp-json\/wp\/v2\/pages\/714"}],"wp:attachment":[{"href":"https:\/\/www.diecastingschina.com\/cs\/wp-json\/wp\/v2\/media?parent=718"}],"curies":[{"name":"wp","href":"https:\/\/api.w.org\/{rel}","templated":true}]}}