{"id":714,"date":"2025-02-28T10:20:03","date_gmt":"2025-02-28T10:20:03","guid":{"rendered":"https:\/\/www.diecastingschina.com\/?page_id=714"},"modified":"2026-04-15T09:04:32","modified_gmt":"2026-04-15T09:04:32","slug":"cnm-tech-tlakove-liti-cina","status":"publish","type":"page","link":"https:\/\/www.diecastingschina.com\/cs\/cnm-tech-tlakove-liti-cina\/","title":{"rendered":"O na\u0161\u00ed spole\u010dnosti - odl\u00e9v\u00e1n\u00ed plast\u016f \u010c\u00edna"},"content":{"rendered":"<p>Spole\u010dnost CNM TECH Co., Ltd (Jiazhan) je p\u0159edn\u00ed spole\u010dnost\u00ed v oblasti <strong>\u010c\u00edna tlakov\u00e9 lit\u00ed spole\u010dnost<\/strong>, specializuj\u00edc\u00ed se na vysoce kvalitn\u00ed <strong>tlakov\u00e9 lit\u00ed hlin\u00edku<\/strong> a <strong>tlakov\u00e9 lit\u00ed zinku<\/strong> \u0159e\u0161en\u00ed pro glob\u00e1ln\u00ed z\u00e1kazn\u00edky. D\u00edky v\u00edce ne\u017e desetilet\u00fdm zku\u0161enostem s v\u00fdrobou poskytujeme spolehliv\u00e9 a cenov\u011b v\u00fdhodn\u00e9 d\u00edly pro tlakov\u00e9 lit\u00ed pro pr\u016fmyslov\u00e1 odv\u011btv\u00ed po cel\u00e9m sv\u011bt\u011b. N\u00e1\u0161 z\u00e1vod na v\u00fdrobu tlakov\u00fdch odlitk\u016f se nach\u00e1z\u00ed ve m\u011bst\u011b Dongguan v provincii Guangdong, zn\u00e1m\u00e9m tak\u00e9 jako \u201c<a href=\"https:\/\/www.thediecasting.com\/\" target=\"_blank\" rel=\"noopener\">m\u011bsto tlakov\u00e9ho lit\u00ed\u201d v \u010c\u00edn\u011b<\/a>. Tato strategick\u00e1 poloha nab\u00edz\u00ed vynikaj\u00edc\u00ed pr\u016fmyslov\u00e9 zdroje, v\u00fdhody pokro\u010dil\u00e9ho dodavatelsk\u00e9ho \u0159et\u011bzce a pohodlnou dopravn\u00ed dostupnost. D\u00edky tomu, \u017ee se nach\u00e1z\u00edme v bl\u00edzkosti jednoho z nejv\u011bt\u0161\u00edch kontejnerov\u00fdch p\u0159\u00edstav\u016f v \u010c\u00edn\u011b a jen kousek vlakem od Hongkongu, zaji\u0161\u0165ujeme rychl\u00e9 dod\u00e1vky a efektivn\u00ed logistiku pro na\u0161e mezin\u00e1rodn\u00ed klienty.<\/p>\n\n\n\n<p>Spole\u010dnost CNM TECH za\u010d\u00ednala jako mal\u00e1 tov\u00e1rna na v\u00fdrobu forem pro tlakov\u00e9 lit\u00ed a rozrostla se v komplexn\u00ed servisn\u00ed firmu. <strong>v\u00fdrobce tlakov\u00fdch odlitk\u016f<\/strong> d\u00edky dlouholet\u00e9mu neust\u00e1l\u00e9mu zlep\u0161ov\u00e1n\u00ed a inovac\u00edm. Dnes na\u0161e modern\u00ed za\u0159\u00edzen\u00ed integruje konstrukci forem, v\u00fdrobu vysokotlak\u00fdch tlakov\u00fdch odlitk\u016f, p\u0159esn\u00e9 CNC obr\u00e1b\u011bn\u00ed, povrchov\u00e9 \u00fapravy a mont\u00e1\u017en\u00ed slu\u017eby. Nab\u00eddkou kompletn\u00edch vlastn\u00edch \u0159e\u0161en\u00ed pom\u00e1h\u00e1me z\u00e1kazn\u00edk\u016fm sni\u017eovat n\u00e1klady, zkracovat dodac\u00ed lh\u016fty a dosahovat st\u00e1l\u00e9 kvality v\u00fdrobk\u016f.<\/p>\n\n\n\n<p>Pro zaji\u0161t\u011bn\u00ed spolehlivosti se na\u0161e operace \u0159\u00edd\u00ed p\u0159\u00edsn\u00fdmi mezin\u00e1rodn\u00edmi normami. Jsme dr\u017eiteli certifik\u00e1tu ISO9001 pro \u0159\u00edzen\u00ed kvality, <a href=\"https:\/\/www.diecastingschina.com\/cs\/prumyslove-certifikace\/\">IATF16949 pro automobilov\u00e9 aplikace<\/a>, ISO14001 pro environment\u00e1ln\u00ed management a OHSAS18001 pro bezpe\u010dnost a ochranu zdrav\u00ed p\u0159i pr\u00e1ci. Tyto certifikace dokazuj\u00ed n\u00e1\u0161 z\u00e1vazek vyr\u00e1b\u011bt d\u00edly pro tlakov\u00e9 lit\u00ed, kter\u00e9 spl\u0148uj\u00ed nejvy\u0161\u0161\u00ed sv\u011btov\u00e9 standardy.<\/p>\n\n\n\n<p>Mezi na\u0161e hlavn\u00ed v\u00fdrobn\u00ed mo\u017enosti pat\u0159\u00ed <strong><a href=\"https:\/\/www.diecastingschina.com\/cs\/sluzby-tlakoveho-liti-cina\/tlakove-liti-hliniku\/\">tlakov\u00e9 lit\u00ed hlin\u00edkov\u00fdch slitin<\/a><\/strong>, <strong><a href=\"https:\/\/www.diecastingschina.com\/cs\/sluzby-tlakoveho-liti-cina\/zinkove-tlakove-liti-cina\/\">tlakov\u00e9 lit\u00ed ze zinkov\u00e9 slitiny<\/a><\/strong>, <a href=\"https:\/\/www.diecastingschina.com\/cs\/obrabeni-odlitku-v-cine\/\">p\u0159esn\u00e9 obr\u00e1b\u011bn\u00ed a sekund\u00e1rn\u00ed slu\u017eby<\/a>. Zahrnuje \u0161irokou \u0161k\u00e1lu zak\u00e1zkov\u00fdch d\u00edl\u016f pro tlakov\u00e9 lit\u00ed, jako jsou pouzdra, dr\u017e\u00e1ky, chladi\u010de, konektory a p\u0159esn\u00e9 komponenty. Slou\u017e\u00edme r\u016fzn\u00fdm pr\u016fmyslov\u00fdm odv\u011btv\u00edm v\u010detn\u011b automobilov\u00e9ho pr\u016fmyslu, zem\u011bd\u011blstv\u00ed, elektroniky, pr\u016fmyslov\u00fdch za\u0159\u00edzen\u00ed, zdravotnick\u00fdch p\u0159\u00edstroj\u016f, obrany a ter\u00e9nn\u00edch stroj\u016f. D\u00edky modern\u00edmu v\u00fdrobn\u00edmu vybaven\u00ed, kvalifikovan\u00fdm in\u017een\u00fdr\u016fm a profesion\u00e1ln\u00edmu t\u00fdmu projektov\u00e9ho managementu jsme schopni stejn\u011b efektivn\u011b zpracov\u00e1vat jak n\u00edzkoobjemov\u00e9 prototypy, tak velkos\u00e9riovou v\u00fdrobu.<\/p>\n\n\n\n<p>Ve spole\u010dnosti CNM TECH <strong><a href=\"https:\/\/www.diecastingschina.com\/cs\">\u010c\u00edna tlakov\u00e9 lit\u00ed<\/a><\/strong> spokojenost z\u00e1kazn\u00edk\u016f je pro n\u00e1s v\u017edy nejvy\u0161\u0161\u00ed prioritou. N\u00e1\u0161 t\u00fdm zaji\u0161\u0165uje kompletn\u00ed \u0159\u00edzen\u00ed projektu a podporu dodavatelsk\u00e9ho \u0159et\u011bzce od po\u010d\u00e1te\u010dn\u00ed f\u00e1ze n\u00e1vrhu a v\u00fdroby forem a\u017e po dod\u00e1n\u00ed fin\u00e1ln\u00edho v\u00fdrobku. Zaji\u0161\u0165ujeme nejen vysoce kvalitn\u00ed v\u00fdrobu, ale tak\u00e9 konkurenceschopn\u00e9 ceny a v\u010dasn\u00e9 dod\u00e1vky. D\u00edky na\u0161im zku\u0161enostem s prac\u00ed na severoamerick\u00e9m a evropsk\u00e9m trhu jsme d\u016fv\u011bryhodn\u00fdm partnerem pro spole\u010dnosti, kter\u00e9 hledaj\u00ed zdroje pro <strong>d\u00edly pro tlakov\u00e9 lit\u00ed z \u010c\u00edny<\/strong>.<\/p>\n\n\n\n<p>Pokud hled\u00e1te spolehlivou <strong>spole\u010dnost zab\u00fdvaj\u00edc\u00ed se tlakov\u00fdm lit\u00edm v \u010c\u00edn\u011b<\/strong>, CNM TECH Co., Ltd je va\u0161\u00ed nejlep\u0161\u00ed volbou. Kombinujeme technick\u00e9 znalosti, p\u0159\u00edsnou kontrolu kvality a slu\u017eby zam\u011b\u0159en\u00e9 na z\u00e1kazn\u00edka, abychom poskytovali prvot\u0159\u00eddn\u00ed slu\u017eby. <strong>\u0159e\u0161en\u00ed pro tlakov\u00e9 lit\u00ed na zak\u00e1zku<\/strong>. Kontaktujte n\u00e1s je\u0161t\u011b dnes, abychom s v\u00e1mi prodiskutovali v\u00e1\u0161 projekt a zjistili, jak v\u00e1m na\u0161e mo\u017enosti tlakov\u00e9ho lit\u00ed mohou pomoci uv\u00e9st va\u0161e n\u00e1pady na v\u00fdrobky v \u017eivot.<\/p>","protected":false},"excerpt":{"rendered":"<p>CNM TECH Co., Ltd (Jiazhan) is a leading China die casting company, specializing in high-quality aluminum die casting and zinc die casting solutions for global customers. With over a decade of manufacturing experience, we provide reliable and cost-effective die casting parts for industries worldwide. Our die casting manufacturing facility is located in Dongguan, Guangdong Province, [&hellip;]<\/p>\n","protected":false},"author":3,"featured_media":0,"parent":0,"menu_order":0,"comment_status":"closed","ping_status":"closed","template":"","meta":{"footnotes":""},"class_list":["post-714","page","type-page","status-publish","hentry"],"_links":{"self":[{"href":"https:\/\/www.diecastingschina.com\/cs\/wp-json\/wp\/v2\/pages\/714","targetHints":{"allow":["GET"]}}],"collection":[{"href":"https:\/\/www.diecastingschina.com\/cs\/wp-json\/wp\/v2\/pages"}],"about":[{"href":"https:\/\/www.diecastingschina.com\/cs\/wp-json\/wp\/v2\/types\/page"}],"author":[{"embeddable":true,"href":"https:\/\/www.diecastingschina.com\/cs\/wp-json\/wp\/v2\/users\/3"}],"replies":[{"embeddable":true,"href":"https:\/\/www.diecastingschina.com\/cs\/wp-json\/wp\/v2\/comments?post=714"}],"version-history":[{"count":3,"href":"https:\/\/www.diecastingschina.com\/cs\/wp-json\/wp\/v2\/pages\/714\/revisions"}],"predecessor-version":[{"id":2544,"href":"https:\/\/www.diecastingschina.com\/cs\/wp-json\/wp\/v2\/pages\/714\/revisions\/2544"}],"wp:attachment":[{"href":"https:\/\/www.diecastingschina.com\/cs\/wp-json\/wp\/v2\/media?parent=714"}],"curies":[{"name":"wp","href":"https:\/\/api.w.org\/{rel}","templated":true}]}}