{"id":708,"date":"2025-02-28T10:16:46","date_gmt":"2025-02-28T10:16:46","guid":{"rendered":"https:\/\/www.diecastingschina.com\/?page_id=708"},"modified":"2025-02-28T10:18:09","modified_gmt":"2025-02-28T10:18:09","slug":"prumyslova-odvetvi-tlakoveho-liti-v-cine","status":"publish","type":"page","link":"https:\/\/www.diecastingschina.com\/cs\/prumyslova-odvetvi-tlakoveho-liti-v-cine\/","title":{"rendered":"Obsluhovan\u00e9 trhy a odv\u011btv\u00ed"},"content":{"rendered":"<p>Die Castings China poskytuje komplexn\u00ed slu\u017eby pro nejn\u00e1ro\u010dn\u011bj\u0161\u00ed a nejslo\u017eit\u011bj\u0161\u00ed pr\u016fmyslov\u00e9 aplikace. Obsluhujeme z\u00e1kazn\u00edky OEM ve Spojen\u00fdch st\u00e1tech v Mexiku. Na\u0161e zak\u00e1zkov\u00e9 typy aplikac\u00ed jsou neomezen\u00e9, zejm\u00e9na proto, \u017ee obsluhujeme automobilov\u00fd pr\u016fmysl - kter\u00fd pou\u017e\u00edv\u00e1 nejv\u00edce hlin\u00edkov\u00fdch tlakov\u00fdch odlitk\u016f ze v\u0161ech typ\u016f komodit.<\/p>\n\n\n\n<p>Mezi na\u0161e hlavn\u00ed trhy s hlin\u00edkem a zinkem pat\u0159\u00ed n\u00e1sleduj\u00edc\u00ed odv\u011btv\u00ed:<\/p>\n\n\n\n<ul class=\"wp-block-list\">\n<li><a href=\"\/cs\/tlakove-liti-pro-automobilovy-prumysl\/\">Automobilov\u00fd pr\u016fmysl<\/a><\/li>\n\n\n\n<li><a href=\"\/cs\/zemedelske-tlakove-liti\/\">Zem\u011bd\u011blstv\u00ed<\/a><\/li>\n\n\n\n<li><a href=\"\/cs\/tlakove-liti-uzitkovych-vozidel\/\">U\u017eitkov\u00e9 vozidlo<\/a><\/li>\n\n\n\n<li><a href=\"\/cs\/tlakove-liti-tezkych-zarizeni\/\">T\u011b\u017ek\u00e1 technika<\/a><\/li>\n<\/ul>\n\n\n\n<p>Na\u0161e neust\u00e1l\u00e1 snaha o zlep\u0161ov\u00e1n\u00ed <a href=\"\/cs\/sluzby-tlakoveho-liti-cina\/tlakove-liti-hliniku\/\">odl\u00e9v\u00e1n\u00ed<\/a> v\u00fdkonnost a rozvoj jsou jen n\u011bkolika p\u0159\u00edklady toho, jak na\u0161e <a href=\"\/cs\/tym-inzenyru-pro-tlakove-liti\/\">in\u017een\u00fdrstv\u00ed<\/a> a v\u00fdrobn\u00ed zku\u0161enosti vytv\u00e1\u0159\u00ed v\u00fdznamnou p\u0159idanou hodnotu pro ka\u017ed\u00e9ho z\u00e1kazn\u00edka, kter\u00e9mu slou\u017e\u00edme. Na\u0161im z\u00e1kazn\u00edk\u016fm z automobilov\u00e9ho pr\u016fmyslu poskytujeme velk\u00e9 zku\u0161enosti s v\u00fdrobou p\u0159esn\u00fdch tlakov\u00fdch odlitk\u016f, kter\u00e9 se pou\u017e\u00edvaj\u00ed v automobilov\u00e9m pr\u016fmyslu. <a href=\"\/cs\/hlinikove-axialni-podlozky-pro-tlakove-liti\/\">aplikace hnac\u00edho \u00fastroj\u00ed<\/a>. V t\u011bchto pr\u016fmyslov\u00fdch odv\u011btv\u00edch OEM je pro udr\u017een\u00ed t\u011bchto projektov\u00fdch po\u017eadavk\u016f rozhoduj\u00edc\u00ed velkoobjemov\u00e1 dod\u00e1vka.<\/p>\n\n\n\n<p>Mezi z\u00e1kazn\u00edky OEM, kter\u00fdm jsme poskytli slu\u017eby po cel\u00e9m sv\u011bt\u011b, pat\u0159\u00ed:<\/p>\n\n\n\n<figure class=\"wp-block-image aligncenter size-full\"><img fetchpriority=\"high\" decoding=\"async\" width=\"875\" height=\"381\" src=\"https:\/\/www.diecastingschina.com\/wp-content\/uploads\/2025\/02\/ningbo-xusheng-machinery-customers.jpg\" alt=\"\" class=\"wp-image-711\" title=\"Ningbo Xusheng Machinery Z\u00e1kazn\u00edci\" srcset=\"https:\/\/www.diecastingschina.com\/wp-content\/uploads\/2025\/02\/ningbo-xusheng-machinery-customers.jpg 875w, https:\/\/www.diecastingschina.com\/wp-content\/uploads\/2025\/02\/ningbo-xusheng-machinery-customers-300x131.jpg 300w, https:\/\/www.diecastingschina.com\/wp-content\/uploads\/2025\/02\/ningbo-xusheng-machinery-customers-768x334.jpg 768w\" sizes=\"(max-width: 875px) 100vw, 875px\" \/><\/figure>\n\n\n\n<h3 class=\"wp-block-heading\">A\u0165 u\u017e zastupujete jak\u00fdkoli trh, <a href=\"\/cs\/kontaktni-tlakove-odlitky-cina\/\">kontaktujte n\u00e1s je\u0161t\u011b dnes a zjist\u011bte, jak m\u016f\u017eete vyu\u017e\u00edt<\/a>.<\/h3>\n\n\n\n<figure class=\"wp-block-image aligncenter size-full\"><a href=\"\/cs\/kontaktni-tlakove-odlitky-cina\/\"><img decoding=\"async\" width=\"940\" height=\"80\" src=\"https:\/\/www.diecastingschina.com\/wp-content\/uploads\/2025\/02\/satisfaction.jpg\" alt=\"\" class=\"wp-image-652\" title=\"Po\u017e\u00e1dejte o cenovou nab\u00eddku a za\u010dn\u011bte je\u0161t\u011b dnes\" srcset=\"https:\/\/www.diecastingschina.com\/wp-content\/uploads\/2025\/02\/satisfaction.jpg 940w, https:\/\/www.diecastingschina.com\/wp-content\/uploads\/2025\/02\/satisfaction-300x26.jpg 300w, https:\/\/www.diecastingschina.com\/wp-content\/uploads\/2025\/02\/satisfaction-768x65.jpg 768w\" sizes=\"(max-width: 940px) 100vw, 940px\" \/><\/a><\/figure>","protected":false},"excerpt":{"rendered":"<p>Die Castings China provides an all-in-one service for the most demanding and difficult industry applications. We serve OEM customers in the United States in Mexico. Our custom application types are limitless, especially since we service the Automotive Industry \u2013 which uses the most aluminum die cast parts of any commodity type. Our main aluminum and [&hellip;]<\/p>\n","protected":false},"author":3,"featured_media":0,"parent":0,"menu_order":0,"comment_status":"closed","ping_status":"closed","template":"","meta":{"footnotes":""},"class_list":["post-708","page","type-page","status-publish","hentry"],"_links":{"self":[{"href":"https:\/\/www.diecastingschina.com\/cs\/wp-json\/wp\/v2\/pages\/708","targetHints":{"allow":["GET"]}}],"collection":[{"href":"https:\/\/www.diecastingschina.com\/cs\/wp-json\/wp\/v2\/pages"}],"about":[{"href":"https:\/\/www.diecastingschina.com\/cs\/wp-json\/wp\/v2\/types\/page"}],"author":[{"embeddable":true,"href":"https:\/\/www.diecastingschina.com\/cs\/wp-json\/wp\/v2\/users\/3"}],"replies":[{"embeddable":true,"href":"https:\/\/www.diecastingschina.com\/cs\/wp-json\/wp\/v2\/comments?post=708"}],"version-history":[{"count":0,"href":"https:\/\/www.diecastingschina.com\/cs\/wp-json\/wp\/v2\/pages\/708\/revisions"}],"wp:attachment":[{"href":"https:\/\/www.diecastingschina.com\/cs\/wp-json\/wp\/v2\/media?parent=708"}],"curies":[{"name":"wp","href":"https:\/\/api.w.org\/{rel}","templated":true}]}}