{"id":686,"date":"2025-02-28T10:04:11","date_gmt":"2025-02-28T10:04:11","guid":{"rendered":"https:\/\/www.diecastingschina.com\/?page_id=686"},"modified":"2025-02-28T10:05:23","modified_gmt":"2025-02-28T10:05:23","slug":"odjehlovani","status":"publish","type":"page","link":"https:\/\/www.diecastingschina.com\/cs\/obrabeni-odlitku-v-cine\/odjehlovani\/","title":{"rendered":"Slu\u017eby odstra\u0148ov\u00e1n\u00ed ot\u0159ep\u016f"},"content":{"rendered":"<p>Na\u0161e p\u0159esnost <strong>Odjehlov\u00e1n\u00ed<\/strong> jsou nejlep\u0161\u00ed volbou pro odstran\u011bn\u00ed ot\u0159ep\u016f na odlitku. V\u0161echny n\u00e1mi vyr\u00e1b\u011bn\u00e9 zinkov\u00e9 nebo hlin\u00edkov\u00e9 tlakov\u00e9 odlitky jsou zcela zbaveny v\u0161ech ot\u0159ep\u016f. Tato slu\u017eba odstra\u0148ov\u00e1n\u00ed ot\u0159ep\u016f bude fungovat stejn\u00fdm zp\u016fsobem bez ohledu na typ zinkov\u00e9ho nebo hlin\u00edkov\u00e9ho materi\u00e1lu.<\/p>\n\n\n\n<h2 class=\"wp-block-heading\">Vibra\u010dn\u00ed odhrotov\u00e1n\u00ed<\/h2>\n\n\n\n<p>Tato specifick\u00e1 mo\u017enost odstra\u0148ov\u00e1n\u00ed ot\u0159ep\u016f je rozs\u00e1hl\u00fd sekund\u00e1rn\u00ed dokon\u010dovac\u00ed proces, jeho\u017e v\u00fdsledky z\u00e1vis\u00ed na siln\u00e9m t\u0159en\u00ed. Specializovan\u00fd stroj se pou\u017e\u00edv\u00e1 k zaji\u0161t\u011bn\u00ed jedine\u010dn\u00e9ho vibra\u010dn\u00edho pohybu, kter\u00fd zp\u016fsobuje, \u017ee m\u00e9dia stabiln\u011b tla\u010d\u00ed na odl\u00e9van\u00e9 sou\u010d\u00e1sti.<\/p>\n\n\n\n<p>P\u0159i tomto procesu lze pou\u017e\u00edt n\u011bkolik r\u016fzn\u00fdch typ\u016f m\u00e9di\u00ed. Ka\u017ed\u00e9 z nich poskytne odli\u0161n\u00e9 v\u00fdsledky pro spln\u011bn\u00ed po\u017eadovan\u00e9 povrchov\u00e9 \u00fapravy podle specifikac\u00ed v\u00fdkresu. Vibra\u010dn\u00ed dokon\u010dov\u00e1n\u00ed m\u016f\u017ee odstranit ot\u0159epy, ot\u0159epy a zjemnit drsnost povrchu. Tak\u00e9 tato slu\u017eba odstra\u0148ov\u00e1n\u00ed ot\u0159ep\u016f z tlakov\u00fdch odlitk\u016f m\u016f\u017ee fungovat jako:<\/p>\n\n\n\n<ul class=\"wp-block-list\">\n<li>Oprava od\u0161t\u00edpnut\u00fdch povrch\u016f<\/li>\n\n\n\n<li>Zlep\u0161en\u00ed p\u0159ilnavosti n\u00e1t\u011bru zdrsn\u011bn\u00edm nebo strukturov\u00e1n\u00edm povrchu.<\/li>\n\n\n\n<li>Odma\u0161t\u011bn\u00ed sou\u010d\u00e1sti<\/li>\n\n\n\n<li>Vytv\u00e1\u0159en\u00ed r\u00e1diusov\u00fdch hran pro bezpe\u010dnou manipulaci<\/li>\n\n\n\n<li>P\u0159\u00edprava d\u00edl\u016f na pokovov\u00e1n\u00ed<\/li>\n\n\n\n<li>Le\u0161t\u011bn\u00ed d\u00edl\u016f pro lep\u0161\u00ed vzhled<\/li>\n\n\n\n<li><\/li>\n<\/ul>\n\n\n\n<figure class=\"wp-block-image aligncenter size-full\"><img fetchpriority=\"high\" decoding=\"async\" width=\"864\" height=\"247\" src=\"https:\/\/www.diecastingschina.com\/wp-content\/uploads\/2025\/02\/vibratory-deburring-services-for-die-cast-parts-1.jpg\" alt=\"\" class=\"wp-image-689\" srcset=\"https:\/\/www.diecastingschina.com\/wp-content\/uploads\/2025\/02\/vibratory-deburring-services-for-die-cast-parts-1.jpg 864w, https:\/\/www.diecastingschina.com\/wp-content\/uploads\/2025\/02\/vibratory-deburring-services-for-die-cast-parts-1-300x86.jpg 300w, https:\/\/www.diecastingschina.com\/wp-content\/uploads\/2025\/02\/vibratory-deburring-services-for-die-cast-parts-1-768x220.jpg 768w\" sizes=\"(max-width: 864px) 100vw, 864px\" \/><\/figure>\n\n\n\n<h2 class=\"wp-block-heading\">Harperizace nebo odst\u0159ediv\u00e9 odjehlov\u00e1n\u00ed<\/h2>\n\n\n\n<p>Vysokoenergetick\u00e1 metoda hromadn\u00e9ho p\u00e1len\u00ed, kter\u00e1 vyu\u017e\u00edv\u00e1 k opracov\u00e1n\u00ed d\u00edl\u016f s\u00edly G. Tento proces odstra\u0148uje ot\u0159epy a vyhlazuje odlitky v krat\u0161\u00edm \u010dase ne\u017e b\u011b\u017en\u00e9 vibra\u010dn\u00ed odstra\u0148ov\u00e1n\u00ed ot\u0159ep\u016f a ru\u010dn\u00ed odstra\u0148ov\u00e1n\u00ed ot\u0159ep\u016f. Vzhledem k p\u016fsoben\u00ed G sil jsou kompletn\u011b odjehleny oblasti d\u00edl\u016f, na kter\u00e9 standardn\u00ed odjehlov\u00e1n\u00ed nedos\u00e1hne. Tento sekund\u00e1rn\u00ed dokon\u010dovac\u00ed proces je vyhrazen pro d\u00edly o velikosti od 0,25 mm do 51 mm.<\/p>\n\n\n\n<h2 class=\"wp-block-heading\">Ru\u010dn\u00ed odstra\u0148ov\u00e1n\u00ed ot\u0159ep\u016f<\/h2>\n\n\n\n<p>Tento proces, zn\u00e1m\u00fd tak\u00e9 jako ru\u010dn\u00ed odstra\u0148ov\u00e1n\u00ed ot\u0159ep\u016f, vy\u017eaduje specializovan\u00e9ho technika, aby mohl \u0159\u00e1dn\u011b dokon\u010dit celou operaci. Spole\u010dnost Die Castings China disponuje specializovan\u00fdm person\u00e1lem technik\u016f, kte\u0159\u00ed maj\u00ed dlouholet\u00e9 zku\u0161enosti s obsluhou odd\u011blen\u00ed ru\u010dn\u00edho odstra\u0148ov\u00e1n\u00ed ot\u0159ep\u016f.<\/p>\n\n\n\n<p>Ru\u010dn\u00ed odstra\u0148ov\u00e1n\u00ed ot\u0159ep\u016f je univerz\u00e1ln\u00ed proces, kter\u00fd m\u016f\u017ee b\u00fdt vhodn\u00fd pro r\u016fzn\u00e9 odlitky, od v\u00fdrobk\u016f s velmi vysokou toleranc\u00ed, kter\u00e9 vy\u017eaduj\u00ed jemn\u00e9 odstra\u0148ov\u00e1n\u00ed ot\u0159ep\u016f pod mikroskopem, a\u017e po automobilov\u00e9 komponenty, kter\u00e9 vy\u017eaduj\u00ed odstran\u011bn\u00ed materi\u00e1lu pomoc\u00ed brusek nebo brusek. Vzhledem k tomu, \u017ee ve\u0161ker\u00e9 pr\u00e1ce prov\u00e1d\u00edme ru\u010dn\u011b, m\u016f\u017eeme d\u00edly kontrolovat za pochodu, abychom zajistili kvalitu a konzistenci.<\/p>\n\n\n\n<p>\u010casto je to nejlep\u0161\u00ed volba pro v\u011bt\u0161inu d\u00edl\u016f odl\u00e9van\u00fdch pod tlakem, zejm\u00e9na pro projekty s mal\u00fdm objemem. \u010casto je to tak\u00e9 nejefektivn\u011bj\u0161\u00ed proces, zejm\u00e9na pokud je pot\u0159eba rychl\u00e1 dodac\u00ed lh\u016fta.<\/p>\n\n\n\n<figure class=\"wp-block-image aligncenter size-full\"><a href=\"\/cs\/kontaktni-tlakove-odlitky-cina\/\"><img decoding=\"async\" width=\"940\" height=\"80\" src=\"https:\/\/www.diecastingschina.com\/wp-content\/uploads\/2025\/02\/satisfaction.jpg\" alt=\"\" class=\"wp-image-652\" title=\"Po\u017e\u00e1dejte o cenovou nab\u00eddku a za\u010dn\u011bte je\u0161t\u011b dnes\" srcset=\"https:\/\/www.diecastingschina.com\/wp-content\/uploads\/2025\/02\/satisfaction.jpg 940w, https:\/\/www.diecastingschina.com\/wp-content\/uploads\/2025\/02\/satisfaction-300x26.jpg 300w, https:\/\/www.diecastingschina.com\/wp-content\/uploads\/2025\/02\/satisfaction-768x65.jpg 768w\" sizes=\"(max-width: 940px) 100vw, 940px\" \/><\/a><\/figure>","protected":false},"excerpt":{"rendered":"<p>Our precision deburring services are the best choice to remove any burs on a die cast part. All of the zinc or aluminum die castings we manufacture are completely free of all burs. This deburring service will operate in the same fashion, regardless of zinc or aluminum material types. Vibratory Deburring This specific deburring option [&hellip;]<\/p>\n","protected":false},"author":3,"featured_media":0,"parent":679,"menu_order":0,"comment_status":"closed","ping_status":"closed","template":"","meta":{"footnotes":""},"class_list":["post-686","page","type-page","status-publish","hentry"],"_links":{"self":[{"href":"https:\/\/www.diecastingschina.com\/cs\/wp-json\/wp\/v2\/pages\/686","targetHints":{"allow":["GET"]}}],"collection":[{"href":"https:\/\/www.diecastingschina.com\/cs\/wp-json\/wp\/v2\/pages"}],"about":[{"href":"https:\/\/www.diecastingschina.com\/cs\/wp-json\/wp\/v2\/types\/page"}],"author":[{"embeddable":true,"href":"https:\/\/www.diecastingschina.com\/cs\/wp-json\/wp\/v2\/users\/3"}],"replies":[{"embeddable":true,"href":"https:\/\/www.diecastingschina.com\/cs\/wp-json\/wp\/v2\/comments?post=686"}],"version-history":[{"count":0,"href":"https:\/\/www.diecastingschina.com\/cs\/wp-json\/wp\/v2\/pages\/686\/revisions"}],"up":[{"embeddable":true,"href":"https:\/\/www.diecastingschina.com\/cs\/wp-json\/wp\/v2\/pages\/679"}],"wp:attachment":[{"href":"https:\/\/www.diecastingschina.com\/cs\/wp-json\/wp\/v2\/media?parent=686"}],"curies":[{"name":"wp","href":"https:\/\/api.w.org\/{rel}","templated":true}]}}