{"id":679,"date":"2025-02-28T09:59:56","date_gmt":"2025-02-28T09:59:56","guid":{"rendered":"https:\/\/www.diecastingschina.com\/?page_id=679"},"modified":"2025-10-10T05:06:30","modified_gmt":"2025-10-10T05:06:30","slug":"obrabeni-odlitku-v-cine","status":"publish","type":"page","link":"https:\/\/www.diecastingschina.com\/cs\/obrabeni-odlitku-v-cine\/","title":{"rendered":"Obr\u00e1b\u011bn\u00ed a sekund\u00e1rn\u00ed dokon\u010dovac\u00ed slu\u017eby"},"content":{"rendered":"<p>Z\u00e1kazn\u00edci OEM pravideln\u011b hledaj\u00ed kompletn\u00edho dodavatele (all-in-one-house) pro sv\u00e9 zak\u00e1zkov\u00e9 v\u00fdrobky. Spole\u010dnost Die Castings USA uspokojuje tuto pot\u0159ebu z\u00e1kazn\u00edk\u016f poskytov\u00e1n\u00edm vylad\u011bn\u00e9ho seznamu sekund\u00e1rn\u00edch slu\u017eeb.<\/p>\n\n\n\n<p>Pro rozb\u011bhov\u00e9 operace nebo operace s v\u00edce n\u00e1stroji vyu\u017e\u00edv\u00e1me na\u0161e CNC za\u0159\u00edzen\u00ed, kter\u00e9 umo\u017e\u0148uje na\u0161emu t\u00fdmu dokon\u010dit sekund\u00e1rn\u00ed obr\u00e1b\u011bn\u00ed na jedn\u00e9 stanici. Na adrese <a href=\"https:\/\/www.diecastingschina.com\/cs\">Tlakov\u00e9 odlitky \u010c\u00edna<\/a>, p\u0159izp\u016fsobujeme na\u0161e slu\u017eby obr\u00e1b\u011bn\u00ed tak, aby efektivn\u011b spl\u0148ovaly p\u0159\u00edsn\u00e9 tolerance a po\u017eadavky projektu.<\/p>\n\n\n\n<p>Ve\u0161ker\u00e9 vlastn\u00ed obr\u00e1b\u011bn\u00ed a sekund\u00e1rn\u00ed slu\u017eby jsou realizov\u00e1ny prost\u0159ednictv\u00edm v\u00edce ne\u017e 40 souprav dovezen\u00fdch CNC obr\u00e1b\u011bc\u00edch center, 30 souprav soustruh\u016f a r\u016fzn\u00fdch za\u0159\u00edzen\u00ed pro v\u0161eobecn\u00e9 zpracov\u00e1n\u00ed od tryskac\u00edch za\u0159\u00edzen\u00ed a\u017e po myc\u00ed stroje Ultra Sonic. Na\u0161e \u0161pi\u010dkov\u00e9 za\u0159\u00edzen\u00ed disponuje zku\u0161en\u00fdm t\u00fdmem in\u017een\u00fdr\u016f, oper\u00e1tor\u016f a inspektor\u016f, kte\u0159\u00ed dokon\u010d\u00ed v\u00e1\u0161 d\u00edl p\u0159\u00edmo ve firm\u011b a vyhnou se nadm\u011brn\u00fdm n\u00e1klad\u016fm u extern\u00edch dodavatel\u016f. Jak m\u016f\u017eete vid\u011bt na fotografi\u00edch n\u00ed\u017ee, m\u00e1me velkou \u010d\u00e1st na\u0161eho v\u00fdrobn\u00edho z\u00e1vodu, kter\u00e1 je vyhrazena pro obr\u00e1b\u011bn\u00ed a dokon\u010dovac\u00ed slu\u017eby.<\/p>\n\n\n\n<p>Obr\u00e1b\u011bc\u00ed slu\u017eby jsou jednou z hlavn\u00edch v\u00fdhod na\u0161eho \u010d\u00ednsk\u00e9ho z\u00e1vodu. D\u00edly OEM jsou zpracov\u00e1v\u00e1ny prost\u0159ednictv\u00edm automatizovan\u00e9ho a u\u017eivatelsky \u0159\u00edzen\u00e9ho CNC obr\u00e1b\u011bn\u00ed (typy CNC za\u0159\u00edzen\u00ed zahrnuj\u00ed: horizont\u00e1ln\u00ed, vertik\u00e1ln\u00ed nebo p\u011btios\u00e9). Tyto sekund\u00e1rn\u00ed servisn\u00ed operace mohou zahrnovat brou\u0161en\u00ed, o\u0159ez\u00e1v\u00e1n\u00ed, odstra\u0148ov\u00e1n\u00ed ot\u0159ep\u016f, vibra\u010dn\u00ed dokon\u010dov\u00e1n\u00ed, fr\u00e9zov\u00e1n\u00ed, vrt\u00e1n\u00ed, z\u00e1vitov\u00e1n\u00ed, \u0159ez\u00e1n\u00ed z\u00e1vit\u016f, le\u0161t\u011bn\u00ed, tlakov\u00e9 zkou\u0161ky, ultra myc\u00ed operace a kone\u010dnou mont\u00e1\u017e. To jsou jen n\u011bkter\u00e9 z na\u0161ich sekund\u00e1rn\u00edch v\u00fdrobn\u00edch slu\u017eeb.<\/p>\n\n\n\n<p>Na\u0161e nab\u00eddka tepeln\u00e9ho zpracov\u00e1n\u00ed zahrnuje: T4, T5, T6 a T7. Tyto slu\u017eby umo\u017e\u0148uj\u00ed sva\u0159itelnost v\u00fdrobk\u016f, n\u00fdtov\u00e1n\u00ed a lepen\u00ed, jako\u017e i tvary s n\u00edzkou p\u00f3rovitost\u00ed.<\/p>\n\n\n\n<p>Poskytujeme tak\u00e9 kompletn\u00ed kompletace a sestavy v\u00fdrobk\u016f s vlastn\u00edm balen\u00edm podle specifikac\u00ed a pot\u0159eb z\u00e1kazn\u00edka.<\/p>\n\n\n\n<figure class=\"wp-block-image aligncenter size-full\"><img fetchpriority=\"high\" decoding=\"async\" width=\"974\" height=\"250\" src=\"https:\/\/www.diecastingschina.com\/wp-content\/uploads\/2025\/02\/die-cast-machining-2.jpg\" alt=\"\" class=\"wp-image-683\" title=\"Obr\u00e1b\u011bn\u00ed tlakov\u00fdch odlitk\u016f a sekund\u00e1rn\u00ed slu\u017eby\" srcset=\"https:\/\/www.diecastingschina.com\/wp-content\/uploads\/2025\/02\/die-cast-machining-2.jpg 974w, https:\/\/www.diecastingschina.com\/wp-content\/uploads\/2025\/02\/die-cast-machining-2-300x77.jpg 300w, https:\/\/www.diecastingschina.com\/wp-content\/uploads\/2025\/02\/die-cast-machining-2-768x197.jpg 768w\" sizes=\"(max-width: 974px) 100vw, 974px\" \/><\/figure>\n\n\n\n<h2 class=\"wp-block-heading\">N\u00e1\u0161 kompletn\u00ed seznam obr\u00e1b\u011bc\u00edch a sekund\u00e1rn\u00edch slu\u017eeb zahrnuje:<\/h2>\n\n\n\n<ul class=\"wp-block-list\">\n<li>Chromov\u00e1n\u00ed<\/li>\n\n\n\n<li>CNC obr\u00e1b\u011bn\u00ed<\/li>\n\n\n\n<li><a href=\"\/cs\/obrabeni-odlitku-v-cine\/odjehlovani\/\">Odhrotov\u00e1n\u00ed<\/a><\/li>\n\n\n\n<li>Elektrostatick\u00e9 malov\u00e1n\u00ed<\/li>\n\n\n\n<li><a href=\"\/cs\/obrabeni-odlitku-v-cine\/tepelne-zpracovani-hliniku\/\">Tepeln\u00e9 zpracov\u00e1n\u00ed<\/a><\/li>\n\n\n\n<li><a href=\"\/cs\/obrabeni-odlitku-v-cine\/vakuova-impregnace\/\">Impregnace<\/a><\/li>\n\n\n\n<li>Le\u0161t\u011bn\u00ed<\/li>\n\n\n\n<li>Pr\u00e1\u0161kov\u00e9 lakov\u00e1n\u00ed<\/li>\n\n\n\n<li><a href=\"\/cs\/obrabeni-odlitku-v-cine\/tryskani\/\">Trysk\u00e1n\u00ed<\/a><\/li>\n\n\n\n<li>Trysk\u00e1n\u00ed p\u00edskem<\/li>\n\n\n\n<li>Ultrazvukov\u00e9 pran\u00ed<\/li>\n\n\n\n<li>Mokr\u00e9 malov\u00e1n\u00ed<\/li>\n\n\n\n<li><a href=\"https:\/\/www.diecastingschina.com\/cs\/eloxovani-tlakove-liteho-hliniku\/\">Tlakov\u00e9 lit\u00ed hlin\u00edku eloxov\u00e1n\u00ed<\/a> <\/li>\n<\/ul>\n\n\n\n<p><em>Ultra Sonic Washing Machine | V\u00fdroba d\u00edl\u016f pro General Motors<\/em><\/p>\n\n\n\n<figure class=\"wp-block-image aligncenter size-full\"><img decoding=\"async\" width=\"974\" height=\"250\" src=\"https:\/\/www.diecastingschina.com\/wp-content\/uploads\/2025\/02\/new-machines.jpg\" alt=\"\" class=\"wp-image-682\" title=\"Ultra Sonic Washing Machine | V\u00fdroba d\u00edl\u016f pro General Motors\" srcset=\"https:\/\/www.diecastingschina.com\/wp-content\/uploads\/2025\/02\/new-machines.jpg 974w, https:\/\/www.diecastingschina.com\/wp-content\/uploads\/2025\/02\/new-machines-300x77.jpg 300w, https:\/\/www.diecastingschina.com\/wp-content\/uploads\/2025\/02\/new-machines-768x197.jpg 768w\" sizes=\"(max-width: 974px) 100vw, 974px\" \/><\/figure>\n\n\n\n<p><strong>Seznam CNC obr\u00e1b\u011bc\u00edch center<\/strong><\/p>\n\n\n\n<ul class=\"wp-block-list\">\n<li>(2) Haoyang A-650<\/li>\n\n\n\n<li>(1) Haoyang AS-500T<\/li>\n\n\n\n<li>(2) Orient (Shanghai) Machinery Technical Center TC-S2A-0<\/li>\n\n\n\n<li>(8) Mazak VTC-160AN<\/li>\n\n\n\n<li>(8) Feeler VM-32SA<\/li>\n\n\n\n<li>(1) Feeler VM-32S<\/li>\n\n\n\n<li>(4) Hundai-kia VX400FOi-MC<\/li>\n\n\n\n<li>(4) Hundai-kia VX500FOi-MC<\/li>\n\n\n\n<li>(3) Hundai-kia VX500<\/li>\n\n\n\n<li>(1) Hundai-kia VB-610<\/li>\n\n\n\n<li>(1) Hundai-kia QM-32<\/li>\n\n\n\n<li>(1) Leaderway Machinery Taiwan MV-1100<\/li>\n\n\n\n<li>(2) Akira Seiki V2.5XP<\/li>\n\n\n\n<li>(2) Hision HTM-850G<\/li>\n<\/ul>\n\n\n\n<p><strong>Seznam CNC soustruh\u016f<\/strong><\/p>\n\n\n\n<ul class=\"wp-block-list\">\n<li>(5) Kaida CK6136S<\/li>\n\n\n\n<li>(6) Kaida CK6125S<\/li>\n\n\n\n<li>(2) Kaida KDCK-25<\/li>\n\n\n\n<li>(1) Yaofa CJK0640<\/li>\n\n\n\n<li>(2) Yunnan Cy Group CYNC-360TE<\/li>\n\n\n\n<li>(9) Hision HTM-TC16<\/li>\n\n\n\n<li>(2) Hision HTM-TC25<\/li>\n\n\n\n<li>(8) Xknc L20<\/li>\n\n\n\n<li>(1) Xknc L21<\/li>\n\n\n\n<li>(1) Xknc L22<\/li>\n\n\n\n<li>(1) Xknc L23<\/li>\n<\/ul>\n\n\n\n<p><strong>Seznam tryskac\u00edch stroj\u016f<\/strong><\/p>\n\n\n\n<ul class=\"wp-block-list\">\n<li>(2) Xingyang Machinery 316<\/li>\n<\/ul>\n\n\n\n<p><strong>Seznam ultrazvukov\u00fdch myc\u00edch za\u0159\u00edzen\u00ed<\/strong><\/p>\n\n\n\n<ul class=\"wp-block-list\">\n<li>(1) Wxmeiji MJLH-7500B<\/li>\n\n\n\n<li>(1) Wxmeiji MJLH-6000<\/li>\n<\/ul>\n\n\n\n<p><strong>Seznam za\u0159\u00edzen\u00ed pro tepeln\u00e9 zpracov\u00e1n\u00ed<\/strong><\/p>\n\n\n\n<ul class=\"wp-block-list\">\n<li>(1) Zhejiang Sanmen Sanli st\u0159\u00edkac\u00ed a lisovac\u00ed za\u0159\u00edzen\u00ed Factory HK-435<\/li>\n<\/ul>\n\n\n\n<figure class=\"wp-block-embed is-type-video is-provider-youtube wp-block-embed-youtube wp-embed-aspect-16-9 wp-has-aspect-ratio\"><div class=\"wp-block-embed__wrapper\">\n<iframe title=\"Obr\u00e1b\u011bn\u00ed tlakov\u00fdch odlitk\u016f a sekund\u00e1rn\u00ed slu\u017eby TS16949 QS9000 ISO14001\" width=\"800\" height=\"450\" src=\"https:\/\/www.youtube.com\/embed\/nO1VH-8_aQ4?feature=oembed\" frameborder=\"0\" allow=\"accelerometer; autoplay; clipboard-write; encrypted-media; gyroscope; picture-in-picture; web-share\" referrerpolicy=\"strict-origin-when-cross-origin\" allowfullscreen><\/iframe>\n<\/div><\/figure>\n\n\n\n<figure class=\"wp-block-image aligncenter size-full\"><a href=\"\/cs\/kontaktni-tlakove-odlitky-cina\/\"><img decoding=\"async\" width=\"940\" height=\"80\" src=\"https:\/\/www.diecastingschina.com\/wp-content\/uploads\/2025\/02\/satisfaction.jpg\" alt=\"\" class=\"wp-image-652\" title=\"Po\u017e\u00e1dejte o cenovou nab\u00eddku a za\u010dn\u011bte je\u0161t\u011b dnes\" srcset=\"https:\/\/www.diecastingschina.com\/wp-content\/uploads\/2025\/02\/satisfaction.jpg 940w, https:\/\/www.diecastingschina.com\/wp-content\/uploads\/2025\/02\/satisfaction-300x26.jpg 300w, https:\/\/www.diecastingschina.com\/wp-content\/uploads\/2025\/02\/satisfaction-768x65.jpg 768w\" sizes=\"(max-width: 940px) 100vw, 940px\" \/><\/a><\/figure>","protected":false},"excerpt":{"rendered":"<p>OEM customers are regularly seeking a complete (all-in-one-house) supplier for their custom products. Die Castings USA serves this customer need by providing an fine tuned list of secondary services. For start-up or multi-tool operations we utilize our CNC equipment, allowing our team to complete secondary machining at one station. At Die Castings China, we customize [&hellip;]<\/p>\n","protected":false},"author":3,"featured_media":0,"parent":0,"menu_order":0,"comment_status":"closed","ping_status":"closed","template":"","meta":{"footnotes":""},"class_list":["post-679","page","type-page","status-publish","hentry"],"_links":{"self":[{"href":"https:\/\/www.diecastingschina.com\/cs\/wp-json\/wp\/v2\/pages\/679","targetHints":{"allow":["GET"]}}],"collection":[{"href":"https:\/\/www.diecastingschina.com\/cs\/wp-json\/wp\/v2\/pages"}],"about":[{"href":"https:\/\/www.diecastingschina.com\/cs\/wp-json\/wp\/v2\/types\/page"}],"author":[{"embeddable":true,"href":"https:\/\/www.diecastingschina.com\/cs\/wp-json\/wp\/v2\/users\/3"}],"replies":[{"embeddable":true,"href":"https:\/\/www.diecastingschina.com\/cs\/wp-json\/wp\/v2\/comments?post=679"}],"version-history":[{"count":0,"href":"https:\/\/www.diecastingschina.com\/cs\/wp-json\/wp\/v2\/pages\/679\/revisions"}],"wp:attachment":[{"href":"https:\/\/www.diecastingschina.com\/cs\/wp-json\/wp\/v2\/media?parent=679"}],"curies":[{"name":"wp","href":"https:\/\/api.w.org\/{rel}","templated":true}]}}