{"id":673,"date":"2025-02-28T09:55:35","date_gmt":"2025-02-28T09:55:35","guid":{"rendered":"https:\/\/www.diecastingschina.com\/?page_id=673"},"modified":"2025-10-10T05:08:59","modified_gmt":"2025-10-10T05:08:59","slug":"vyroba-forem-pro-tlakove-liti-v-cine","status":"publish","type":"page","link":"https:\/\/www.diecastingschina.com\/cs\/vyroba-forem-pro-tlakove-liti-v-cine\/","title":{"rendered":"Vlastn\u00ed slu\u017eby v oblasti v\u00fdroby tlakov\u00fdch forem"},"content":{"rendered":"<p><a href=\"https:\/\/www.diecastingschina.com\/cs\">Tlakov\u00e9 odlitky \u010c\u00edna<\/a> pou\u017e\u00edv\u00e1 \u0161pi\u010dkov\u00fd proces konstrukce n\u00e1stroj\u016f pro tlakov\u00e9 lit\u00ed pro vytv\u00e1\u0159en\u00ed na\u0161ich forem z n\u011bkolika typ\u016f materi\u00e1l\u016f. V z\u00e1vislosti na specifikac\u00edch projektu tlakov\u00e9ho lit\u00ed pou\u017e\u00edv\u00e1me ke konstrukci n\u00e1stroj\u016f p\u0159edev\u0161\u00edm \u0161v\u00e9dskou ocel DIEVAR. Ocel DIEVAR je zn\u00e1m\u00e1 jako vysoce v\u00fdkonn\u00e1 n\u00e1strojov\u00e1 ocel legovan\u00e1 chr\u00f3mem, molybdenem a vanadem, kter\u00e1 se zpracov\u00e1v\u00e1 za tepla. Tak\u00e9 ocel DIEVAR se vyr\u00e1b\u00ed nejmodern\u011bj\u0161\u00edmi v\u00fdrobn\u00edmi a zu\u0161lech\u0165ovac\u00edmi metodami. Specializovan\u00fd chemick\u00fd slo\u017een\u00ed a v\u00fdrobn\u00ed pevnost oceli DIEVAR, nab\u00edzej\u00ed t\u00e9m\u011b\u0159 bezkonkuren\u010dn\u00ed odolnost proti tepeln\u00e9 kontrole, hrub\u00e9mu prask\u00e1n\u00ed, opot\u0159eben\u00ed za tepla a deformaci.<\/p>\n\n\n\n<h2 class=\"wp-block-heading\">Jak se formy, n\u00e1stroje a vlo\u017eky pou\u017e\u00edvaj\u00ed k odl\u00e9v\u00e1n\u00ed d\u00edl\u016f<\/h2>\n\n\n\n<p>Roztaven\u00fd kov je pod vysok\u00fdm tlakem vtla\u010dov\u00e1n do speci\u00e1ln\u011b navr\u017een\u00e9ho syst\u00e9mu DIEVAR. <a href=\"https:\/\/aludiecasting.com\/company\/\" target=\"_blank\" rel=\"noopener\">forma pro tlakov\u00e9 lit\u00ed<\/a> k vytvo\u0159en\u00ed tvaru d\u00edlu. Tento univerz\u00e1ln\u00ed proces umo\u017e\u0148uje v\u00fdrobu velk\u00e9ho mno\u017estv\u00ed mal\u00fdch i velk\u00fdch d\u00edl\u016f. Do t\u011bchto t\u011b\u017ek\u00fdch ocelov\u00fdch forem DIEVAR lze vst\u0159\u00edknout tis\u00edce vst\u0159ik\u016f kovu a vyrobit tak identick\u00e9 d\u00edly. <a href=\"\/cs\/sluzby-tlakoveho-liti-cina\/tlakove-liti-hliniku\/\">Hlin\u00edkov\u00e9 odlitky<\/a> a <a href=\"\/cs\/sluzby-tlakoveho-liti-cina\/zinkove-tlakove-liti-cina\/\">Zinkov\u00e9 odlitky<\/a>.<\/p>\n\n\n\n<figure class=\"wp-block-embed is-type-video is-provider-youtube wp-block-embed-youtube wp-embed-aspect-16-9 wp-has-aspect-ratio\"><div class=\"wp-block-embed__wrapper\">\n<iframe title=\"N\u00e1vrh n\u00e1stroj\u016f pro tlakov\u00e9 lit\u00ed a proces v\u00fdroby ocelov\u00fdch forem\" width=\"800\" height=\"450\" src=\"https:\/\/www.youtube.com\/embed\/M2oZKMlXlCU?feature=oembed\" frameborder=\"0\" allow=\"accelerometer; autoplay; clipboard-write; encrypted-media; gyroscope; picture-in-picture; web-share\" referrerpolicy=\"strict-origin-when-cross-origin\" allowfullscreen><\/iframe>\n<\/div><\/figure>\n\n\n\n<p>Na str\u00e1nk\u00e1ch <a href=\"https:\/\/www.diecastingschina.com\/cs\">DieCastingsChina<\/a> d\u00edlna na v\u00fdrobu n\u00e1stroj\u016f a forem disponuje modern\u00edmi mo\u017enostmi tlakov\u00e9ho lit\u00ed, kter\u00e9 umo\u017e\u0148uj\u00ed rychl\u00fd v\u00fdvoj nov\u00fdch produkt\u016f pro rozv\u00edjej\u00edc\u00ed se trh. Jsme vybaveni v\u00edce ne\u017e 30 sadami profesion\u00e1ln\u00edch stroj\u016f na zpracov\u00e1n\u00ed forem a m\u016f\u017eeme vyvinout v\u0161echny formy pro tlakov\u00e9 lit\u00ed pou\u017e\u00edvan\u00e9 pro stroje na tlakov\u00e9 lit\u00ed od 160 T do 2 500 T.<\/p>\n\n\n\n<figure class=\"wp-block-image size-full\"><img fetchpriority=\"high\" decoding=\"async\" width=\"980\" height=\"135\" src=\"https:\/\/www.diecastingschina.com\/wp-content\/uploads\/2025\/02\/tooling-mold-making-machines.jpg\" alt=\"\" class=\"wp-image-676\" title=\"Stroje na v\u00fdrobu n\u00e1stroj\u016f a forem\" srcset=\"https:\/\/www.diecastingschina.com\/wp-content\/uploads\/2025\/02\/tooling-mold-making-machines.jpg 980w, https:\/\/www.diecastingschina.com\/wp-content\/uploads\/2025\/02\/tooling-mold-making-machines-300x41.jpg 300w, https:\/\/www.diecastingschina.com\/wp-content\/uploads\/2025\/02\/tooling-mold-making-machines-768x106.jpg 768w\" sizes=\"(max-width: 980px) 100vw, 980px\" \/><\/figure>\n\n\n\n<h2 class=\"wp-block-heading\">N\u00e1vrh, v\u00fdroba a \u00fadr\u017eba<\/h2>\n\n\n\n<p>Ve spole\u010dnosti Die Castings China m\u00e1me samostatnou divizi, kter\u00e1 se pln\u011b v\u011bnuje navrhov\u00e1n\u00ed n\u00e1stroj\u016f a forem. Na\u0161e <a href=\"\/cs\/tym-inzenyru-pro-tlakove-liti\/\">in\u017een\u00fdrsk\u00fd t\u00fdm<\/a> pou\u017e\u00edvat po\u010d\u00edta\u010dov\u00e9 modelov\u00e1n\u00ed k simulaci pln\u011bn\u00ed, chlazen\u00ed a o\u010dek\u00e1van\u00e9ho smr\u0161t\u011bn\u00ed u velmi slo\u017eit\u00fdch sou\u010d\u00e1st\u00ed. Tato technika umo\u017e\u0148uje d\u016fkladn\u00e9 vyhodnocen\u00ed a zdokonalen\u00ed n\u00e1vrhu n\u00e1stroje je\u0161t\u011b p\u0159ed zah\u00e1jen\u00edm konstrukce n\u00e1stroje - a zaji\u0161\u0165uje, \u017ee n\u00e1stroj bude vyr\u00e1b\u011bt nejlep\u0161\u00ed mo\u017en\u00fd d\u00edl s optim\u00e1ln\u00ed efektivitou v\u00fdroby. N\u00e1\u0161 intern\u00ed t\u00fdm pro v\u00fdrobu forem m\u016f\u017ee tak\u00e9 pomoci p\u0159i formulov\u00e1n\u00ed <a href=\"\/cs\/kontrola-kvality-tlakoveho-liti\/\">komplexn\u00ed testovac\u00ed program pro zaji\u0161t\u011bn\u00ed kone\u010dn\u00e9 integrity va\u0161ich d\u00edl\u016f.<\/a>.<\/p>\n\n\n\n<p>Na\u0161i zku\u0161en\u00ed in\u017een\u00fd\u0159i zaji\u0161\u0165uj\u00ed trvalou \u00fadr\u017ebu n\u00e1stroj\u016f a forem po celou dobu \u017eivotnosti projekt\u016f na\u0161ich z\u00e1kazn\u00edk\u016f. To umo\u017e\u0148uje v\u00fdraznou \u00fasporu n\u00e1klad\u016f, kter\u00e1 se p\u0159en\u00e1\u0161\u00ed na na\u0161e z\u00e1kazn\u00edky v cel\u00fdch Spojen\u00fdch st\u00e1tech a Mexiku. N\u00e1stroje vy\u017eaduj\u00ed velk\u00e9 finan\u010dn\u00ed investice - my tyto n\u00e1stroje a formy udr\u017eujeme v bezvadn\u00e9m stavu.<\/p>\n\n\n\n<figure class=\"wp-block-embed is-type-video is-provider-youtube wp-block-embed-youtube wp-embed-aspect-4-3 wp-has-aspect-ratio\"><div class=\"wp-block-embed__wrapper\">\n<iframe title=\"Simulace tlakov\u00e9ho lit\u00ed - tok roztaven\u00e9ho kovov\u00e9ho materi\u00e1lu ve form\u011b pro tlakov\u00e9 lit\u00ed\" width=\"800\" height=\"600\" src=\"https:\/\/www.youtube.com\/embed\/v1gSbk4bcns?feature=oembed\" frameborder=\"0\" allow=\"accelerometer; autoplay; clipboard-write; encrypted-media; gyroscope; picture-in-picture; web-share\" referrerpolicy=\"strict-origin-when-cross-origin\" allowfullscreen><\/iframe>\n<\/div><\/figure>\n\n\n\n<p><strong>Seznam elektrick\u00fdch v\u00fdbojek<\/strong><\/p>\n\n\n\n<ul class=\"wp-block-list\">\n<li>(1) Hanspark HE100<\/li>\n\n\n\n<li>(2) Hanspark HE70<\/li>\n\n\n\n<li>(1) Maxsee CNC54<\/li>\n\n\n\n<li>(1) Beilun Electric DB7155<\/li>\n\n\n\n<li>(1) Changzhou DB7130<\/li>\n<\/ul>\n\n\n\n<p><strong>Seznam stroj\u016f pro mont\u00e1\u017e forem<br><\/strong><\/p>\n\n\n\n<ul class=\"wp-block-list\">\n<li>(1) Ningbo Shunxing SX100JM<\/li>\n<\/ul>\n\n\n\n<p><strong>Seznam line\u00e1rn\u00edch \u0159ezac\u00edch stroj\u016f<br><\/strong><\/p>\n\n\n\n<ul class=\"wp-block-list\">\n<li>(1) Accutex AE-5<\/li>\n\n\n\n<li>(3) Adspark AR2000<\/li>\n\n\n\n<li>(1) Adspark AR3100<\/li>\n\n\n\n<li>(2) Cnskjc DK7740A<\/li>\n<\/ul>\n\n\n\n<figure class=\"wp-block-image aligncenter size-full\"><a href=\"\/cs\/kontaktni-tlakove-odlitky-cina\/\"><img decoding=\"async\" width=\"940\" height=\"80\" src=\"https:\/\/www.diecastingschina.com\/wp-content\/uploads\/2025\/02\/satisfaction.jpg\" alt=\"\" class=\"wp-image-652\" title=\"Po\u017e\u00e1dejte o cenovou nab\u00eddku a za\u010dn\u011bte je\u0161t\u011b dnes\" srcset=\"https:\/\/www.diecastingschina.com\/wp-content\/uploads\/2025\/02\/satisfaction.jpg 940w, https:\/\/www.diecastingschina.com\/wp-content\/uploads\/2025\/02\/satisfaction-300x26.jpg 300w, https:\/\/www.diecastingschina.com\/wp-content\/uploads\/2025\/02\/satisfaction-768x65.jpg 768w\" sizes=\"(max-width: 940px) 100vw, 940px\" \/><\/a><\/figure>","protected":false},"excerpt":{"rendered":"<p>Die Castings China uses a top-of-the-line die cast tooling design process for creating our molds from several material types. Depending upon the die cast project specifications, we mainly use Swedish DIEVAR Steel for tool construction. DIEVAR is known as a high performance, chromium-molybdenum-vanadium alloyed, hot work tool steel. Also, DIEVAR is produced with the very [&hellip;]<\/p>\n","protected":false},"author":3,"featured_media":0,"parent":0,"menu_order":0,"comment_status":"closed","ping_status":"closed","template":"","meta":{"footnotes":""},"class_list":["post-673","page","type-page","status-publish","hentry"],"_links":{"self":[{"href":"https:\/\/www.diecastingschina.com\/cs\/wp-json\/wp\/v2\/pages\/673","targetHints":{"allow":["GET"]}}],"collection":[{"href":"https:\/\/www.diecastingschina.com\/cs\/wp-json\/wp\/v2\/pages"}],"about":[{"href":"https:\/\/www.diecastingschina.com\/cs\/wp-json\/wp\/v2\/types\/page"}],"author":[{"embeddable":true,"href":"https:\/\/www.diecastingschina.com\/cs\/wp-json\/wp\/v2\/users\/3"}],"replies":[{"embeddable":true,"href":"https:\/\/www.diecastingschina.com\/cs\/wp-json\/wp\/v2\/comments?post=673"}],"version-history":[{"count":0,"href":"https:\/\/www.diecastingschina.com\/cs\/wp-json\/wp\/v2\/pages\/673\/revisions"}],"wp:attachment":[{"href":"https:\/\/www.diecastingschina.com\/cs\/wp-json\/wp\/v2\/media?parent=673"}],"curies":[{"name":"wp","href":"https:\/\/api.w.org\/{rel}","templated":true}]}}