{"id":668,"date":"2025-02-28T09:53:10","date_gmt":"2025-02-28T09:53:10","guid":{"rendered":"https:\/\/www.diecastingschina.com\/?page_id=668"},"modified":"2025-12-14T06:37:07","modified_gmt":"2025-12-14T06:37:07","slug":"zinkove-tlakove-liti-cina","status":"publish","type":"page","link":"https:\/\/www.diecastingschina.com\/cs\/sluzby-tlakoveho-liti-cina\/zinkove-tlakove-liti-cina\/","title":{"rendered":"Slu\u017eby tlakov\u00e9ho lit\u00ed zinku"},"content":{"rendered":"<p><a href=\"https:\/\/www.diecastingschina.com\/cs\/sluzby-tlakoveho-liti-cina\/zinkove-tlakove-liti-cina\/\">Tlakov\u00e9 lit\u00ed zinku<\/a> d\u00edly jsou dal\u0161\u00edmi obl\u00edben\u00fdmi slitinami, kter\u00e9 se pou\u017e\u00edvaj\u00ed p\u0159i tlakov\u00e9m lit\u00ed. Slitiny zinku lze odl\u00e9vat s p\u0159esn\u00fdmi tolerancemi, maj\u00ed ten\u010d\u00ed st\u011bny, slo\u017eit\u00e9 tvary a mnohem del\u0161\u00ed \u017eivotnost. Odlitky pod tlakem \u010c\u00edna m\u00e1 kapacitu na v\u00fdrobu <strong><em>d\u00edly pro tlakov\u00e9 lit\u00ed zinku<\/em><\/strong> s \u0161irokou \u0161k\u00e1lou povrchov\u00fdch \u00faprav s vlastn\u00edm pokoven\u00edm nebo lakov\u00e1n\u00edm. Na\u0161\u00edm c\u00edlem je dodat v\u00e1m zinkov\u00fd tlakov\u00fd odlitek p\u0159esn\u011b podle tiskov\u00fdch specifikac\u00ed. P\u0159esto\u017ee na trhu OEM je v\u011bt\u0161\u00ed popt\u00e1vka po hlin\u00edkov\u00fdch a zinkov\u00fdch odlitc\u00edch, n\u00e1\u0161 v\u00fdrobn\u00ed z\u00e1vod s certifikac\u00ed IATF 16949 disponuje n\u011bkolika stroji na tlakov\u00e9 lit\u00ed zinku Lktech. Tyto stroje n\u00e1m umo\u017e\u0148uj\u00ed dod\u00e1vat technick\u00e9 v\u00fdrobky pro tlakov\u00e9 lit\u00ed, jejich\u017e velikost se pohybuje od n\u011bkolika gram\u016f a\u017e po t\u00e9m\u011b\u0159 45 kilogram\u016f.<\/p>\n\n\n\n<figure class=\"wp-block-embed is-type-video is-provider-youtube wp-block-embed-youtube wp-embed-aspect-16-9 wp-has-aspect-ratio\"><div class=\"wp-block-embed__wrapper\">\n<iframe title=\"Jak funguje stroj na tlakov\u00e9 lit\u00ed | Tlakov\u00e9 lit\u00ed sk\u0159\u00edn\u011b motoru\" width=\"800\" height=\"450\" src=\"https:\/\/www.youtube.com\/embed\/LkJ2ByG1Goo?feature=oembed\" frameborder=\"0\" allow=\"accelerometer; autoplay; clipboard-write; encrypted-media; gyroscope; picture-in-picture; web-share\" referrerpolicy=\"strict-origin-when-cross-origin\" allowfullscreen><\/iframe>\n<\/div><\/figure>\n\n\n\n<h2 class=\"wp-block-heading\">Kdy pou\u017e\u00edt zinkov\u00e9 tlakov\u00e9 lit\u00ed m\u00edsto <a href=\"https:\/\/www.diecastingschina.com\/cs\/sluzby-tlakoveho-liti-cina\/tlakove-liti-hliniku\/\">Tlakov\u00e9 lit\u00ed hlin\u00edku<\/a> Sou\u010d\u00e1stky?<\/h2>\n\n\n\n<p>Krom\u011b na\u0161ich prvot\u0159\u00eddn\u00edch stroj\u016f na tlakov\u00e9 lit\u00ed zinku spolupracuj\u00ed na\u0161i zku\u0161en\u00ed technici kontroly kvality s v\u00fdrobou ve skladu, aby odhalili p\u0159\u00edpadn\u00e9 probl\u00e9my a zkontrolovali, zda v\u00fdrobek nevykazuje vady. Zinkov\u00e1 slitina m\u00e1 lep\u0161\u00ed povrchovou hou\u017eevnatost a tvrdost, co\u017e z n\u00ed \u010din\u00ed ide\u00e1ln\u00ed alternativu k obr\u00e1b\u011bn\u00fdm, lisovan\u00fdm, lisovan\u00fdm a vyr\u00e1b\u011bn\u00fdm p\u0159edm\u011bt\u016fm. D\u00edly lit\u00e9 pod tlakem ze zinkov\u00e9 slitiny jsou zn\u00e1m\u00e9 svou hou\u017eevnatost\u00ed oproti konkuren\u010dn\u00edm materi\u00e1l\u016fm a proces\u016fm. Celkov\u00e1 mez kluzu tohoto materi\u00e1lu pro tlakov\u00e9 lit\u00ed je 15kr\u00e1t vy\u0161\u0161\u00ed ne\u017e u slitiny hlin\u00edku pro tlakov\u00e9 lit\u00ed a slitiny ho\u0159\u010d\u00edku pro tlakov\u00e9 lit\u00ed. Pevnost slitiny je hlavn\u00edm d\u016fvodem, pro\u010d se proces tlakov\u00e9ho lit\u00ed zinku b\u011b\u017en\u011b pou\u017e\u00edv\u00e1 pro sk\u0159\u00edn\u011b p\u0159evodovek, sou\u010d\u00e1sti oken, hardwarov\u00e9 komponenty, elektromechanick\u00e9 aplikace a dal\u0161\u00ed typy sk\u0159\u00edn\u00ed.<\/p>\n\n\n\n<p>V porovn\u00e1n\u00ed s hlin\u00edkov\u00fdm i zinkov\u00fdm tlakov\u00fdm lit\u00edm maj\u00ed ob\u011b tyto slitiny sv\u00e9 v\u00fdhody a nev\u00fdhody, obvykle se n\u011bkter\u00e9 velk\u00e9 d\u00edly ze slitin vyr\u00e1b\u011bj\u00ed ze slitin hlin\u00edku a n\u011bkter\u00e9 mal\u00e9 d\u00edly z kovov\u00fdch slitin ze slitin zinku, ale ne v\u017edy je tomu tak. na druh\u00e9 stran\u011b n\u011bkter\u00e9 kovov\u00e9 d\u00edly, kter\u00e9 pot\u0159ebuj\u00ed vysoce kvalitn\u00ed povrchovou \u00fapravu, jako je chromov\u00e1n\u00ed, niklov\u00e1n\u00ed, mohou pro zlep\u0161en\u00ed kvality povrchu pou\u017e\u00edt tak\u00e9 slitiny Zamak.<\/p>\n\n\n\n<p>Pokud m\u00e1te projekt v rukou a nejste si jisti, kter\u00e9 slitiny materi\u00e1l\u016f, kter\u00e9 by m\u011bly b\u00fdt pou\u017eity, m\u016f\u017eete n\u00e1s kontaktovat, budeme p\u0159ezkoum\u00e1vat to pro v\u00e1s a d\u00e1t sv\u00e9 nejlep\u0161\u00ed mo\u017enosti, pokud m\u00e1te projekt, kter\u00fd pot\u0159ebuje jak hlin\u00edkov\u00e9 a zinkov\u00e9 tlakov\u00e9 lit\u00ed v\u00fdrobk\u016f, jste n\u00e1m poslat sv\u016fj v\u00fdkres, tak\u017ee bychom mohli nab\u00eddnout v\u00e1m do 24 hodin.<\/p>\n\n\n\n<figure class=\"wp-block-image size-large\"><img fetchpriority=\"high\" decoding=\"async\" width=\"1024\" height=\"515\" src=\"https:\/\/www.diecastingschina.com\/wp-content\/uploads\/2025\/12\/zinc-die-casting-1024x515.jpg\" alt=\"tlakov\u00e9 lit\u00ed zinku\" class=\"wp-image-2402\" srcset=\"https:\/\/www.diecastingschina.com\/wp-content\/uploads\/2025\/12\/zinc-die-casting-1024x515.jpg 1024w, https:\/\/www.diecastingschina.com\/wp-content\/uploads\/2025\/12\/zinc-die-casting-300x151.jpg 300w, https:\/\/www.diecastingschina.com\/wp-content\/uploads\/2025\/12\/zinc-die-casting-768x386.jpg 768w, https:\/\/www.diecastingschina.com\/wp-content\/uploads\/2025\/12\/zinc-die-casting-1536x772.jpg 1536w, https:\/\/www.diecastingschina.com\/wp-content\/uploads\/2025\/12\/zinc-die-casting-18x9.jpg 18w, https:\/\/www.diecastingschina.com\/wp-content\/uploads\/2025\/12\/zinc-die-casting.jpg 1548w\" sizes=\"(max-width: 1024px) 100vw, 1024px\" \/><\/figure>\n\n\n\n<p>Slitina Zamak-3 je v sou\u010dasnosti nejobl\u00edben\u011bj\u0161\u00ed slitinou, ale Zamak-7 funguje stejn\u011b dob\u0159e a za ur\u010dit\u00fdch podm\u00ednek je lep\u0161\u00ed ne\u017e Zamak-3. Zinkov\u00e9 tlakov\u00e9 odlitky se slitinou #7 maj\u00ed sn\u00ed\u017een\u00e9 vlastnosti ho\u0159\u010d\u00edku p\u0159i zv\u00fd\u0161en\u00e9m mno\u017estv\u00ed niklu - se sn\u00ed\u017een\u00fdmi limity ne\u010distot. Proto\u017ee je v n\u00ed ni\u017e\u0161\u00ed obsah ho\u0159\u010d\u00edku, m\u00e1 v\u011bt\u0161\u00ed tekutost. V d\u016fsledku toho m\u00e1 tento typ slitiny Zamak lep\u0161\u00ed odl\u00e9vac\u00ed schopnosti ne\u017e #3. St\u00e1le v\u0161ak poskytuje t\u00e9m\u011b\u0159 identick\u00e9 fyzik\u00e1ln\u00ed a mechanick\u00e9 vlastnosti a rozm\u011brovou stabilitu. Slitina Zamak 7 je velmi u\u017eite\u010dn\u00e1 p\u0159i v\u00fdrob\u011b odlitk\u016f v\u011bt\u0161\u00edch rozm\u011br\u016f. Tento typ materi\u00e1lu je tak\u00e9 skv\u011bl\u00fd pro velmi v\u00fdrobu slo\u017eit\u00fdch tvar\u016f a pro v\u00fdrobu, kter\u00e1 vy\u017eaduje vynikaj\u00edc\u00ed typy povrchov\u00e9 \u00fapravy kov\u00e1n\u00ed. Pou\u017eit\u00ed slitiny Zamak-5 je omezeno na speci\u00e1ln\u00ed p\u0159\u00edpady, kdy je zapot\u0159eb\u00ed zv\u00fd\u0161en\u00e1 pevnost p\u0159i te\u010den\u00ed a tvrdost materi\u00e1lu.<\/p>\n\n\n\n<ul class=\"wp-block-list\">\n<li>Neust\u00e1le sleduje rovnov\u00e1hu stroj\u016f a \"uzav\u0159en\u00fdch smy\u010dek\".<\/li>\n\n\n\n<li>Zaji\u0161\u0165uje konzistenci v\u00fdrobku \"od v\u00fdst\u0159elu k v\u00fdst\u0159elu\".<\/li>\n\n\n\n<li>urychluje n\u00e1pravu p\u0159\u00edpadn\u00fdch probl\u00e9m\u016f b\u011bhem provozu<\/li>\n\n\n\n<li>Zaji\u0161t\u011bn\u00ed konzistence v\u00fdroby ka\u017ed\u00fd den.<\/li>\n<\/ul>\n\n\n\n<figure class=\"wp-block-image alignright size-full\"><img decoding=\"async\" width=\"500\" height=\"313\" src=\"https:\/\/www.diecastingschina.com\/wp-content\/uploads\/2025\/02\/c-062-02.jpg\" alt=\"Stroj na tlakov\u00e9 lit\u00ed zinku\" class=\"wp-image-669\" srcset=\"https:\/\/www.diecastingschina.com\/wp-content\/uploads\/2025\/02\/c-062-02.jpg 500w, https:\/\/www.diecastingschina.com\/wp-content\/uploads\/2025\/02\/c-062-02-300x188.jpg 300w\" sizes=\"(max-width: 500px) 100vw, 500px\" \/><\/figure>\n\n\n\n<p><br><strong>V\u00fdhody zinkov\u00e9ho tlakov\u00e9ho lit\u00ed:<\/strong><\/p>\n\n\n\n<ul class=\"wp-block-list\">\n<li>Vysok\u00e1 pevnost a tvrdost<\/li>\n\n\n\n<li>Vysok\u00e1 odolnost proti korozi<\/li>\n\n\n\n<li>Vynikaj\u00edc\u00ed elektrick\u00e1 vodivost<\/li>\n\n\n\n<li>Vysok\u00e1 tepeln\u00e1 vodivost<\/li>\n\n\n\n<li>N\u00edzk\u00e9 n\u00e1klady na suroviny<\/li>\n\n\n\n<li>N\u00edzk\u00e1 viskozita, kter\u00e1 umo\u017e\u0148uje vytv\u00e1\u0159et mal\u00e9 a slo\u017eit\u00e9 tvary.<\/li>\n\n\n\n<li>Vysok\u00e1 rozm\u011brov\u00e1 p\u0159esnost a stabilita<\/li>\n\n\n\n<li>Vynikaj\u00edc\u00ed schopnost tenk\u00fdch st\u011bn<\/li>\n\n\n\n<li>schopnost tv\u00e1\u0159en\u00ed za studena, co\u017e usnad\u0148uje spojov\u00e1n\u00ed<\/li>\n\n\n\n<li>Vizu\u00e1ln\u011b atraktivn\u00ed vzhled<\/li>\n\n\n\n<li>Vynikaj\u00edc\u00ed odolnost proti korozi<\/li>\n\n\n\n<li>Podporuje dlouhou \u017eivotnost matrice<\/li>\n\n\n\n<li>\u00dasporn\u00e9 pro mal\u00e9 d\u00edly<\/li>\n<\/ul>\n\n\n\n<p><strong>Typy materi\u00e1l\u016f:<\/strong><\/p>\n\n\n\n<ul class=\"wp-block-list\">\n<li>Zinek 3<\/li>\n\n\n\n<li>Zinek 5<\/li>\n\n\n\n<li>ZAMAK 8<\/li>\n<\/ul>\n\n\n\n<p><strong>Rozsahy velikost\u00ed a hmotnost\u00ed tlakov\u00e9ho lit\u00ed:<\/strong> 0,05-1 kg Velikost: 200*200 mm<\/p>\n\n\n\n<figure class=\"wp-block-image alignright size-full is-resized\"><img decoding=\"async\" width=\"480\" height=\"480\" src=\"https:\/\/www.diecastingschina.com\/wp-content\/uploads\/2025\/12\/zinc-die-casting-products.jpg\" alt=\"v\u00fdrobky pro tlakov\u00e9 lit\u00ed zinku\" class=\"wp-image-2401\" style=\"width:292px;height:auto\" srcset=\"https:\/\/www.diecastingschina.com\/wp-content\/uploads\/2025\/12\/zinc-die-casting-products.jpg 480w, https:\/\/www.diecastingschina.com\/wp-content\/uploads\/2025\/12\/zinc-die-casting-products-300x300.jpg 300w, https:\/\/www.diecastingschina.com\/wp-content\/uploads\/2025\/12\/zinc-die-casting-products-150x150.jpg 150w, https:\/\/www.diecastingschina.com\/wp-content\/uploads\/2025\/12\/zinc-die-casting-products-12x12.jpg 12w\" sizes=\"(max-width: 480px) 100vw, 480px\" \/><\/figure>\n\n\n\n<p><strong>Seznam vybaven\u00ed<\/strong><\/p>\n\n\n\n<ul class=\"wp-block-list\">\n<li>(2) Lktech88<\/li>\n\n\n\n<li>(2) Lktech160<\/li>\n<\/ul>\n\n\n\n<p><strong>Koncentra\u010dn\u00ed tavic\u00ed pec na zemn\u00ed plyn<\/strong><\/p>\n\n\n\n<ul class=\"wp-block-list\">\n<li>(2) Shoei STM-500<\/li>\n\n\n\n<li>(1) Shoei ALM-500<\/li>\n<\/ul>\n\n\n\n<p>Pokud hled\u00e1te v\u00fdrobce tlakov\u00fdch odlitk\u016f v \u010c\u00edn\u011b, kter\u00fd m\u00e1 certifik\u00e1t IATF 16949 pro va\u0161e hlin\u00edkov\u00e9 nebo hlin\u00edkov\u00e9 odlitky, m\u016f\u017eete si vybrat. <a href=\"https:\/\/aludiecasting.com\/zamak-die-casting\/\" target=\"_blank\" rel=\"noopener\">D\u00edly pro tlakov\u00e9 lit\u00ed Zamak<\/a>, m\u016f\u017eete n\u00e1s kontaktovat.<\/p>\n\n\n\n<p><\/p>","protected":false},"excerpt":{"rendered":"<p>Zinc die casting parts is another mostly popular alloys that are used in die casting process. Zinc alloy can be casted to precision tolerances, have thinner wall sections, complex shapes and much longer tool life. Die Castings China has the capacity to produce zinc die casting parts with a wide variety of in-house plated and\/or [&hellip;]<\/p>\n","protected":false},"author":3,"featured_media":2402,"parent":645,"menu_order":0,"comment_status":"closed","ping_status":"closed","template":"","meta":{"footnotes":""},"class_list":["post-668","page","type-page","status-publish","has-post-thumbnail","hentry"],"_links":{"self":[{"href":"https:\/\/www.diecastingschina.com\/cs\/wp-json\/wp\/v2\/pages\/668","targetHints":{"allow":["GET"]}}],"collection":[{"href":"https:\/\/www.diecastingschina.com\/cs\/wp-json\/wp\/v2\/pages"}],"about":[{"href":"https:\/\/www.diecastingschina.com\/cs\/wp-json\/wp\/v2\/types\/page"}],"author":[{"embeddable":true,"href":"https:\/\/www.diecastingschina.com\/cs\/wp-json\/wp\/v2\/users\/3"}],"replies":[{"embeddable":true,"href":"https:\/\/www.diecastingschina.com\/cs\/wp-json\/wp\/v2\/comments?post=668"}],"version-history":[{"count":0,"href":"https:\/\/www.diecastingschina.com\/cs\/wp-json\/wp\/v2\/pages\/668\/revisions"}],"up":[{"embeddable":true,"href":"https:\/\/www.diecastingschina.com\/cs\/wp-json\/wp\/v2\/pages\/645"}],"wp:featuredmedia":[{"embeddable":true,"href":"https:\/\/www.diecastingschina.com\/cs\/wp-json\/wp\/v2\/media\/2402"}],"wp:attachment":[{"href":"https:\/\/www.diecastingschina.com\/cs\/wp-json\/wp\/v2\/media?parent=668"}],"curies":[{"name":"wp","href":"https:\/\/api.w.org\/{rel}","templated":true}]}}