{"id":645,"date":"2025-02-28T09:33:35","date_gmt":"2025-02-28T09:33:35","guid":{"rendered":"https:\/\/www.diecastingschina.com\/?page_id=645"},"modified":"2025-02-28T09:41:52","modified_gmt":"2025-02-28T09:41:52","slug":"sluzby-tlakoveho-liti-cina","status":"publish","type":"page","link":"https:\/\/www.diecastingschina.com\/cs\/sluzby-tlakoveho-liti-cina\/","title":{"rendered":"Slu\u017eby tlakov\u00e9ho lit\u00ed"},"content":{"rendered":"<p><strong>Tlakov\u00e9 lit\u00ed<\/strong> se pou\u017e\u00edv\u00e1 k v\u00fdrob\u011b <a href=\"\/cs\/sluzby-tlakoveho-liti-cina\/zinkove-tlakove-liti-cina\/\">zinek<\/a> a <a href=\"\/cs\/sluzby-tlakoveho-liti-cina\/tlakove-liti-hliniku\/\">hlin\u00edk<\/a> vst\u0159ikov\u00e1n\u00edm roztaven\u00e9ho materi\u00e1lu pod vysok\u00fdm tlakem do opakovan\u011b pou\u017eiteln\u00fdch d\u00edl\u016f. <a href=\"\/cs\/vyroba-forem-pro-tlakove-liti-v-cine\/\">ocelov\u00e9 formy (zn\u00e1m\u00e9 tak\u00e9 jako z\u00e1pustky)<\/a>. Mohou b\u00fdt navr\u017eeny pro v\u00fdrobu velmi slo\u017eit\u00fdch d\u00edl\u016f s p\u0159esnost\u00ed na \u0161pi\u010dku. Na\u0161e spole\u010dnost vyr\u00e1b\u011bj\u00edc\u00ed tlakov\u00e9 lit\u00ed vyr\u00e1b\u00ed d\u00edly s ostrou definic\u00ed, silnou celistvost\u00ed materi\u00e1lu a hladkou nebo strukturovanou povrchovou \u00fapravou. Na\u0161e spole\u010dnost je dodavatelem Tier 1 a Tier 2 pro n\u00e1sleduj\u00edc\u00ed pr\u016fmyslov\u00e1 odv\u011btv\u00ed: <a href=\"\/cs\/tlakove-liti-pro-automobilovy-prumysl\/\">Automobilov\u00fd pr\u016fmysl<\/a>, <a href=\"\/cs\/zemedelske-tlakove-liti\/\">Zem\u011bd\u011blstv\u00ed<\/a>, <a href=\"\/cs\/tlakove-liti-uzitkovych-vozidel\/\">U\u017eitkov\u00e9 vozidlo<\/a>, <a href=\"\/cs\/tlakove-liti-tezkych-zarizeni\/\">T\u011b\u017ek\u00e1 technika<\/a>, ter\u00e9nn\u00ed a rekrea\u010dn\u00ed vozidla.<\/p>\n\n\n\n<figure class=\"wp-block-embed is-type-video is-provider-youtube wp-block-embed-youtube wp-embed-aspect-16-9 wp-has-aspect-ratio\"><div class=\"wp-block-embed__wrapper\">\n<iframe title=\"Tlakov\u00e9 lit\u00ed 101 - Proces tlakov\u00e9ho lit\u00ed hlin\u00edku podle Die Castings China\" width=\"800\" height=\"450\" src=\"https:\/\/www.youtube.com\/embed\/N6ODcxK8_lg?feature=oembed\" frameborder=\"0\" allow=\"accelerometer; autoplay; clipboard-write; encrypted-media; gyroscope; picture-in-picture; web-share\" referrerpolicy=\"strict-origin-when-cross-origin\" allowfullscreen><\/iframe>\n<\/div><\/figure>\n\n\n\n<h2 class=\"wp-block-heading\">Pro\u010d tlakov\u00e9 odlitky \u010c\u00edna?<\/h2>\n\n\n\n<p>Na\u0161e spole\u010dnost se specializuje na v\u00fdrobu odlitk\u016f z hlin\u00edkov\u00fdch a zinkov\u00fdch slitin. Na\u0161e znalosti v kombinaci se strukturovan\u00fdmi metodami \u0159\u00edzen\u00ed projekt\u016f podporuj\u00ed z\u00e1kazn\u00edky od konceptu p\u0159es rychlou v\u00fdrobu prototyp\u016f, p\u0159\u00edpravu n\u00e1stroj\u016f a p\u0159edv\u00fdrobn\u00ed f\u00e1ze a\u017e po v\u00fdrobu v pln\u00e9m rozsahu.<\/p>\n\n\n\n<p>Workshop na <a href=\"\/cs\/ningbo-xusheng-machinery-die-casting-china\/\">Tlakov\u00e9 odlitky \u010c\u00edna<\/a> zahrnuje \u0161irokou \u0161k\u00e1lu stroj\u016f s ton\u00e1\u017e\u00ed od 160 t do 2 500 t.<\/p>\n\n\n\n<p>Nab\u00edz\u00edme tak\u00e9 \u0161pi\u010dkov\u00e9 specializovan\u00e9 sekce pro <a href=\"\/cs\/sluzby-tlakoveho-liti-cina\/zinkove-tlakove-liti-cina\/\">slitina zinku<\/a> a <a href=\"\/cs\/sluzby-tlakoveho-liti-cina\/tlakove-liti-hliniku\/\">hlin\u00edkov\u00e9 odlitky<\/a>. Jsme vybaveni n\u011bkolika tavic\u00edmi za\u0159\u00edzen\u00edmi na zemn\u00ed plyn, elektrickou udr\u017eovac\u00ed pec\u00ed a infiltra\u010dn\u00ed v\u00fdrobn\u00ed linkou. Jsme v\u00fdrobcem a dodavatelem mechanick\u00fdch d\u00edl\u016f zam\u011b\u0159en\u00fdm na kvalitu; dodr\u017eujeme pln\u00fd soulad s normami kvality TS16949. Na\u0161e servisn\u00ed za\u0159\u00edzen\u00ed o rozloze 470 000 \u010dtvere\u010dn\u00edch stop je rozd\u011bleno mezi procesy zpracov\u00e1n\u00ed hlin\u00edku \/ zinku a sekund\u00e1rn\u00ed obr\u00e1b\u011bn\u00ed. Tato v\u00fdrobn\u00ed rozmanitost umo\u017e\u0148uje vz\u00edt si ty nejslo\u017eit\u011bj\u0161\u00ed sou\u010d\u00e1sti a nechat si je dodat do v\u00fdrobn\u00edho z\u00e1vodu obr\u00e1b\u011bn\u00e9 na m\u00edru.<\/p>\n\n\n\n<h3 class=\"wp-block-heading\">R\u00e1d bych se o t\u011bchto specifick\u00fdch procesech odl\u00e9v\u00e1n\u00ed dozv\u011bd\u011bl v\u00edce:<\/h3>\n\n\n\n<ul class=\"wp-block-list\">\n<li><a href=\"\/cs\/die-casting-china\/tlakove-liti-hliniku\/\"><strong>Hlin\u00edkov\u00e9 slu\u017eby<\/strong><\/a><\/li>\n\n\n\n<li><a href=\"\/cs\/die-casting-china\/tlakove-liti-zinku\/\"><strong>Zinkov\u00e9 slu\u017eby<br><\/strong><\/a><\/li>\n\n\n\n<li><\/li>\n<\/ul>\n\n\n\n<figure class=\"wp-block-image aligncenter size-full\"><img fetchpriority=\"high\" decoding=\"async\" width=\"900\" height=\"500\" src=\"https:\/\/www.diecastingschina.com\/wp-content\/uploads\/2025\/02\/die-casting-machines.jpg\" alt=\"\" class=\"wp-image-653\" title=\"Tlakov\u00e9 odl\u00e9vac\u00ed stroje\" srcset=\"https:\/\/www.diecastingschina.com\/wp-content\/uploads\/2025\/02\/die-casting-machines.jpg 900w, https:\/\/www.diecastingschina.com\/wp-content\/uploads\/2025\/02\/die-casting-machines-300x167.jpg 300w, https:\/\/www.diecastingschina.com\/wp-content\/uploads\/2025\/02\/die-casting-machines-768x427.jpg 768w\" sizes=\"(max-width: 900px) 100vw, 900px\" \/><\/figure>\n\n\n\n<p><\/p>\n\n\n\n<p>Mezi hlavn\u00ed v\u00fdrobn\u00ed p\u0159ednosti na\u0161\u00ed spole\u010dnosti pat\u0159\u00ed tlakov\u00e9 odlitky pro hnac\u00ed \u00fastroj\u00ed nebo \u0159\u00edzen\u00ed pohybu v oblasti motor\u016f, p\u0159evodovek a elektroniky. Nap\u0159\u00edklad p\u0159evodovky pro t\u011b\u017ek\u00e9 p\u0159evodovky a pouzdra pro sn\u00edma\u010de, pl\u00e1\u0161t\u011b motor\u016f, hlin\u00edkov\u00e9 axi\u00e1ln\u00ed podlo\u017eky a statory pro m\u011bni\u010de to\u010div\u00e9ho momentu.<\/p>\n\n\n\n<figure class=\"wp-block-image aligncenter size-full\"><a href=\"\/cs\/kontaktni-tlakove-odlitky-cina\/\"><img decoding=\"async\" width=\"940\" height=\"80\" src=\"https:\/\/www.diecastingschina.com\/wp-content\/uploads\/2025\/02\/satisfaction.jpg\" alt=\"\" class=\"wp-image-652\" title=\"Tlakov\u00e9 odl\u00e9vac\u00ed stroje\" srcset=\"https:\/\/www.diecastingschina.com\/wp-content\/uploads\/2025\/02\/satisfaction.jpg 940w, https:\/\/www.diecastingschina.com\/wp-content\/uploads\/2025\/02\/satisfaction-300x26.jpg 300w, https:\/\/www.diecastingschina.com\/wp-content\/uploads\/2025\/02\/satisfaction-768x65.jpg 768w\" sizes=\"(max-width: 940px) 100vw, 940px\" \/><\/a><\/figure>","protected":false},"excerpt":{"rendered":"<p>Die casting is used to produce zinc and aluminum parts, by injecting molten material \u2013 under high pressure \u2013 into reusable steel molds (also known as dies). They can be designed to produce very complicated parts with pin point accuracy. Our die casting company manufactures parts with sharp definition, strong material integrity and smooth or [&hellip;]<\/p>\n","protected":false},"author":3,"featured_media":0,"parent":0,"menu_order":0,"comment_status":"closed","ping_status":"closed","template":"","meta":{"footnotes":""},"class_list":["post-645","page","type-page","status-publish","hentry"],"_links":{"self":[{"href":"https:\/\/www.diecastingschina.com\/cs\/wp-json\/wp\/v2\/pages\/645","targetHints":{"allow":["GET"]}}],"collection":[{"href":"https:\/\/www.diecastingschina.com\/cs\/wp-json\/wp\/v2\/pages"}],"about":[{"href":"https:\/\/www.diecastingschina.com\/cs\/wp-json\/wp\/v2\/types\/page"}],"author":[{"embeddable":true,"href":"https:\/\/www.diecastingschina.com\/cs\/wp-json\/wp\/v2\/users\/3"}],"replies":[{"embeddable":true,"href":"https:\/\/www.diecastingschina.com\/cs\/wp-json\/wp\/v2\/comments?post=645"}],"version-history":[{"count":0,"href":"https:\/\/www.diecastingschina.com\/cs\/wp-json\/wp\/v2\/pages\/645\/revisions"}],"wp:attachment":[{"href":"https:\/\/www.diecastingschina.com\/cs\/wp-json\/wp\/v2\/media?parent=645"}],"curies":[{"name":"wp","href":"https:\/\/api.w.org\/{rel}","templated":true}]}}